

{"id":1041,"date":"2022-04-22T11:35:25","date_gmt":"2022-04-22T04:35:25","guid":{"rendered":"https:\/\/bvndgiadinh.org.vn\/?page_id=1041"},"modified":"2026-02-12T15:20:57","modified_gmt":"2026-02-12T08:20:57","slug":"lien-he","status":"publish","type":"page","link":"https:\/\/bvndgiadinh.org.vn\/?page_id=1041","title":{"rendered":"Th\u00f4ng tin li\u00ean h\u1ec7"},"content":{"rendered":"\n<p class=\"has-text-align-center has-vivid-red-color has-text-color has-medium-font-size\"><strong>C\u1ea3m \u01a1n qu\u00fd kh\u00e1ch \u0111\u00e3 gh\u00e9 th\u0103m website ch\u00fang t\u00f4i. N\u1ebfu qu\u00fd b\u1ec7nh nh\u00e2n v\u00e0 kh\u00e1ch h\u00e0ng c\u00f3 b\u1ea5t k\u1ef3 th\u1eafc m\u1eafc ho\u1eb7c g\u00f3p \u00fd li\u00ean quan \u0111\u1ebfn c\u00e1c d\u1ecbch v\u1ee5 ch\u0103m s\u00f3c s\u1ee9c kh\u1ecfe, xin vui l\u00f2ng li\u00ean h\u1ec7 v\u1edbi ch\u00fang t\u00f4i.<\/strong><\/p>\n\n\n\n<div style=\"height:40px\" aria-hidden=\"true\" class=\"wp-block-spacer\"><\/div>\n\n\n\n<div class=\"wp-block-columns are-vertically-aligned-center is-layout-flex wp-container-core-columns-is-layout-9d6595d7 wp-block-columns-is-layout-flex\">\n<div class=\"wp-block-column is-vertically-aligned-center is-layout-flow wp-block-column-is-layout-flow\">\n<div class=\"wp-block-ive-icon ive-svg-icons-block ive-svg-icons_226359-ed  justify-content-xl-center justify-content-lg-center justify-content-sm-center justify-content-center\"><div class=\"ive-svg-style-stacked ive-svg-icon-wrap ive-svg-item-0 ive-svg-icon-margin\"><a href=\"tel:19008116\" target=\"_self\" rel=\"noopener\"><div class=\"ive-svg-icon-link ive_icon_main_parent ive_icon_parent_icon_padding0\" target=\"_self\"><i class=\"ive_icon_parent0 fas fa-phone ive_icon_parent_icon_size0\"><\/i><\/div><\/a><\/div><\/div>\n\n\n\n<div class=\"wp-block-group alignfull\"><div class=\"wp-block-group__inner-container is-layout-flow wp-block-group-is-layout-flow\">\n<h3 class=\"wp-block-heading alignfull has-text-align-center has-ast-global-color-2-color has-text-color\"><strong>Li\u00ean h\u1ec7<\/strong><\/h3>\n\n\n\n<p class=\"has-text-align-center\">19008116<\/p>\n<\/div><\/div>\n<\/div>\n\n\n\n<div class=\"wp-block-column is-vertically-aligned-center is-layout-flow wp-block-column-is-layout-flow\">\n<div class=\"wp-block-ive-icon ive-svg-icons-block ive-svg-icons_39b8c8-94  justify-content-xl-center justify-content-lg-center justify-content-sm-center justify-content-center\"><div class=\"ive-svg-style-stacked ive-svg-icon-wrap ive-svg-item-0 ive-svg-icon-margin\"><a href=\"mailto:info@bvndgiadinh.org.vn\" target=\"_self\" rel=\"noopener\"><div class=\"ive-svg-icon-link ive_icon_main_parent ive_icon_parent_icon_padding0\" target=\"_self\"><i class=\"ive_icon_parent0 fas fa-address-card ive_icon_parent_icon_size0\"><\/i><\/div><\/a><\/div><\/div>\n\n\n\n<div class=\"wp-block-group alignfull\"><div class=\"wp-block-group__inner-container is-layout-flow wp-block-group-is-layout-flow\">\n<h3 class=\"wp-block-heading alignfull has-text-align-center has-ast-global-color-2-color has-text-color\"><strong><strong>Email<\/strong><\/strong><\/h3>\n\n\n\n<p class=\"has-text-align-center\">info@bvndgiadinh.org.vn<\/p>\n<\/div><\/div>\n<\/div>\n\n\n\n<div class=\"wp-block-column is-vertically-aligned-center is-layout-flow wp-block-column-is-layout-flow\">\n<div class=\"wp-block-ive-icon ive-svg-icons-block ive-svg-icons_daf86c-f8  justify-content-xl-center justify-content-lg-center justify-content-sm-center justify-content-center\"><div class=\"ive-svg-style-stacked ive-svg-icon-wrap ive-svg-item-0 ive-svg-icon-margin\"><a href=\"https:\/\/goo.gl\/maps\/Mx7HdVQtnXMj1cvk7\" target=\"_self\" rel=\"noopener\"><div class=\"ive-svg-icon-link ive_icon_main_parent ive_icon_parent_icon_padding0\" target=\"_self\"><i class=\"ive_icon_parent0 fas fa-map-signs ive_icon_parent_icon_size0\"><\/i><\/div><\/a><\/div><\/div>\n\n\n\n<h3 class=\"wp-block-heading alignfull has-text-align-center has-ast-global-color-2-color has-text-color\"><strong>\u0110\u1ecba ch\u1ec9<\/strong><\/h3>\n\n\n\n<h6 class=\"wp-block-heading has-text-align-center has-ast-global-color-2-color has-text-color has-medium-font-size\">01 N\u01a1 Trang Long, Ph\u01b0\u1eddng Gia \u0110\u1ecbnh, TP.HCM<\/h6>\n<\/div>\n\n\n\n<div class=\"wp-block-column is-vertically-aligned-center is-layout-flow wp-block-column-is-layout-flow\">\n<div class=\"wp-block-ive-icon ive-svg-icons-block ive-svg-icons_8be3bd-6f  justify-content-xl-center justify-content-lg-center justify-content-sm-center justify-content-center\"><div class=\"ive-svg-style-stacked ive-svg-icon-wrap ive-svg-item-0 ive-svg-icon-margin\"><a href=\"https:\/\/bvndgiadinh.org.vn\/?page_id=9829\" target=\"_blank\" rel=\"noopener\"><div class=\"ive-svg-icon-link ive_icon_main_parent ive_icon_parent_icon_padding0\" target=\"_blank\"><i class=\"ive_icon_parent0 fas fa-question-circle ive_icon_parent_icon_size0\"><\/i><\/div><\/a><\/div><\/div>\n\n\n\n<h3 class=\"wp-block-heading alignwide has-text-align-center has-ast-global-color-2-color has-text-color\"><a href=\"https:\/\/bvndgiadinh.org.vn\/?page_id=9829\" target=\"_blank\" rel=\"noopener\" title=\"\"><strong>H\u1ecfi v\u00e0 \u0110\u00e1p<\/strong><\/a><\/h3>\n<\/div>\n<\/div>\n\n\n\n<div class=\"wp-block-ive-google-map alignnone ive_google_map_b92998-b6\"><div id=\"overlay\" style=\"cursor:pointer\"><\/div><div class=\"ive-google-map__wrap\" id=\"ive-google-map-83b92998-b662-4396-ba86-0a72ea61644b\"><iframe class=\"ive-google-map__iframe\" src=\"https:\/\/maps.google.com\/maps?q=01%20n%C6%A1%20trang%20long%20ph%C6%B0%E1%BB%9Dng&amp;t=&amp;z=18&amp;ie=UTF8&amp;iwloc=&amp;output=embed\" style=\"height:500px;width:100%;opacity:1\"><\/iframe><\/div><\/div>\n","protected":false},"excerpt":{"rendered":"<p>C\u1ea3m \u01a1n qu\u00fd kh\u00e1ch \u0111\u00e3 gh\u00e9 th\u0103m website ch\u00fang t\u00f4i. N\u1ebfu qu\u00fd b\u1ec7nh nh\u00e2n v\u00e0 kh\u00e1ch h\u00e0ng c\u00f3 b\u1ea5t k\u1ef3 th\u1eafc m\u1eafc ho\u1eb7c g\u00f3p \u00fd li\u00ean quan \u0111\u1ebfn c\u00e1c d\u1ecbch v\u1ee5 ch\u0103m s\u00f3c s\u1ee9c kh\u1ecfe, xin vui l\u00f2ng li\u00ean h\u1ec7 v\u1edbi ch\u00fang t\u00f4i. Li\u00ean h\u1ec7 19008116 Email info@bvndgiadinh.org.vn \u0110\u1ecba ch\u1ec9 01 N\u01a1 Trang Long, Ph\u01b0\u1eddng [&hellip;]<\/p>\n","protected":false},"author":1,"featured_media":0,"parent":0,"menu_order":0,"comment_status":"closed","ping_status":"closed","template":"","meta":{"_regular_price":[],"currency_symbol":[],"inline_featured_image":false,"_uag_custom_page_level_css":"","_monsterinsights_skip_tracking":false,"_monsterinsights_sitenote_active":false,"_monsterinsights_sitenote_note":"","_monsterinsights_sitenote_category":0,"footnotes":""},"class_list":["post-1041","page","type-page","status-publish","hentry"],"aioseo_notices":[],"post_slider_layout_featured_media_urls":{"thumbnail":"","post_slider_layout_landscape_large":"","post_slider_layout_portrait_large":"","post_slider_layout_square_large":"","post_slider_layout_landscape":"","post_slider_layout_portrait":"","post_slider_layout_square":"","full":""},"uagb_featured_image_src":{"full":false,"thumbnail":false,"medium":false,"medium_large":false,"large":false,"PVGM_gallery_admin_thumb":false,"PVGM_gallery_admin_circle":false,"PVGM_gallery_admin_medium":false,"1536x1536":false,"2048x2048":false,"post_slider_layout_landscape_large":false,"post_slider_layout_portrait_large":false,"post_slider_layout_square_large":false,"post_slider_layout_landscape":false,"post_slider_layout_portrait":false,"post_slider_layout_square":false,"ultp_layout_landscape_large":false,"ultp_layout_landscape":false,"ultp_layout_portrait":false,"ultp_layout_square":false,"elixar_section_extra_thumb":false,"elixar_gallery_thumb":false,"elixar_blog_home_thumb":false,"elixar_blog_full_thumb":false,"elixar_blog_sidebar_thumb":false,"woocommerce_thumbnail":false,"woocommerce_single":false,"woocommerce_gallery_thumbnail":false},"uagb_author_info":{"display_name":"quantri","author_link":"https:\/\/bvndgiadinh.org.vn\/?author=1"},"uagb_comment_info":0,"uagb_excerpt":"C\u1ea3m \u01a1n qu\u00fd kh\u00e1ch \u0111\u00e3 gh\u00e9 th\u0103m website ch\u00fang t\u00f4i. N\u1ebfu qu\u00fd b\u1ec7nh nh\u00e2n v\u00e0 kh\u00e1ch h\u00e0ng c\u00f3 b\u1ea5t k\u1ef3 th\u1eafc m\u1eafc ho\u1eb7c g\u00f3p \u00fd li\u00ean quan \u0111\u1ebfn c\u00e1c d\u1ecbch v\u1ee5 ch\u0103m s\u00f3c s\u1ee9c kh\u1ecfe, xin vui l\u00f2ng li\u00ean h\u1ec7 v\u1edbi ch\u00fang t\u00f4i. Li\u00ean h\u1ec7 19008116 Email info@bvndgiadinh.org.vn \u0110\u1ecba ch\u1ec9 01 N\u01a1 Trang Long, Ph\u01b0\u1eddng&hellip;","_links":{"self":[{"href":"https:\/\/bvndgiadinh.org.vn\/index.php?rest_route=\/wp\/v2\/pages\/1041","targetHints":{"allow":["GET"]}}],"collection":[{"href":"https:\/\/bvndgiadinh.org.vn\/index.php?rest_route=\/wp\/v2\/pages"}],"about":[{"href":"https:\/\/bvndgiadinh.org.vn\/index.php?rest_route=\/wp\/v2\/types\/page"}],"author":[{"embeddable":true,"href":"https:\/\/bvndgiadinh.org.vn\/index.php?rest_route=\/wp\/v2\/users\/1"}],"replies":[{"embeddable":true,"href":"https:\/\/bvndgiadinh.org.vn\/index.php?rest_route=%2Fwp%2Fv2%2Fcomments&post=1041"}],"version-history":[{"count":7,"href":"https:\/\/bvndgiadinh.org.vn\/index.php?rest_route=\/wp\/v2\/pages\/1041\/revisions"}],"predecessor-version":[{"id":13606,"href":"https:\/\/bvndgiadinh.org.vn\/index.php?rest_route=\/wp\/v2\/pages\/1041\/revisions\/13606"}],"wp:attachment":[{"href":"https:\/\/bvndgiadinh.org.vn\/index.php?rest_route=%2Fwp%2Fv2%2Fmedia&parent=1041"}],"curies":[{"name":"wp","href":"https:\/\/api.w.org\/{rel}","templated":true}]}}