

{"id":1448,"date":"2022-05-30T10:01:43","date_gmt":"2022-05-30T03:01:43","guid":{"rendered":"https:\/\/bvndgiadinh.org.vn\/?page_id=1448"},"modified":"2026-02-13T21:42:59","modified_gmt":"2026-02-13T14:42:59","slug":"dang-ky-kham-benh","status":"publish","type":"page","link":"https:\/\/bvndgiadinh.org.vn\/?page_id=1448","title":{"rendered":"\u0110\u0103ng k\u00fd kh\u00e1m b\u1ec7nh"},"content":{"rendered":"\n<p>Hi\u1ec7n t\u1ea1i b\u1ec7nh vi\u1ec7n \u0111\u00e3 tri\u1ec3n khai \u0111\u0103ng k\u00fd kh\u00e1m b\u1ec7nh tr\u1ef1c tuy\u1ebfn qua \u1ee9ng d\u1ee5ng di \u0111\u1ed9ng nh\u1eb1m \u0111\u00e1p \u1ee9ng nhu c\u1ea7u ng\u01b0\u1eddi b\u1ec7nh.<\/p>\n\n\n\n<p>Qu\u00ed v\u1ecb vui l\u00f2ng t\u1ea3i v\u00e0 d\u00f9ng \u1ee9ng d\u1ee5ng tr\u1ef1c tuy\u1ebfn theo c\u00e1c b\u01b0\u1edbc sau:<\/p>\n\n\n\n<p><\/p>\n\n\n\n<p>B\u01b0\u1edbc 1: Tu\u1ef3 h\u1ec7 \u0111i\u1ec1u h\u00e0nh c\u1ee7a thi\u1ebft b\u1ecb di \u0111\u1ed9ng, ch\u1ecdn \u0111\u01b0\u1eddng d\u1eabn hay qu\u00e9t m\u00e3 QR \u0111\u1ec3 t\u1ea3i \u1ee9ng d\u1ee5ng \u0111\u0103ng k\u00fd kh\u00e1m b\u1ec7nh theo y\u00eau c\u1ea7u.<\/p>\n\n\n\n<figure class=\"wp-block-table\"><table><tbody><tr><th>Thi\u1ebft b\u1ecb s\u1eed d\u1ee5ng h\u1ec7 \u0111i\u1ec1u h\u00e0nh Android<\/th><th>Thi\u1ebft b\u1ecb s\u1eed d\u1ee5ng h\u1ec7 \u0111i\u1ec1u h\u00e0nh iOS<\/th><\/tr><tr><td>-Truy c\u1eadp \u0111\u01b0\u1eddng d\u1eabn:\u00a0<a href=\"https:\/\/play.google.com\/store\/apps\/details?id=vn.com.medpro.bvndgiadinh\" title=\"\"><em>Nh\u1ea5n v\u00e0o \u0111\u00e2y<\/em><\/a><br><a href=\"https:\/\/play.google.com\/store\/apps\/details?id=vn.com.medpro.bvndgiadinh\" title=\"\">https:\/\/play.google.com\/store\/apps\/details?id=vn.com.medpro.bvndgiadinh<\/a><br><\/td><td><br>-Truy c\u1eadp \u0111\u01b0\u1eddng d\u1eabn:<a href=\"https:\/\/apps.apple.com\/gb\/app\/ndg\u0111-\u0111\u1eb7t-l\u1ecbch-kh\u00e1m-ch\u1eefa-b\u1ec7nh\/id6741556151\" title=\"\"><em>Nh\u1ea5n v\u00e0o \u0111\u00e2y<\/em><\/a><br><a href=\"https:\/\/apps.apple.com\/gb\/app\/ndg\u0111-\u0111\u1eb7t-l\u1ecbch-kh\u00e1m-ch\u1eefa-b\u1ec7nh\/id6741556151\">https:\/\/apps.apple.com\/gb\/app\/ndg\u0111-\u0111\u1eb7t-l\u1ecbch-kh\u00e1m-ch\u1eefa-b\u1ec7nh\/id6741556151<\/a><br><br><\/td><\/tr><\/tbody><\/table><\/figure>\n\n\n\n<p>B\u01b0\u1edbc 2: \u0110\u0103ng k\u00ed t\u00e0i kho\u1ea3n c\u1ee7a b\u1ec7nh nh\u00e2n.<\/p>\n\n\n\n<p>B\u01b0\u1edbc 3: \u0110\u0103ng nh\u1eadp t\u00e0i kho\u1ea3n v\u00e0 \u0111\u1eb7t l\u1ecbch, m\u1eb7t b\u1ec7nh \u0111\u0103ng k\u00fd kh\u00e1m.<\/p>\n\n\n\n<p>Th\u00f4ng tin chi ti\u1ebft vui l\u00f2ng xem file \u0111inh k\u00e8m!<\/p>\n\n\n\n<p>P\/S: H\u01b0\u1edbng d\u1eabn s\u1eed d\u1ee5ng ph\u1ea7n m\u1ec1m:&nbsp;<em><a href=\"https:\/\/medpro.vn\/s\/huong-dan-dat-kham-benh-vien-nhan-dan-gia-dinh\" target=\"_blank\" rel=\"noopener\" title=\"\">Xem chi ti\u1ebft<\/a><\/em><\/p>\n\n\n\n<p><a href=\"https:\/\/medpro.vn\/s\/huong-dan-dat-kham-benh-vien-nhan-dan-gia-dinh\">https:\/\/medpro.vn\/s\/huong-dan-dat-kham-benh-vien-nhan-dan-gia-dinh<\/a><\/p>\n\n\n\n<p><\/p>\n","protected":false},"excerpt":{"rendered":"<p>Hi\u1ec7n t\u1ea1i b\u1ec7nh vi\u1ec7n \u0111\u00e3 tri\u1ec3n khai \u0111\u0103ng k\u00fd kh\u00e1m b\u1ec7nh tr\u1ef1c tuy\u1ebfn qua \u1ee9ng d\u1ee5ng di \u0111\u1ed9ng nh\u1eb1m \u0111\u00e1p \u1ee9ng nhu c\u1ea7u ng\u01b0\u1eddi b\u1ec7nh. Qu\u00ed v\u1ecb vui l\u00f2ng t\u1ea3i v\u00e0 d\u00f9ng \u1ee9ng d\u1ee5ng tr\u1ef1c tuy\u1ebfn theo c\u00e1c b\u01b0\u1edbc sau: B\u01b0\u1edbc 1: Tu\u1ef3 h\u1ec7 \u0111i\u1ec1u h\u00e0nh c\u1ee7a thi\u1ebft b\u1ecb di \u0111\u1ed9ng, ch\u1ecdn \u0111\u01b0\u1eddng d\u1eabn hay [&hellip;]<\/p>\n","protected":false},"author":1,"featured_media":0,"parent":0,"menu_order":0,"comment_status":"closed","ping_status":"closed","template":"","meta":{"_regular_price":[],"currency_symbol":[],"inline_featured_image":false,"_uag_custom_page_level_css":"","_monsterinsights_skip_tracking":false,"_monsterinsights_sitenote_active":false,"_monsterinsights_sitenote_note":"","_monsterinsights_sitenote_category":0,"footnotes":""},"class_list":["post-1448","page","type-page","status-publish","hentry"],"aioseo_notices":[],"post_slider_layout_featured_media_urls":{"thumbnail":"","post_slider_layout_landscape_large":"","post_slider_layout_portrait_large":"","post_slider_layout_square_large":"","post_slider_layout_landscape":"","post_slider_layout_portrait":"","post_slider_layout_square":"","full":""},"uagb_featured_image_src":{"full":false,"thumbnail":false,"medium":false,"medium_large":false,"large":false,"PVGM_gallery_admin_thumb":false,"PVGM_gallery_admin_circle":false,"PVGM_gallery_admin_medium":false,"1536x1536":false,"2048x2048":false,"post_slider_layout_landscape_large":false,"post_slider_layout_portrait_large":false,"post_slider_layout_square_large":false,"post_slider_layout_landscape":false,"post_slider_layout_portrait":false,"post_slider_layout_square":false,"ultp_layout_landscape_large":false,"ultp_layout_landscape":false,"ultp_layout_portrait":false,"ultp_layout_square":false,"elixar_section_extra_thumb":false,"elixar_gallery_thumb":false,"elixar_blog_home_thumb":false,"elixar_blog_full_thumb":false,"elixar_blog_sidebar_thumb":false,"woocommerce_thumbnail":false,"woocommerce_single":false,"woocommerce_gallery_thumbnail":false},"uagb_author_info":{"display_name":"quantri","author_link":"https:\/\/bvndgiadinh.org.vn\/?author=1"},"uagb_comment_info":0,"uagb_excerpt":"Hi\u1ec7n t\u1ea1i b\u1ec7nh vi\u1ec7n \u0111\u00e3 tri\u1ec3n khai \u0111\u0103ng k\u00fd kh\u00e1m b\u1ec7nh tr\u1ef1c tuy\u1ebfn qua \u1ee9ng d\u1ee5ng di \u0111\u1ed9ng nh\u1eb1m \u0111\u00e1p \u1ee9ng nhu c\u1ea7u ng\u01b0\u1eddi b\u1ec7nh. Qu\u00ed v\u1ecb vui l\u00f2ng t\u1ea3i v\u00e0 d\u00f9ng \u1ee9ng d\u1ee5ng tr\u1ef1c tuy\u1ebfn theo c\u00e1c b\u01b0\u1edbc sau: B\u01b0\u1edbc 1: Tu\u1ef3 h\u1ec7 \u0111i\u1ec1u h\u00e0nh c\u1ee7a thi\u1ebft b\u1ecb di \u0111\u1ed9ng, ch\u1ecdn \u0111\u01b0\u1eddng d\u1eabn hay&hellip;","_links":{"self":[{"href":"https:\/\/bvndgiadinh.org.vn\/index.php?rest_route=\/wp\/v2\/pages\/1448","targetHints":{"allow":["GET"]}}],"collection":[{"href":"https:\/\/bvndgiadinh.org.vn\/index.php?rest_route=\/wp\/v2\/pages"}],"about":[{"href":"https:\/\/bvndgiadinh.org.vn\/index.php?rest_route=\/wp\/v2\/types\/page"}],"author":[{"embeddable":true,"href":"https:\/\/bvndgiadinh.org.vn\/index.php?rest_route=\/wp\/v2\/users\/1"}],"replies":[{"embeddable":true,"href":"https:\/\/bvndgiadinh.org.vn\/index.php?rest_route=%2Fwp%2Fv2%2Fcomments&post=1448"}],"version-history":[{"count":4,"href":"https:\/\/bvndgiadinh.org.vn\/index.php?rest_route=\/wp\/v2\/pages\/1448\/revisions"}],"predecessor-version":[{"id":13680,"href":"https:\/\/bvndgiadinh.org.vn\/index.php?rest_route=\/wp\/v2\/pages\/1448\/revisions\/13680"}],"wp:attachment":[{"href":"https:\/\/bvndgiadinh.org.vn\/index.php?rest_route=%2Fwp%2Fv2%2Fmedia&parent=1448"}],"curies":[{"name":"wp","href":"https:\/\/api.w.org\/{rel}","templated":true}]}}