

{"id":1707,"date":"2022-06-14T09:10:32","date_gmt":"2022-06-14T02:10:32","guid":{"rendered":"https:\/\/bvndgiadinh.org.vn\/?page_id=1707"},"modified":"2022-06-14T14:01:36","modified_gmt":"2022-06-14T07:01:36","slug":"employee-search","status":"publish","type":"page","link":"https:\/\/bvndgiadinh.org.vn\/?page_id=1707","title":{"rendered":"T\u00ecm B\u00e1c S\u0129"},"content":{"rendered":"<div style='position:relative;' id='search_employees-search' class='emd-form emd-container'><form id='search_employees' action='\/index.php?rest_route=%2Fwp%2Fv2%2Fpages%2F1707' method='post' class='emd-form-container emd-form-horizontal'><input type='hidden' value='search_employees' name='form_name' id='form_name_0'><input type='hidden' value='1706' name='emd_form_id' id='emd_form_id_0'><input type='hidden' value='empd_com' name='emd_app' id='emd_app_0'><input type='hidden' value='emd_employee' name='emd_ent' id='emd_ent_0'><input type='hidden' value='0' name='emd_step' id='emd_step_0'><input type=\"hidden\" id=\"search_employees_0_nonce\" name=\"search_employees_0_nonce\" value=\"f870afb707\" \/><input type=\"hidden\" name=\"_wp_http_referer\" value=\"\/index.php?rest_route=%2Fwp%2Fv2%2Fpages%2F1707\" \/><div class=\"emd-form-row emd-row emd-ahp-row\"><div class=\"emd-form-field emd-col emd-md-12 emd-sm-12 emd-xs-12\" data-field=\"name\"><div class=\"emd-form-group\"><label class=\"emd-control-label name\" for=\"name\"><span id=\"label_name\">Name<\/span><span class=\"emd-fieldicons-wrap\">\n\t\t<a data-html=\"true\" href=\"#\" tabindex=-1 data-toggle=\"tooltip\" style=\"display:none;\" id=\"info_name\" class=\"helptip\">\n\t\t<span class=\"field-icons info\"><\/span><\/a><a href=\"#\" data-html=\"true\" tabindex=-1 data-toggle=\"tooltip\" title=\"Name field is required\" id=\"req_name\" class=\"helptip\" style=\"display:none;\">\n\t\t<span class=\"field-icons required\"><\/span>\n\t\t<\/a>\n\t\t<\/span>\n\t\t<\/label><input type=\"text\" name=\"search_employees0_name\" id=\"search_employees0_name\" class=\"text emd-ahp emd-input-md emd-form-control\" autocomplete=\"off\"\/><\/div><\/div><\/div><div class=\"emd-form-row emd-row\"><div class=\"emd-form-field emd-col emd-md-12 emd-sm-12 emd-xs-12\" data-field=\"blt_title\"><div class=\"emd-form-group\"><label class=\"emd-control-label blt_title\" for=\"blt_title\"><span id=\"label_blt_title\">T\u00ean B\u00e1c S\u0129<\/span><span class=\"emd-fieldicons-wrap\">\n\t\t<a data-html=\"true\" href=\"#\" tabindex=-1 data-toggle=\"tooltip\" title=\"T\u00ean B\u00e1c S\u0129\" id=\"info_blt_title\" class=\"helptip\">\n\t\t<span class=\"field-icons info\"><\/span><\/a><a href=\"#\" data-html=\"true\" tabindex=-1 data-toggle=\"tooltip\" title=\"T\u00ean B\u00e1c S\u0129 field is required\" id=\"req_blt_title\" class=\"helptip\" style=\"display:none;\">\n\t\t<span class=\"field-icons required\"><\/span>\n\t\t<\/a>\n\t\t<\/span>\n\t\t<\/label><input type=\"text\" name=\"blt_title\" id=\"blt_title\" class=\"text emd-input-md emd-form-control\" placeholder=\"T\u00ean B\u00e1c S\u0129\"\/><\/div><\/div><\/div><div class=\"emd-form-row emd-row\"><div class=\"emd-form-field emd-col emd-md-12 emd-sm-12 emd-xs-12\" data-field=\"marital_status\"><div class=\"emd-form-group\"><label class=\"emd-control-label marital_status\" for=\"marital_status\"><span id=\"label_marital_status\">H\u1ecdc h\u00e0m<\/span><span class=\"emd-fieldicons-wrap\">\n\t\t<a data-html=\"true\" href=\"#\" tabindex=-1 data-toggle=\"tooltip\" title=\"H\u1ecdc h\u00e0m\" id=\"info_marital_status\" class=\"helptip\">\n\t\t<span class=\"field-icons info\"><\/span><\/a><a href=\"#\" data-html=\"true\" tabindex=-1 data-toggle=\"tooltip\" title=\"H\u1ecdc h\u00e0m field is required\" id=\"req_marital_status\" class=\"helptip\" style=\"display:none;\">\n\t\t<span class=\"field-icons required\"><\/span>\n\t\t<\/a>\n\t\t<\/span>\n\t\t<\/label><select name=\"marital_status[]\" id=\"marital_status\" class=\"emd-input-md emd-form-control emd-select\"  multiple placeholder=\"H\u1ecdc h\u00e0m\" data-options=\"{\\\"allowClear\\\":true}\"><option value=\"_\">_<\/option><option value=\"giao-su\">Gi\u00e1o S\u01b0<\/option><option value=\"pho-giao-su\">Ph\u00f3 Gi\u00e1o S\u01b0<\/option><\/select><\/div><\/div><\/div><div class=\"emd-form-row emd-row\"><div class=\"emd-form-field emd-col emd-md-12 emd-sm-12 emd-xs-12\" data-field=\"jobtitles\"><div class=\"emd-form-group\"><label class=\"emd-control-label jobtitles\" for=\"jobtitles\"><span id=\"label_jobtitles\">H\u1ecdc v\u1ecb<\/span><span class=\"emd-fieldicons-wrap\">\n\t\t<a data-html=\"true\" href=\"#\" tabindex=-1 data-toggle=\"tooltip\" title=\"H\u1ecdc v\u1ecb\" id=\"info_jobtitles\" class=\"helptip\">\n\t\t<span class=\"field-icons info\"><\/span><\/a><a href=\"#\" data-html=\"true\" tabindex=-1 data-toggle=\"tooltip\" title=\"H\u1ecdc v\u1ecb field is required\" id=\"req_jobtitles\" class=\"helptip\" style=\"display:none;\">\n\t\t<span class=\"field-icons required\"><\/span>\n\t\t<\/a>\n\t\t<\/span>\n\t\t<\/label><select name=\"jobtitles[]\" id=\"jobtitles\" class=\"emd-input-md emd-form-control emd-select\"  multiple placeholder=\"H\u1ecdc v\u1ecb\" data-options=\"{\\\"allowClear\\\":true}\"><option value=\"_\">_<\/option><option value=\"chuyen-khoa-1\">Chuy\u00ean Khoa 1<\/option><option value=\"chuyen-khoa-2\">Chuy\u00ean Khoa 2<\/option><option value=\"thac-si\">Th\u1ea1c S\u0129<\/option><option value=\"tien-si\">Ti\u1ebfn S\u0129<\/option><\/select><\/div><\/div><\/div><div class=\"emd-form-row emd-row\"><div class=\"emd-form-field emd-col emd-md-12 emd-sm-12 emd-xs-12\" data-field=\"departments\"><div class=\"emd-form-group\"><label class=\"emd-control-label departments\" for=\"departments\"><span id=\"label_departments\">Chuy\u00ean Khoa<\/span><span class=\"emd-fieldicons-wrap\">\n\t\t<a data-html=\"true\" href=\"#\" tabindex=-1 data-toggle=\"tooltip\" title=\"Chuy\u00ean Khoa\" id=\"info_departments\" class=\"helptip\">\n\t\t<span class=\"field-icons info\"><\/span><\/a><a href=\"#\" data-html=\"true\" tabindex=-1 data-toggle=\"tooltip\" title=\"Chuy\u00ean Khoa field is required\" id=\"req_departments\" class=\"helptip\" style=\"display:none;\">\n\t\t<span class=\"field-icons required\"><\/span>\n\t\t<\/a>\n\t\t<\/span>\n\t\t<\/label><select name=\"departments[]\" id=\"departments\" class=\"emd-input-md emd-form-control emd-select\"  multiple placeholder=\"Chuy\u00ean Khoa\" data-options=\"{\\\"allowClear\\\":true}\"><option value=\"da-khoa\">\u0110a Khoa<\/option><option value=\"ngoai\">Ngo\u1ea1i<\/option><option value=\"nhi\">Nhi<\/option><option value=\"noi\">N\u1ed9i<\/option><option value=\"san\">S\u1ea3n<\/option><\/select><\/div><\/div><\/div><div class=\"emd-row emd-form-submit-row\"><button class='emd-form-search emd-btn emd-btn-info emd-btn-large emd-btn-block' type='submit' value='submit' name='submit_search_employees'><i class='fa fa-fw fas fa-search' aria-hidden='true'><\/i>Search<\/button><\/div><\/form><\/div><!--container-end-->\n","protected":false},"excerpt":{"rendered":"","protected":false},"author":1,"featured_media":0,"parent":0,"menu_order":0,"comment_status":"closed","ping_status":"closed","template":"","meta":{"_regular_price":[],"currency_symbol":[],"inline_featured_image":false,"_uag_custom_page_level_css":"","_monsterinsights_skip_tracking":false,"_monsterinsights_sitenote_active":false,"_monsterinsights_sitenote_note":"","_monsterinsights_sitenote_category":0,"footnotes":""},"class_list":["post-1707","page","type-page","status-publish","hentry"],"aioseo_notices":[],"post_slider_layout_featured_media_urls":{"thumbnail":"","post_slider_layout_landscape_large":"","post_slider_layout_portrait_large":"","post_slider_layout_square_large":"","post_slider_layout_landscape":"","post_slider_layout_portrait":"","post_slider_layout_square":"","full":""},"uagb_featured_image_src":{"full":false,"thumbnail":false,"medium":false,"medium_large":false,"large":false,"PVGM_gallery_admin_thumb":false,"PVGM_gallery_admin_circle":false,"PVGM_gallery_admin_medium":false,"1536x1536":false,"2048x2048":false,"post_slider_layout_landscape_large":false,"post_slider_layout_portrait_large":false,"post_slider_layout_square_large":false,"post_slider_layout_landscape":false,"post_slider_layout_portrait":false,"post_slider_layout_square":false,"ultp_layout_landscape_large":false,"ultp_layout_landscape":false,"ultp_layout_portrait":false,"ultp_layout_square":false,"elixar_section_extra_thumb":false,"elixar_gallery_thumb":false,"elixar_blog_home_thumb":false,"elixar_blog_full_thumb":false,"elixar_blog_sidebar_thumb":false,"woocommerce_thumbnail":false,"woocommerce_single":false,"woocommerce_gallery_thumbnail":false},"uagb_author_info":{"display_name":"quantri","author_link":"https:\/\/bvndgiadinh.org.vn\/?author=1"},"uagb_comment_info":0,"uagb_excerpt":null,"_links":{"self":[{"href":"https:\/\/bvndgiadinh.org.vn\/index.php?rest_route=\/wp\/v2\/pages\/1707","targetHints":{"allow":["GET"]}}],"collection":[{"href":"https:\/\/bvndgiadinh.org.vn\/index.php?rest_route=\/wp\/v2\/pages"}],"about":[{"href":"https:\/\/bvndgiadinh.org.vn\/index.php?rest_route=\/wp\/v2\/types\/page"}],"author":[{"embeddable":true,"href":"https:\/\/bvndgiadinh.org.vn\/index.php?rest_route=\/wp\/v2\/users\/1"}],"replies":[{"embeddable":true,"href":"https:\/\/bvndgiadinh.org.vn\/index.php?rest_route=%2Fwp%2Fv2%2Fcomments&post=1707"}],"version-history":[{"count":0,"href":"https:\/\/bvndgiadinh.org.vn\/index.php?rest_route=\/wp\/v2\/pages\/1707\/revisions"}],"wp:attachment":[{"href":"https:\/\/bvndgiadinh.org.vn\/index.php?rest_route=%2Fwp%2Fv2%2Fmedia&parent=1707"}],"curies":[{"name":"wp","href":"https:\/\/api.w.org\/{rel}","templated":true}]}}