

{"id":1945,"date":"2023-04-18T16:07:30","date_gmt":"2023-04-18T09:07:30","guid":{"rendered":"https:\/\/bvndgiadinh.org.vn\/?page_id=1945"},"modified":"2025-10-08T09:25:16","modified_gmt":"2025-10-08T02:25:16","slug":"cac-goi-kham-suc-khoe-tai-benh-vien-nhan-dan-gia-dinh","status":"publish","type":"page","link":"https:\/\/bvndgiadinh.org.vn\/?page_id=1945","title":{"rendered":"C\u00e1c g\u00f3i kh\u00e1m s\u1ee9c kho\u1ebb t\u1ea1i b\u1ec7nh vi\u1ec7n Nh\u00e2n D\u00e2n Gia \u0110\u1ecbnh"},"content":{"rendered":"\n<div class=\"wp-block-ive-accordion alignnone\"><div class=\"ive-accordion-wrap ive-accordion-wrap ive-accordion-_42514b-75 ive-accordion-has-13-panes ive-active-pane-0 ive-accordion-block ive-pane-header-alignment-left ive-accodion-icon-style-basic ive-accodion-icon-side-right\"><div class=\"ive-accordion-inner-wrap ive-start-active-pane-1 ive-accordion-_42514b-75 ive-accodion-icon-style-basic ive-accodion-icon-side-right\" data-allow-multiple-open=\"false\" data-start-open=\"0\">\n<div class=\"wp-block-ive-pane ive-accordion-pane ive-accordion-pane-4 ive-pane_26128d-ce\"><div class=\"ive-accordion-header-wrap\"><button class=\"ive-blocks-accordion-header ive-acccordion-button-label-show d-flex justify-content-start justify-content-md-start ive-accordions-xl-center\"><span class=\"ive-blocks-accordion-title-wrap\"><span class=\"ive-blocks-accordion-title\"><strong>G\u00d3I KH\u00c1M S\u1ee8C KH\u1eceE T\u1ed4NG QU\u00c1T THEO Y\u00caU C\u1ea6U \u2013 G\u00d3I A<\/strong><\/span><\/span><span class=\"ive-blocks-accordion-icon-trigger\"><\/span><\/button><\/div><div class=\"ive-accordion-panel\"><div class=\"ive-accordion-panel-inner\"><div class=\"wp-block-image\">\n<figure class=\"aligncenter size-large\"><img loading=\"lazy\" decoding=\"async\" width=\"576\" height=\"1024\" src=\"https:\/\/bvndgiadinh.org.vn\/wp-content\/uploads\/2025\/10\/7.7-576x1024.jpg\" alt=\"\" class=\"wp-image-11946\" srcset=\"https:\/\/bvndgiadinh.org.vn\/wp-content\/uploads\/2025\/10\/7.7-576x1024.jpg 576w, https:\/\/bvndgiadinh.org.vn\/wp-content\/uploads\/2025\/10\/7.7-169x300.jpg 169w, https:\/\/bvndgiadinh.org.vn\/wp-content\/uploads\/2025\/10\/7.7-768x1365.jpg 768w, https:\/\/bvndgiadinh.org.vn\/wp-content\/uploads\/2025\/10\/7.7-864x1536.jpg 864w, https:\/\/bvndgiadinh.org.vn\/wp-content\/uploads\/2025\/10\/7.7-600x1067.jpg 600w, https:\/\/bvndgiadinh.org.vn\/wp-content\/uploads\/2025\/10\/7.7.jpg 1080w\" sizes=\"auto, (max-width: 576px) 100vw, 576px\" \/><\/figure><\/div>\n\n\n<div class=\"wp-block-group\"><div class=\"wp-block-group__inner-container is-layout-constrained wp-block-group-is-layout-constrained\"><a href=\"https:\/\/bvndgiadinh.org.vn\/wp-content\/uploads\/2023\/05\/1.GIOI-THIEU-GOI-A.pdf\" class=\"pdfemb-viewer\" style=\"\" data-width=\"max\" data-height=\"max\" data-toolbar=\"top\" data-toolbar-fixed=\"on\">1.GIOI-THIEU-GOI-A<\/a>\n<p class=\"wp-block-pdfemb-pdf-embedder-viewer\"><\/p>\n<\/div><\/div>\n<\/div><\/div><\/div>\n\n\n\n<div class=\"wp-block-ive-pane ive-accordion-pane ive-accordion-pane-5 ive-pane_4c1109-d1\"><div class=\"ive-accordion-header-wrap\"><button class=\"ive-blocks-accordion-header ive-acccordion-button-label-show d-flex justify-content-start justify-content-md-start ive-accordions-xl-center\"><span class=\"ive-blocks-accordion-title-wrap\"><span class=\"ive-blocks-accordion-title\"><strong>G\u00d3I KH\u00c1M S\u1ee8C KH\u1eceE N\u00c2NG CAO THEO Y\u00caU C\u1ea6U \u2013 G\u00d3I B<\/strong><\/span><\/span><span class=\"ive-blocks-accordion-icon-trigger\"><\/span><\/button><\/div><div class=\"ive-accordion-panel\"><div class=\"ive-accordion-panel-inner\"><div class=\"wp-block-image\">\n<figure class=\"aligncenter size-large\"><img loading=\"lazy\" decoding=\"async\" width=\"576\" height=\"1024\" src=\"https:\/\/bvndgiadinh.org.vn\/wp-content\/uploads\/2025\/10\/7.5-576x1024.jpg\" alt=\"\" class=\"wp-image-11947\" srcset=\"https:\/\/bvndgiadinh.org.vn\/wp-content\/uploads\/2025\/10\/7.5-576x1024.jpg 576w, https:\/\/bvndgiadinh.org.vn\/wp-content\/uploads\/2025\/10\/7.5-169x300.jpg 169w, https:\/\/bvndgiadinh.org.vn\/wp-content\/uploads\/2025\/10\/7.5-768x1365.jpg 768w, https:\/\/bvndgiadinh.org.vn\/wp-content\/uploads\/2025\/10\/7.5-864x1536.jpg 864w, https:\/\/bvndgiadinh.org.vn\/wp-content\/uploads\/2025\/10\/7.5-600x1067.jpg 600w, https:\/\/bvndgiadinh.org.vn\/wp-content\/uploads\/2025\/10\/7.5.jpg 1080w\" sizes=\"auto, (max-width: 576px) 100vw, 576px\" \/><\/figure><\/div>\n\n\n<div data-wp-interactive=\"core\/file\" class=\"wp-block-file\"><object data-wp-bind--hidden=\"!state.hasPdfPreview\" hidden class=\"wp-block-file__embed\" data=\"https:\/\/bvndgiadinh.org.vn\/wp-content\/uploads\/2023\/05\/2.GIOI-THIEU-GOI-B.pdf\" type=\"application\/pdf\" style=\"width:100%;height:600px\" aria-label=\"Nh\u00fang file PDF\"><\/object><a href=\"https:\/\/bvndgiadinh.org.vn\/wp-content\/uploads\/2023\/05\/2.GIOI-THIEU-GOI-B.pdf\" class=\"wp-block-file__button wp-element-button\" download>T\u1ea3i xu\u1ed1ng<\/a><\/div>\n<\/div><\/div><\/div>\n\n\n\n<div class=\"wp-block-ive-pane ive-accordion-pane ive-accordion-pane-6 ive-pane_620c45-51\"><div class=\"ive-accordion-header-wrap\"><button class=\"ive-blocks-accordion-header ive-acccordion-button-label-show d-flex justify-content-start justify-content-md-start ive-accordions-xl-start\"><span class=\"ive-blocks-accordion-title-wrap\"><span class=\"ive-blocks-accordion-title\"><strong>G\u00d3I KH\u00c1M S\u1ee8C KH\u1eceE CHUY\u00caN KHOA B\u1ec6NH L\u00dd TIM M\u1ea0CH \u2013 G\u00d3I C<\/strong><\/span><\/span><span class=\"ive-blocks-accordion-icon-trigger\"><\/span><\/button><\/div><div class=\"ive-accordion-panel\"><div class=\"ive-accordion-panel-inner\"><div class=\"wp-block-image\">\n<figure class=\"aligncenter size-large\"><img loading=\"lazy\" decoding=\"async\" width=\"576\" height=\"1024\" src=\"https:\/\/bvndgiadinh.org.vn\/wp-content\/uploads\/2025\/10\/7.3-576x1024.jpg\" alt=\"\" class=\"wp-image-11948\" srcset=\"https:\/\/bvndgiadinh.org.vn\/wp-content\/uploads\/2025\/10\/7.3-576x1024.jpg 576w, https:\/\/bvndgiadinh.org.vn\/wp-content\/uploads\/2025\/10\/7.3-169x300.jpg 169w, https:\/\/bvndgiadinh.org.vn\/wp-content\/uploads\/2025\/10\/7.3-768x1365.jpg 768w, https:\/\/bvndgiadinh.org.vn\/wp-content\/uploads\/2025\/10\/7.3-864x1536.jpg 864w, https:\/\/bvndgiadinh.org.vn\/wp-content\/uploads\/2025\/10\/7.3-600x1067.jpg 600w, https:\/\/bvndgiadinh.org.vn\/wp-content\/uploads\/2025\/10\/7.3.jpg 1080w\" sizes=\"auto, (max-width: 576px) 100vw, 576px\" \/><\/figure><\/div>\n\n<a href=\"https:\/\/bvndgiadinh.org.vn\/wp-content\/uploads\/2023\/05\/3.-GIOI-THIEU-GOI-C.pdf\" class=\"pdfemb-viewer\" style=\"\" data-width=\"max\" data-height=\"max\" data-toolbar=\"top\" data-toolbar-fixed=\"on\">3.-GIOI-THIEU-GOI-C<\/a>\n<p class=\"wp-block-pdfemb-pdf-embedder-viewer\"><\/p>\n<\/div><\/div><\/div>\n\n\n\n<div class=\"wp-block-ive-pane ive-accordion-pane ive-accordion-pane-7 ive-pane_3df395-64\"><div class=\"ive-accordion-header-wrap\"><button class=\"ive-blocks-accordion-header ive-acccordion-button-label-show d-flex justify-content-start justify-content-md-start ive-accordions-xl-start\"><span class=\"ive-blocks-accordion-title-wrap\"><span class=\"ive-blocks-accordion-title\"><strong>G\u00d3I KH\u00c1M S\u1ee8C KH\u1eceE CHUY\u00caN KHOA T\u1ea6M SO\u00c1T B\u1ec6NH L\u00dd UNG TH\u01af \u2013 G\u00d3I D<\/strong><\/span><\/span><span class=\"ive-blocks-accordion-icon-trigger\"><\/span><\/button><\/div><div class=\"ive-accordion-panel\"><div class=\"ive-accordion-panel-inner\"><div class=\"wp-block-image\">\n<figure class=\"aligncenter size-large\"><img loading=\"lazy\" decoding=\"async\" width=\"576\" height=\"1024\" src=\"https:\/\/bvndgiadinh.org.vn\/wp-content\/uploads\/2025\/10\/7.1-576x1024.jpg\" alt=\"\" class=\"wp-image-11949\" srcset=\"https:\/\/bvndgiadinh.org.vn\/wp-content\/uploads\/2025\/10\/7.1-576x1024.jpg 576w, https:\/\/bvndgiadinh.org.vn\/wp-content\/uploads\/2025\/10\/7.1-169x300.jpg 169w, https:\/\/bvndgiadinh.org.vn\/wp-content\/uploads\/2025\/10\/7.1-768x1365.jpg 768w, https:\/\/bvndgiadinh.org.vn\/wp-content\/uploads\/2025\/10\/7.1-864x1536.jpg 864w, https:\/\/bvndgiadinh.org.vn\/wp-content\/uploads\/2025\/10\/7.1-600x1067.jpg 600w, https:\/\/bvndgiadinh.org.vn\/wp-content\/uploads\/2025\/10\/7.1.jpg 1080w\" sizes=\"auto, (max-width: 576px) 100vw, 576px\" \/><\/figure><\/div>\n\n<a href=\"https:\/\/bvndgiadinh.org.vn\/wp-content\/uploads\/2023\/05\/4.-GIOI-THIEU-GOI-D.pdf\" class=\"pdfemb-viewer\" style=\"\" data-width=\"max\" data-height=\"max\" data-toolbar=\"top\" data-toolbar-fixed=\"on\">4.-GIOI-THIEU-GOI-D<\/a>\n<p class=\"wp-block-pdfemb-pdf-embedder-viewer\"><\/p>\n<\/div><\/div><\/div>\n\n\n\n<div class=\"wp-block-ive-pane ive-accordion-pane ive-accordion-pane-8 ive-pane_00f977-04\"><div class=\"ive-accordion-header-wrap\"><button class=\"ive-blocks-accordion-header ive-acccordion-button-label-show d-flex justify-content-start justify-content-md-start ive-accordions-xl-start\"><span class=\"ive-blocks-accordion-title-wrap\"><span class=\"ive-blocks-accordion-title\"><strong>G\u00d3I KH\u00c1M S\u1ee8C KH\u1eceE CHUY\u00caN KHOA HEN &#8211; COPD &#8211; G\u00d3I G<\/strong><\/span><\/span><span class=\"ive-blocks-accordion-icon-trigger\"><\/span><\/button><\/div><div class=\"ive-accordion-panel\"><div class=\"ive-accordion-panel-inner\"><div class=\"wp-block-image\">\n<figure class=\"aligncenter size-large\"><img loading=\"lazy\" decoding=\"async\" width=\"576\" height=\"1024\" src=\"https:\/\/bvndgiadinh.org.vn\/wp-content\/uploads\/2025\/10\/7.2-1-576x1024.jpg\" alt=\"\" class=\"wp-image-11953\" srcset=\"https:\/\/bvndgiadinh.org.vn\/wp-content\/uploads\/2025\/10\/7.2-1-576x1024.jpg 576w, https:\/\/bvndgiadinh.org.vn\/wp-content\/uploads\/2025\/10\/7.2-1-169x300.jpg 169w, https:\/\/bvndgiadinh.org.vn\/wp-content\/uploads\/2025\/10\/7.2-1-768x1365.jpg 768w, https:\/\/bvndgiadinh.org.vn\/wp-content\/uploads\/2025\/10\/7.2-1-864x1536.jpg 864w, https:\/\/bvndgiadinh.org.vn\/wp-content\/uploads\/2025\/10\/7.2-1-600x1067.jpg 600w, https:\/\/bvndgiadinh.org.vn\/wp-content\/uploads\/2025\/10\/7.2-1.jpg 1080w\" sizes=\"auto, (max-width: 576px) 100vw, 576px\" \/><\/figure><\/div>\n\n<a href=\"https:\/\/bvndgiadinh.org.vn\/wp-content\/uploads\/2023\/05\/5.-1.-GIOI-THIEU-GOI-HEN-G.pdf\" class=\"pdfemb-viewer\" style=\"\" data-width=\"max\" data-height=\"max\" data-toolbar=\"top\" data-toolbar-fixed=\"on\">5.-1.-GIOI-THIEU-GOI-HEN-G<\/a>\n<p class=\"wp-block-pdfemb-pdf-embedder-viewer\"><\/p>\n<\/div><\/div><\/div>\n\n\n\n<div class=\"wp-block-ive-pane ive-accordion-pane ive-accordion-pane-9 ive-pane_55340a-4f\"><div class=\"ive-accordion-header-wrap\"><button class=\"ive-blocks-accordion-header ive-acccordion-button-label-show d-flex justify-content-start justify-content-md-start ive-accordions-xl-start\"><span class=\"ive-blocks-accordion-title-wrap\"><span class=\"ive-blocks-accordion-title\"><strong>G\u00d3I KH\u00c1M S\u1ee8C KH\u1eceE CHUY\u00caN KHOA<\/strong> <strong> C\u01a0 X\u01af\u01a0NG KH\u1edaP \u2013 G\u00d3I E<\/strong><\/span><\/span><span class=\"ive-blocks-accordion-icon-trigger\"><\/span><\/button><\/div><div class=\"ive-accordion-panel\"><div class=\"ive-accordion-panel-inner\"><div class=\"wp-block-image\">\n<figure class=\"aligncenter size-large is-resized\"><img loading=\"lazy\" decoding=\"async\" width=\"576\" height=\"1024\" src=\"https:\/\/bvndgiadinh.org.vn\/wp-content\/uploads\/2025\/10\/7.6-1-576x1024.jpg\" alt=\"\" class=\"wp-image-11954\" style=\"width:576px;height:1024px\" srcset=\"https:\/\/bvndgiadinh.org.vn\/wp-content\/uploads\/2025\/10\/7.6-1-576x1024.jpg 576w, https:\/\/bvndgiadinh.org.vn\/wp-content\/uploads\/2025\/10\/7.6-1-169x300.jpg 169w, https:\/\/bvndgiadinh.org.vn\/wp-content\/uploads\/2025\/10\/7.6-1-768x1365.jpg 768w, https:\/\/bvndgiadinh.org.vn\/wp-content\/uploads\/2025\/10\/7.6-1-864x1536.jpg 864w, https:\/\/bvndgiadinh.org.vn\/wp-content\/uploads\/2025\/10\/7.6-1-600x1067.jpg 600w, https:\/\/bvndgiadinh.org.vn\/wp-content\/uploads\/2025\/10\/7.6-1.jpg 1080w\" sizes=\"auto, (max-width: 576px) 100vw, 576px\" \/><\/figure><\/div>\n\n<a href=\"https:\/\/bvndgiadinh.org.vn\/wp-content\/uploads\/2023\/05\/5.-GIOI-THIEU-GOI-E.pdf\" class=\"pdfemb-viewer\" style=\"\" data-width=\"max\" data-height=\"max\" data-toolbar=\"top\" data-toolbar-fixed=\"on\">5.-GIOI-THIEU-GOI-E<\/a>\n<p class=\"wp-block-pdfemb-pdf-embedder-viewer\"><\/p>\n<\/div><\/div><\/div>\n\n\n\n<div class=\"wp-block-ive-pane ive-accordion-pane ive-accordion-pane-10 ive-pane_4de263-92\"><div class=\"ive-accordion-header-wrap\"><button class=\"ive-blocks-accordion-header ive-acccordion-button-label-show d-flex justify-content-start justify-content-md-start ive-accordions-xl-start\"><span class=\"ive-blocks-accordion-title-wrap\"><span class=\"ive-blocks-accordion-title\"><strong>G\u00d3I KH\u00c1M S\u1ee8C KH\u1eceE CHUY\u00caN KHOA T\u1ea6M SO\u00c1T B\u1ec6NH L\u00dd M\u1ea0CH M\u00c1U N\u00c3O \u2013 G\u00d3I F<\/strong><\/span><\/span><span class=\"ive-blocks-accordion-icon-trigger\"><\/span><\/button><\/div><div class=\"ive-accordion-panel\"><div class=\"ive-accordion-panel-inner\"><div class=\"wp-block-image\">\n<figure class=\"aligncenter size-large\"><img loading=\"lazy\" decoding=\"async\" width=\"576\" height=\"1024\" src=\"https:\/\/bvndgiadinh.org.vn\/wp-content\/uploads\/2025\/10\/7.4-576x1024.jpg\" alt=\"\" class=\"wp-image-11955\" srcset=\"https:\/\/bvndgiadinh.org.vn\/wp-content\/uploads\/2025\/10\/7.4-576x1024.jpg 576w, https:\/\/bvndgiadinh.org.vn\/wp-content\/uploads\/2025\/10\/7.4-169x300.jpg 169w, https:\/\/bvndgiadinh.org.vn\/wp-content\/uploads\/2025\/10\/7.4-768x1365.jpg 768w, https:\/\/bvndgiadinh.org.vn\/wp-content\/uploads\/2025\/10\/7.4-864x1536.jpg 864w, https:\/\/bvndgiadinh.org.vn\/wp-content\/uploads\/2025\/10\/7.4-600x1067.jpg 600w, https:\/\/bvndgiadinh.org.vn\/wp-content\/uploads\/2025\/10\/7.4.jpg 1080w\" sizes=\"auto, (max-width: 576px) 100vw, 576px\" \/><\/figure><\/div>\n\n<a href=\"https:\/\/bvndgiadinh.org.vn\/wp-content\/uploads\/2023\/05\/6.-GIOI-THIEU-GOI-F.pdf\" class=\"pdfemb-viewer\" style=\"\" data-width=\"max\" data-height=\"max\" data-toolbar=\"top\" data-toolbar-fixed=\"on\">6.-GIOI-THIEU-GOI-F<\/a>\n<p class=\"wp-block-pdfemb-pdf-embedder-viewer\"><\/p>\n<\/div><\/div><\/div>\n\n\n\n<div class=\"wp-block-ive-pane ive-accordion-pane ive-accordion-pane-11 ive-pane_3bbba8-74\"><div class=\"ive-accordion-header-wrap\"><button class=\"ive-blocks-accordion-header ive-acccordion-button-label-show d-flex justify-content-start justify-content-md-start ive-accordions-xl-start\"><span class=\"ive-blocks-accordion-title-wrap\"><span class=\"ive-blocks-accordion-title\"><strong>G\u00d3I KH\u00c1M S\u1ee8C KH\u1eceE CHUY\u00caN KHOA T\u1ea6M SO\u00c1T S\u1ea2N PH\u1ee4 KHOA<\/strong><\/span><\/span><span class=\"ive-blocks-accordion-icon-trigger\"><\/span><\/button><\/div><div class=\"ive-accordion-panel\"><div class=\"ive-accordion-panel-inner\"><div class=\"wp-block-image\">\n<figure class=\"aligncenter size-large\"><img loading=\"lazy\" decoding=\"async\" width=\"576\" height=\"1024\" src=\"https:\/\/bvndgiadinh.org.vn\/wp-content\/uploads\/2025\/10\/7-576x1024.jpg\" alt=\"\" class=\"wp-image-11956\" srcset=\"https:\/\/bvndgiadinh.org.vn\/wp-content\/uploads\/2025\/10\/7-576x1024.jpg 576w, https:\/\/bvndgiadinh.org.vn\/wp-content\/uploads\/2025\/10\/7-169x300.jpg 169w, https:\/\/bvndgiadinh.org.vn\/wp-content\/uploads\/2025\/10\/7-768x1365.jpg 768w, https:\/\/bvndgiadinh.org.vn\/wp-content\/uploads\/2025\/10\/7-864x1536.jpg 864w, https:\/\/bvndgiadinh.org.vn\/wp-content\/uploads\/2025\/10\/7-600x1067.jpg 600w, https:\/\/bvndgiadinh.org.vn\/wp-content\/uploads\/2025\/10\/7.jpg 1080w\" sizes=\"auto, (max-width: 576px) 100vw, 576px\" \/><\/figure><\/div>\n\n<a href=\"https:\/\/bvndgiadinh.org.vn\/wp-content\/uploads\/2023\/05\/7.-GIOI-THIEU-GOI-SPK.pdf\" class=\"pdfemb-viewer\" style=\"\" data-width=\"max\" data-height=\"max\" data-toolbar=\"top\" data-toolbar-fixed=\"on\">7.-GIOI-THIEU-GOI-SPK<\/a>\n<p class=\"wp-block-pdfemb-pdf-embedder-viewer\"><\/p>\n<\/div><\/div><\/div>\n\n\n\n<div class=\"wp-block-ive-pane ive-accordion-pane ive-accordion-pane-12 ive-pane_82c879-e5\"><div class=\"ive-accordion-header-wrap\"><button class=\"ive-blocks-accordion-header ive-acccordion-button-label-show d-flex justify-content-start justify-content-md-start ive-accordions-xl-start\"><span class=\"ive-blocks-accordion-title-wrap\"><span class=\"ive-blocks-accordion-title\"><strong>G\u00d3I KH\u00c1M S\u1ee8C KH\u1eceE<\/strong> <strong>GI\u1ea2M C\u00c2N<\/strong><\/span><\/span><span class=\"ive-blocks-accordion-icon-trigger\"><\/span><\/button><\/div><div class=\"ive-accordion-panel\"><div class=\"ive-accordion-panel-inner\">\n<figure class=\"wp-block-image size-full\"><img loading=\"lazy\" decoding=\"async\" width=\"1080\" height=\"1920\" src=\"https:\/\/bvndgiadinh.org.vn\/wp-content\/uploads\/2025\/10\/8.jpg\" alt=\"\" class=\"wp-image-11957\" srcset=\"https:\/\/bvndgiadinh.org.vn\/wp-content\/uploads\/2025\/10\/8.jpg 1080w, https:\/\/bvndgiadinh.org.vn\/wp-content\/uploads\/2025\/10\/8-169x300.jpg 169w, https:\/\/bvndgiadinh.org.vn\/wp-content\/uploads\/2025\/10\/8-576x1024.jpg 576w, https:\/\/bvndgiadinh.org.vn\/wp-content\/uploads\/2025\/10\/8-768x1365.jpg 768w, https:\/\/bvndgiadinh.org.vn\/wp-content\/uploads\/2025\/10\/8-864x1536.jpg 864w, https:\/\/bvndgiadinh.org.vn\/wp-content\/uploads\/2025\/10\/8-600x1067.jpg 600w\" sizes=\"auto, (max-width: 1080px) 100vw, 1080px\" \/><\/figure>\n\n\n\n<div data-wp-interactive=\"core\/file\" class=\"wp-block-file\"><object data-wp-bind--hidden=\"!state.hasPdfPreview\" hidden class=\"wp-block-file__embed\" data=\"https:\/\/bvndgiadinh.org.vn\/wp-content\/uploads\/2024\/09\/Bai-PR-Goi-kiem-tra-suc-khoe-giam-can.pdf\" type=\"application\/pdf\" style=\"width:100%;height:600px\" aria-label=\"Nh\u00fang file Bai PR Goi kiem tra suc khoe giam can.\"><\/object><a id=\"wp-block-file--media-5805edc6-37cc-4dde-be46-04232fecfacd\" href=\"https:\/\/bvndgiadinh.org.vn\/wp-content\/uploads\/2024\/09\/Bai-PR-Goi-kiem-tra-suc-khoe-giam-can.pdf\">Bai PR Goi kiem tra suc khoe giam can<\/a><a href=\"https:\/\/bvndgiadinh.org.vn\/wp-content\/uploads\/2024\/09\/Bai-PR-Goi-kiem-tra-suc-khoe-giam-can.pdf\" class=\"wp-block-file__button wp-element-button\" download aria-describedby=\"wp-block-file--media-5805edc6-37cc-4dde-be46-04232fecfacd\">T\u1ea3i xu\u1ed1ng<\/a><\/div>\n<\/div><\/div><\/div>\n\n\n\n<div class=\"wp-block-ive-pane ive-accordion-pane ive-accordion-pane-13 ive-pane_c823e7-5b\"><div class=\"ive-accordion-header-wrap\"><button class=\"ive-blocks-accordion-header ive-acccordion-button-label-show d-flex justify-content-start justify-content-md-start ive-accordions-xl-start\"><span class=\"ive-blocks-accordion-title-wrap\"><span class=\"ive-blocks-accordion-title\"><\/span><\/span><span class=\"ive-blocks-accordion-icon-trigger\"><\/span><\/button><\/div><div class=\"ive-accordion-panel\"><div class=\"ive-accordion-panel-inner\"><\/div><\/div><\/div>\n<\/div><\/div><\/div>\n","protected":false},"excerpt":{"rendered":"","protected":false},"author":1,"featured_media":0,"parent":0,"menu_order":0,"comment_status":"closed","ping_status":"closed","template":"","meta":{"_regular_price":[],"currency_symbol":[],"inline_featured_image":false,"_uag_custom_page_level_css":"","_monsterinsights_skip_tracking":false,"_monsterinsights_sitenote_active":false,"_monsterinsights_sitenote_note":"","_monsterinsights_sitenote_category":0,"footnotes":""},"class_list":["post-1945","page","type-page","status-publish","hentry"],"aioseo_notices":[],"post_slider_layout_featured_media_urls":{"thumbnail":"","post_slider_layout_landscape_large":"","post_slider_layout_portrait_large":"","post_slider_layout_square_large":"","post_slider_layout_landscape":"","post_slider_layout_portrait":"","post_slider_layout_square":"","full":""},"uagb_featured_image_src":{"full":false,"thumbnail":false,"medium":false,"medium_large":false,"large":false,"PVGM_gallery_admin_thumb":false,"PVGM_gallery_admin_circle":false,"PVGM_gallery_admin_medium":false,"1536x1536":false,"2048x2048":false,"post_slider_layout_landscape_large":false,"post_slider_layout_portrait_large":false,"post_slider_layout_square_large":false,"post_slider_layout_landscape":false,"post_slider_layout_portrait":false,"post_slider_layout_square":false,"ultp_layout_landscape_large":false,"ultp_layout_landscape":false,"ultp_layout_portrait":false,"ultp_layout_square":false,"elixar_section_extra_thumb":false,"elixar_gallery_thumb":false,"elixar_blog_home_thumb":false,"elixar_blog_full_thumb":false,"elixar_blog_sidebar_thumb":false,"woocommerce_thumbnail":false,"woocommerce_single":false,"woocommerce_gallery_thumbnail":false},"uagb_author_info":{"display_name":"quantri","author_link":"https:\/\/bvndgiadinh.org.vn\/?author=1"},"uagb_comment_info":0,"uagb_excerpt":null,"_links":{"self":[{"href":"https:\/\/bvndgiadinh.org.vn\/index.php?rest_route=\/wp\/v2\/pages\/1945","targetHints":{"allow":["GET"]}}],"collection":[{"href":"https:\/\/bvndgiadinh.org.vn\/index.php?rest_route=\/wp\/v2\/pages"}],"about":[{"href":"https:\/\/bvndgiadinh.org.vn\/index.php?rest_route=\/wp\/v2\/types\/page"}],"author":[{"embeddable":true,"href":"https:\/\/bvndgiadinh.org.vn\/index.php?rest_route=\/wp\/v2\/users\/1"}],"replies":[{"embeddable":true,"href":"https:\/\/bvndgiadinh.org.vn\/index.php?rest_route=%2Fwp%2Fv2%2Fcomments&post=1945"}],"version-history":[{"count":5,"href":"https:\/\/bvndgiadinh.org.vn\/index.php?rest_route=\/wp\/v2\/pages\/1945\/revisions"}],"predecessor-version":[{"id":13943,"href":"https:\/\/bvndgiadinh.org.vn\/index.php?rest_route=\/wp\/v2\/pages\/1945\/revisions\/13943"}],"wp:attachment":[{"href":"https:\/\/bvndgiadinh.org.vn\/index.php?rest_route=%2Fwp%2Fv2%2Fmedia&parent=1945"}],"curies":[{"name":"wp","href":"https:\/\/api.w.org\/{rel}","templated":true}]}}