

{"id":2710,"date":"2023-07-05T11:21:58","date_gmt":"2023-07-05T04:21:58","guid":{"rendered":"https:\/\/bvndgiadinh.org.vn\/?page_id=2710"},"modified":"2023-11-16T20:43:59","modified_gmt":"2023-11-16T13:43:59","slug":"gioi-thieu-benh-vien-2023","status":"publish","type":"page","link":"https:\/\/bvndgiadinh.org.vn\/?page_id=2710","title":{"rendered":"T\u1ed5ng quan"},"content":{"rendered":"\n<div class=\"wp-block-group\"><div class=\"wp-block-group__inner-container is-layout-constrained wp-block-group-is-layout-constrained\">\n<div class=\"wp-block-uagb-container uagb-block-ad89974f alignfull uagb-is-root-container\"><div class=\"uagb-container-inner-blocks-wrap\">\n<div class=\"wp-block-uagb-container uagb-block-999d8e93\">\n<div class=\"wp-block-columns is-layout-flex wp-container-core-columns-is-layout-9d6595d7 wp-block-columns-is-layout-flex\">\n<div class=\"wp-block-column is-layout-flow wp-block-column-is-layout-flow\">\n<h2 class=\"wp-block-heading\">B\u1ec6NH VI\u1ec6N NH\u00c2N D\u00c2N GIA \u0110\u1ecaNH<\/h2>\n\n\n\n<figure class=\"wp-block-embed is-type-video is-provider-youtube wp-block-embed-youtube wp-embed-aspect-16-9 wp-has-aspect-ratio\"><div class=\"wp-block-embed__wrapper\">\n<div class=\"epyt-video-wrapper\"><div  style=\"display: block; margin: 0px auto;\"  id=\"_ytid_16934\"  width=\"805\" height=\"452\"  data-origwidth=\"805\" data-origheight=\"452\" data-facadesrc=\"https:\/\/www.youtube.com\/embed\/r1eNN_abxjc?enablejsapi=1&#038;autoplay=0&#038;cc_load_policy=0&#038;cc_lang_pref=&#038;iv_load_policy=1&#038;loop=0&#038;rel=0&#038;fs=1&#038;playsinline=0&#038;autohide=2&#038;theme=dark&#038;color=red&#038;controls=1&#038;\" class=\"__youtube_prefs__ epyt-facade epyt-is-override  no-lazyload\" data-epautoplay=\"1\" ><img decoding=\"async\" data-spai-excluded=\"true\" class=\"epyt-facade-poster skip-lazy\" loading=\"lazy\"  alt=\"YouTube player\"  src=\"https:\/\/i.ytimg.com\/vi\/r1eNN_abxjc\/maxresdefault.jpg\"  \/><button class=\"epyt-facade-play\" aria-label=\"Play\"><svg data-no-lazy=\"1\" height=\"100%\" version=\"1.1\" viewBox=\"0 0 68 48\" width=\"100%\"><path class=\"ytp-large-play-button-bg\" d=\"M66.52,7.74c-0.78-2.93-2.49-5.41-5.42-6.19C55.79,.13,34,0,34,0S12.21,.13,6.9,1.55 C3.97,2.33,2.27,4.81,1.48,7.74C0.06,13.05,0,24,0,24s0.06,10.95,1.48,16.26c0.78,2.93,2.49,5.41,5.42,6.19 C12.21,47.87,34,48,34,48s21.79-0.13,27.1-1.55c2.93-0.78,4.64-3.26,5.42-6.19C67.94,34.95,68,24,68,24S67.94,13.05,66.52,7.74z\" fill=\"#f00\"><\/path><path d=\"M 45,24 27,14 27,34\" fill=\"#fff\"><\/path><\/svg><\/button><\/div><\/div>\n<\/div><\/figure>\n\n\n\n<div style=\"height:20px\" aria-hidden=\"true\" class=\"wp-block-spacer\"><\/div>\n\n\n\n<h3 class=\"wp-block-heading has-text-color\" style=\"color:#2698d6\"><em>L\u1ecbch s\u1eed h\u00ecnh th\u00e0nh<\/em><\/h3>\n\n\n\n<p>    &nbsp;V\u00e0o nh\u1eefng n\u0103m \u0111\u1ea7u c\u1ee7a th\u1ebf k\u1ef7 XX, t\u1ea1i khu v\u1ef1c t\u1ec9nh Gia \u0110\u1ecbnh l\u00fac b\u1ea5y gi\u1edd, ng\u01b0\u1eddi Ph\u00e1p cho x\u00e2y d\u1ef1ng H\u00f4pital de Gia Dinh\u2013 ti\u1ec1n th\u00e2n c\u1ee7a b\u1ec7nh vi\u1ec7n Nh\u00e2n d\u00e2n Gia \u0110\u1ecbnh ng\u00e0y nay.<\/p>\n\n\n\n<div style=\"height:20px\" aria-hidden=\"true\" class=\"wp-block-spacer\"><\/div>\n\n\n\n<p>&nbsp; &nbsp; &nbsp;N\u0103m 1945, &nbsp;Hospital de Gia Dinh \u0111\u01b0\u1ee3c \u0111\u1ed5i t\u00ean th\u00e0nh b\u1ec7nh vi\u1ec7n Nguy\u1ec5n V\u0103n H\u1ecdc. M\u00e3i \u0111\u1ebfn n\u0103m 1968, &nbsp;nh\u1eb1m \u0111\u00e1p \u1ee9ng s\u1ed1 l\u01b0\u1ee3ng b\u1ec7nh nh\u00e2n t\u0103ng cao, b\u1ec7nh vi\u1ec7n \u0111\u01b0\u1ee3c m\u1edf r\u1ed9ng th\u00e0nh m\u00f4 h\u00ecnh 4 t\u1ea7ng, &nbsp;s\u1ee9c\u0111i\u1ec1u tr\u1ecb l\u00ean \u0111\u1ebfn 500 b\u1ec7nh nh\u00e2n n\u1ed9i tr\u00fa, v\u1edbi t\u00ean g\u1ecdi m\u1edbi Trung t\u00e2m th\u1ef1c t\u1eadp Y khoa.<\/p>\n\n\n\n<div style=\"height:20px\" aria-hidden=\"true\" class=\"wp-block-spacer\"><\/div>\n\n\n\n<p>&nbsp; &nbsp; &nbsp;T\u1eeb n\u0103m 1975 \u0111\u1ebfn nay, b\u1ec7nh vi\u1ec7n ch\u00ednh th\u1ee9c \u0111\u1ed5i t\u00ean th\u00e0nh B\u1ec7nh vi\u1ec7n Nh\u00e2n d\u00e2n Gia \u0110\u1ecbnh.<\/p>\n\n\n\n<div style=\"height:20px\" aria-hidden=\"true\" class=\"wp-block-spacer\"><\/div>\n\n\n\n<p>&nbsp; &nbsp; &nbsp;\u0110\u1ebfn n\u0103m 1996, B\u1ec7nh vi\u1ec7n \u0111\u01b0\u1ee3c ph\u00e2n h\u1ea1ng l\u00e0 B\u1ec7nh vi\u1ec7n \u0111a khoa lo\u1ea1i I (theo quy\u1ebft \u0111\u1ecbnh s\u1ed1 4630\/Q\u0110 \u2013 UB \u2013 NC), c\u00f9ng v\u1edbi nhi\u1ec7m v\u1ee5 kh\u00e1m ch\u1eefa b\u1ec7nh, song song l\u00e0 c\u01a1 s\u1edf th\u1ef1c h\u00e0nh c\u1ee7a tr\u01b0\u1eddng \u0110\u1ea1i h\u1ecdc Y \u2013 D\u01b0\u1ee3c Th\u00e0nh ph\u1ed1 H\u1ed3 Ch\u00ed Minh.<\/p>\n\n\n\n<div style=\"height:20px\" aria-hidden=\"true\" class=\"wp-block-spacer\"><\/div>\n\n\n\n<p>&nbsp; &nbsp; &nbsp;Ban \u0111\u1ea7u, B\u1ec7nh vi\u1ec7n \u0111\u01b0\u1ee3c x\u00e2y d\u1ef1ng v\u1edbi s\u1ee9c ch\u1ee9a t\u1eeb 450 \u2013 500 b\u1ec7nh nh\u00e2n n\u1ed9i tr\u00fa v\u00e0 kho\u1ea3ng 1000 l\u01b0\u1ee3t kh\u00e1m ch\u1eefa tr\u1ecb ngo\u1ea1i tr\u00fa, s\u1ed1 l\u01b0\u1ee3ng ng\u01b0\u1eddi \u0111\u1ebfn kh\u00e1m ch\u1eefa b\u1ec7nh ng\u00e0y c\u00e0ng t\u0103ng. Tr\u01b0\u1edbc t\u00ecnh h\u00ecnh qu\u00e1 t\u1ea3i tr\u1ea7m tr\u1ecdng, nh\u1eb1m \u0111\u1ea3m b\u1ea3o ch\u1ea5t l\u01b0\u1ee3ng kh\u00e1m ch\u1eefa b\u1ec7nh n\u1ed9i ngo\u1ea1i tr\u00fa, v\u00e0o th\u00e1ng 7\/2007, b\u1ec7nh vi\u1ec7n m\u1edf r\u1ed9ng th\u00eam khu kh\u00e1m b\u1ec7nh \u2013 c\u1ea5p c\u1ee9u 4 t\u1ea7ng v\u1edbi t\u1ed5ng di\u1ec7n t\u00edch s\u1eed d\u1ee5ng l\u00ean \u0111\u1ebfn 10.100 m<sup>2<\/sup>.<\/p>\n<\/div>\n<\/div>\n<\/div>\n\n\n\n<div class=\"wp-block-uagb-container uagb-block-21b5a02e\">\n<figure class=\"wp-block-gallery has-nested-images columns-2 is-cropped wp-block-gallery-1 is-layout-flex wp-block-gallery-is-layout-flex\">\n<figure class=\"wp-block-image size-full\"><img loading=\"lazy\" decoding=\"async\" width=\"1000\" height=\"577\" data-id=\"2718\" src=\"https:\/\/bvndgiadinh.org.vn\/wp-content\/uploads\/2023\/07\/gt4-1.jpg\" alt=\"\" class=\"wp-image-2718\" srcset=\"https:\/\/bvndgiadinh.org.vn\/wp-content\/uploads\/2023\/07\/gt4-1.jpg 1000w, https:\/\/bvndgiadinh.org.vn\/wp-content\/uploads\/2023\/07\/gt4-1-300x173.jpg 300w, https:\/\/bvndgiadinh.org.vn\/wp-content\/uploads\/2023\/07\/gt4-1-768x443.jpg 768w, https:\/\/bvndgiadinh.org.vn\/wp-content\/uploads\/2023\/07\/gt4-1-600x346.jpg 600w\" sizes=\"auto, (max-width: 1000px) 100vw, 1000px\" \/><\/figure>\n\n\n\n<figure class=\"wp-block-image size-full\"><img loading=\"lazy\" decoding=\"async\" width=\"1000\" height=\"577\" data-id=\"2716\" src=\"https:\/\/bvndgiadinh.org.vn\/wp-content\/uploads\/2023\/07\/gt2.jpg\" alt=\"\" class=\"wp-image-2716\" srcset=\"https:\/\/bvndgiadinh.org.vn\/wp-content\/uploads\/2023\/07\/gt2.jpg 1000w, https:\/\/bvndgiadinh.org.vn\/wp-content\/uploads\/2023\/07\/gt2-300x173.jpg 300w, https:\/\/bvndgiadinh.org.vn\/wp-content\/uploads\/2023\/07\/gt2-768x443.jpg 768w, https:\/\/bvndgiadinh.org.vn\/wp-content\/uploads\/2023\/07\/gt2-600x346.jpg 600w\" sizes=\"auto, (max-width: 1000px) 100vw, 1000px\" \/><\/figure>\n\n\n\n<figure class=\"wp-block-image size-full\"><img loading=\"lazy\" decoding=\"async\" width=\"1024\" height=\"683\" data-id=\"2715\" src=\"https:\/\/bvndgiadinh.org.vn\/wp-content\/uploads\/2023\/07\/gt1.jpg\" alt=\"\" class=\"wp-image-2715\" srcset=\"https:\/\/bvndgiadinh.org.vn\/wp-content\/uploads\/2023\/07\/gt1.jpg 1024w, https:\/\/bvndgiadinh.org.vn\/wp-content\/uploads\/2023\/07\/gt1-300x200.jpg 300w, https:\/\/bvndgiadinh.org.vn\/wp-content\/uploads\/2023\/07\/gt1-768x512.jpg 768w, https:\/\/bvndgiadinh.org.vn\/wp-content\/uploads\/2023\/07\/gt1-600x400.jpg 600w\" sizes=\"auto, (max-width: 1024px) 100vw, 1024px\" \/><\/figure>\n<\/figure>\n<\/div>\n<\/div><\/div>\n<\/div><\/div>\n\n\n\n<div class=\"wp-block-group has-background\" style=\"background-color:#eeeeee\"><div class=\"wp-block-group__inner-container is-layout-constrained wp-block-group-is-layout-constrained\"><\/div><\/div>\n\n\n\n<div class=\"wp-block-group\"><div class=\"wp-block-group__inner-container is-layout-constrained wp-block-group-is-layout-constrained\">\n<div class=\"wp-block-uagb-container uagb-block-a592e505 alignfull uagb-is-root-container\"><div class=\"uagb-container-inner-blocks-wrap\">\n<div class=\"wp-block-uagb-container uagb-block-fed3ac7f\">\n<div class=\"wp-block-columns is-layout-flex wp-container-core-columns-is-layout-9d6595d7 wp-block-columns-is-layout-flex\">\n<div class=\"wp-block-column is-layout-flow wp-block-column-is-layout-flow\">\n<h3 class=\"wp-block-heading has-text-color\" style=\"color:#2698d6\"><em>Giai \u0111o\u1ea1n hi\u1ec7n t\u1ea1i<\/em><\/h3>\n\n\n\n<p>&nbsp; &nbsp; &nbsp;Hi\u1ec7n t\u1ea1i, B\u1ec7nh vi\u1ec7n Nh\u00e2n d\u00e2n Gia \u0110\u1ecbnh l\u00e0 m\u1ed9t trong nh\u1eefng B\u1ec7nh vi\u1ec7n \u0110a khoa lo\u1ea1i I tr\u1ef1c thu\u1ed9c S\u1edf Y t\u1ebf TP.HCM. V\u1edbi \u0111\u1ed9i ng\u0169 Y, B\u00e1c s\u0129 chuy\u00ean m\u00f4n cao, d\u00e0y d\u1ea1n kinh nghi\u1ec7m, B\u1ec7nh vi\u1ec7n c\u00f3 \u0111\u1ee7 c\u00e1c chuy\u00ean khoa l\u1edbn, nhi\u1ec1u ph\u00e2n khoa s\u00e2u, trang b\u1ecb \u0111\u1ea7y \u0111\u1ee7 trang thi\u1ebft b\u1ecb y t\u1ebf nh\u1eb1m n\u00e2ng cao ch\u1ea5t l\u01b0\u1ee3ng ch\u1ea9n \u0111o\u00e1n, \u0111i\u1ec1u tr\u1ecb v\u00e0 ch\u0103m s\u00f3c b\u1ec7nh nh\u00e2n, \u0111\u00e1p \u1ee9ng nhu c\u1ea7u kh\u00e1m ch\u1eefa b\u1ec7nh ng\u00e0y c\u00e0ng cao c\u1ee7a nh\u00e2n d\u00e2n. V\u1edbi quy m\u00f4 l\u1edbn 1.500 gi\u01b0\u1eddng, h\u00e0ng ng\u00e0y B\u1ec7nh vi\u1ec7n ph\u1ee5c v\u1ee5 kho\u1ea3ng 1.500 b\u1ec7nh nh\u00e2n n\u1ed9i tr\u00fa, h\u01a1n 4.000 l\u01b0\u1ee3t b\u1ec7nh nh\u00e2n \u0111\u1ebfn kh\u00e1m b\u1ec7nh v\u00e0 h\u01a1n 300 l\u01b0\u1ee3t b\u1ec7nh nh\u00e2n c\u1ea5p c\u1ee9u. B\u00ean c\u1ea1nh vi\u1ec7c kh\u00e1m ch\u1eefa b\u1ec7nh cho nh\u00e2n d\u00e2n sinh s\u1ed1ng tr\u00ean \u0111\u1ecba b\u00e0n th\u00e0nh ph\u1ed1 (c\u00e1c qu\u1eadn trong tuy\u1ebfn: B\u00ecnh Th\u1ea1nh, G\u00f2 V\u1ea5p, Ph\u00fa Nhu\u1eadn, m\u1ed9t ph\u1ea7n c\u1ee7a Qu\u1eadn I v\u00e0 c\u00e1c qu\u1eadn ngo\u00e0i tuy\u1ebfn: Th\u1ee7 \u0110\u1ee9c, Qu\u1eadn 2, 9, 12\u2026), b\u1ec7nh vi\u1ec7n c\u00f2n ti\u1ebfp nh\u1eadn b\u1ec7nh nh\u00e2n t\u1eeb c\u00e1c t\u1ec9nh l\u00e2n c\u1eadn nh\u01b0 \u0110\u1ed3ng Nai. B\u00ecnh D\u01b0\u01a1ng, V\u0169ng T\u00e0u v\u00e0 m\u1ed9t s\u1ed1 t\u1ec9nh mi\u1ec1n Trung.<\/p>\n\n\n\n<p>&nbsp; &nbsp; &nbsp;B\u00ean c\u1ea1nh c\u00f4ng t\u00e1c kh\u00e1m ch\u1eefa b\u1ec7nh, b\u1ec7nh vi\u1ec7n c\u00f2n mang tr\u1ecdng tr\u00e1ch \u0111\u00e0o t\u1ea1o. Hi\u1ec7n t\u1ea1i n\u01a1i \u0111\u00e2y l\u00e0 c\u01a1 s\u1edf th\u1ef1c h\u00e0nh c\u1ee7a tr\u01b0\u1eddng \u0110\u1ea1i h\u1ecdc Y D\u01b0\u1ee3c Tp. H\u1ed3 Ch\u00ed Minh v\u00e0 \u0110\u1ea1i h\u1ecdc Y khoa Ph\u1ea1m Ng\u1ecdc Th\u1ea1ch. Trung b\u00ecnh m\u1ed7i n\u0103m, b\u1ec7nh vi\u1ec7n ti\u1ebfp nh\u1eadn kho\u1ea3ng 1500 h\u1ecdc vi\u00ean \u0111\u1ebfn th\u1ef1c t\u1eadp thu\u1ed9c h\u1ec7 trung h\u1ecdc, h\u1ec7 \u0111\u1ea1i h\u1ecdc v\u00e0 sau \u0111\u1ea1i h\u1ecdc.<\/p>\n\n\n\n<div style=\"height:20px\" aria-hidden=\"true\" class=\"wp-block-spacer\"><\/div>\n\n\n\n<div style=\"height:20px\" aria-hidden=\"true\" class=\"wp-block-spacer\"><\/div>\n\n\n\n<div style=\"height:20px\" aria-hidden=\"true\" class=\"wp-block-spacer\"><\/div>\n<\/div>\n<\/div>\n<\/div>\n\n\n\n<div class=\"wp-block-uagb-container uagb-block-94dce402\">\n<figure class=\"wp-block-gallery has-nested-images columns-1 is-cropped wp-block-gallery-2 is-layout-flex wp-block-gallery-is-layout-flex\">\n<figure class=\"wp-block-image size-full\"><img loading=\"lazy\" decoding=\"async\" width=\"706\" height=\"450\" data-id=\"2734\" src=\"https:\/\/bvndgiadinh.org.vn\/wp-content\/uploads\/2023\/07\/gt4.jpg\" alt=\"\" class=\"wp-image-2734\" srcset=\"https:\/\/bvndgiadinh.org.vn\/wp-content\/uploads\/2023\/07\/gt4.jpg 706w, https:\/\/bvndgiadinh.org.vn\/wp-content\/uploads\/2023\/07\/gt4-300x191.jpg 300w, https:\/\/bvndgiadinh.org.vn\/wp-content\/uploads\/2023\/07\/gt4-600x382.jpg 600w\" sizes=\"auto, (max-width: 706px) 100vw, 706px\" \/><\/figure>\n\n\n\n<figure class=\"wp-block-image size-full\"><img loading=\"lazy\" decoding=\"async\" width=\"1600\" height=\"906\" data-id=\"2717\" src=\"https:\/\/bvndgiadinh.org.vn\/wp-content\/uploads\/2023\/07\/gt3.jpg\" alt=\"\" class=\"wp-image-2717\" srcset=\"https:\/\/bvndgiadinh.org.vn\/wp-content\/uploads\/2023\/07\/gt3.jpg 1600w, https:\/\/bvndgiadinh.org.vn\/wp-content\/uploads\/2023\/07\/gt3-300x170.jpg 300w, https:\/\/bvndgiadinh.org.vn\/wp-content\/uploads\/2023\/07\/gt3-1024x580.jpg 1024w, https:\/\/bvndgiadinh.org.vn\/wp-content\/uploads\/2023\/07\/gt3-768x435.jpg 768w, https:\/\/bvndgiadinh.org.vn\/wp-content\/uploads\/2023\/07\/gt3-1536x870.jpg 1536w, https:\/\/bvndgiadinh.org.vn\/wp-content\/uploads\/2023\/07\/gt3-348x196.jpg 348w, https:\/\/bvndgiadinh.org.vn\/wp-content\/uploads\/2023\/07\/gt3-600x340.jpg 600w\" sizes=\"auto, (max-width: 1600px) 100vw, 1600px\" \/><\/figure>\n<\/figure>\n<\/div>\n<\/div><\/div>\n<\/div><\/div>\n\n\n\n<div class=\"wp-block-group\"><div class=\"wp-block-group__inner-container is-layout-constrained wp-block-group-is-layout-constrained\">\n<div class=\"wp-block-uagb-container uagb-block-f34d250e alignfull uagb-is-root-container\"><div class=\"uagb-container-inner-blocks-wrap\">\n<div class=\"wp-block-uagb-container uagb-block-de73d41d\">\n<div class=\"wp-block-columns is-layout-flex wp-container-core-columns-is-layout-9d6595d7 wp-block-columns-is-layout-flex\">\n<div class=\"wp-block-column is-layout-flow wp-block-column-is-layout-flow\">\n<div class=\"wp-block-uagb-container uagb-block-a1877be7\">\n<div class=\"wp-block-ultimate-post-row ultp-block-2d388d\"><div class=\"ultp-row-wrapper\"><div class=\"ultp-row-content\">\n<div class=\"wp-block-ultimate-post-column ultp-block-81c643\"><div class=\"ultp-column-wrapper\">      \n\t\t\t<div class=\"uagb-icon-wrapper uagb-block-7a3055f7      \"\n\t\t\tstyle=\"\" >\n\t\t\t\t\t\t\t\t\t<span class=\"uagb-svg-wrapper\" \n\t\t\t\t\t aria-label=\"bullseye\"\t\t\t\t\ttabindex=\"0\">\t\t\n\t\t\t\t\t\t\t\t\t\t<svg xmlns=\"https:\/\/www.w3.org\/2000\/svg\" viewBox= \"0 0 512 512\" role=\"graphics-symbol\" aria-hidden=\"false\" aria-label=\"\"><path d=\"M288 256C288 273.7 273.7 288 256 288C238.3 288 224 273.7 224 256C224 238.3 238.3 224 256 224C273.7 224 288 238.3 288 256zM112 256C112 176.5 176.5 112 256 112C335.5 112 400 176.5 400 256C400 335.5 335.5 400 256 400C176.5 400 112 335.5 112 256zM256 336C300.2 336 336 300.2 336 256C336 211.8 300.2 176 256 176C211.8 176 176 211.8 176 256C176 300.2 211.8 336 256 336zM512 256C512 397.4 397.4 512 256 512C114.6 512 0 397.4 0 256C0 114.6 114.6 0 256 0C397.4 0 512 114.6 512 256zM256 64C149.1 64 64 149.1 64 256C64 362 149.1 448 256 448C362 448 448 362 448 256C448 149.1 362 64 256 64z\"><\/path><\/svg>\n\t\t\t\t\t\t\t\t\t<\/span>\n\t\t\t\t\t\t\t<\/div>\n\t\t\t<\/div><\/div>\n\n\n\n<div class=\"wp-block-ultimate-post-column ultp-block-c32ea8\"><div class=\"ultp-column-wrapper\">\n<h2 class=\"wp-block-heading has-text-align-center\">T\u1ea7m nh\u00ecn<\/h2>\n<\/div><\/div>\n\n\n\n<div class=\"wp-block-ultimate-post-column ultp-block-ffc6fe\"><div class=\"ultp-column-wrapper\">\n<p>L\u00e0 b\u1ec7nh vi\u1ec7n \u0111a khoa h\u1ea1ng \u0111\u1eb7c bi\u1ec7t, gi\u1eef v\u1ecb tr\u00ed s\u1ed1 1 trong c\u00e1c d\u1ecbch v\u1ee5 ch\u0103m s\u00f3c s\u1ee9c kh\u1ecfe v\u00e0 \u0111\u00e0o t\u1ea1o y khoa.<\/p>\n<\/div><\/div>\n<\/div><\/div><\/div>\n\n\n\n<div class=\"wp-block-ultimate-post-row ultp-block-5e0acb\"><div class=\"ultp-row-wrapper\"><div class=\"ultp-row-content\">\n<div class=\"wp-block-ultimate-post-column ultp-block-442c83\"><div class=\"ultp-column-wrapper\">      \n\t\t\t<div class=\"uagb-icon-wrapper uagb-block-7fda70aa      \"\n\t\t\tstyle=\"\" >\n\t\t\t\t\t\t\t\t\t<span class=\"uagb-svg-wrapper\" \n\t\t\t\t\t aria-label=\"arrows-to-circle\"\t\t\t\t\ttabindex=\"0\">\t\t\n\t\t\t\t\t\t\t\t\t\t<svg xmlns=\"https:\/\/www.w3.org\/2000\/svg\" viewBox= \"0 0 640 512\" role=\"graphics-symbol\" aria-hidden=\"false\" aria-label=\"\"><path d=\"M9.372 9.372C21.87-3.124 42.13-3.124 54.63 9.372L159.1 114.7V95.1C159.1 78.33 174.3 63.1 191.1 63.1C209.7 63.1 223.1 78.33 223.1 95.1V191.1C223.1 196.3 223.1 200.5 221.6 204.2C220 207.1 217.7 211.5 214.7 214.6L214.6 214.7C211.5 217.7 207.1 220 204.2 221.6C200.5 223.1 196.3 223.1 191.1 223.1H95.1C78.33 223.1 63.1 209.7 63.1 191.1C63.1 174.3 78.33 159.1 95.1 159.1H114.7L9.372 54.63C-3.124 42.13-3.124 21.87 9.372 9.372V9.372zM384 256C384 291.3 355.3 320 320 320C284.7 320 256 291.3 256 256C256 220.7 284.7 192 320 192C355.3 192 384 220.7 384 256zM96 352C78.33 352 64 337.7 64 320C64 302.3 78.33 288 96 288H192H192.1C200.9 288 208.8 291.6 214.6 297.3L214.7 297.4C217.7 300.5 220 304 221.6 307.8C223.1 311.5 224 315.7 224 319.1V416C224 433.7 209.7 448 192 448C174.3 448 160 433.7 160 416V397.3L54.63 502.6C42.13 515.1 21.87 515.1 9.373 502.6C-3.124 490.1-3.124 469.9 9.373 457.4L114.7 352L96 352zM448 64C465.7 64 480 78.33 480 96V114.7L585.4 9.373C597.9-3.124 618.1-3.124 630.6 9.373C643.1 21.87 643.1 42.13 630.6 54.63L525.3 160H544C561.7 160 576 174.3 576 192C576 209.7 561.7 224 544 224H448C439.2 224 431.2 220.4 425.4 214.7L425.3 214.6C422.3 211.5 419.1 207.1 418.4 204.2C416.9 200.5 416 196.4 416 192.1V191.1V96C416 78.33 430.3 64 448 64H448zM525.3 352L630.6 457.4C643.1 469.9 643.1 490.1 630.6 502.6C618.1 515.1 597.9 515.1 585.4 502.6L480 397.3V416C480 433.7 465.7 448 448 448C430.3 448 416 433.7 416 416V320C416 319.1 416 319.9 416 319.9C416 315.6 416.9 311.5 418.4 307.8C419.1 303.1 422.3 300.4 425.4 297.4C431.1 291.6 439.1 288 447.9 288C447.9 288 447.1 288 448 288H544C561.7 288 576 302.3 576 320C576 337.7 561.7 352 544 352L525.3 352z\"><\/path><\/svg>\n\t\t\t\t\t\t\t\t\t<\/span>\n\t\t\t\t\t\t\t<\/div>\n\t\t\t<\/div><\/div>\n\n\n\n<div class=\"wp-block-ultimate-post-column ultp-block-a7c549\"><div class=\"ultp-column-wrapper\">\n<h2 class=\"wp-block-heading has-text-align-center\">Gi\u00e1 tr\u1ecb c\u1ed1t l\u00f5i<\/h2>\n<\/div><\/div>\n\n\n\n<div class=\"wp-block-ultimate-post-column ultp-block-a163d3\"><div class=\"ultp-column-wrapper\">\n<p><strong>&#8220;An to\u00e0n- hi\u1ec7u qu\u1ea3- tr\u00e1ch nhi\u1ec7m&#8221; (Safety- Effciency- Responsibility)<\/strong><br>&#8220;An to\u00e0n&#8221;: \u0111\u1ea3m b\u1ea3o an to\u00e0n cho ng\u01b0\u1eddi b\u1ec7nh, l\u1ea5y ngu\u1eddi b\u1ec7nh l\u00e0m trung t\u00e2m l\u00e0 v\u1ea5n \u0111\u1ec1 \u01b0u ti\u00ean h\u00e0ng \u0111\u1ea7u v\u00e0 l\u00e0 n\u1ec1n t\u1ea3ng c\u1ee7a ch\u1ea5t l\u01b0\u1ee3ng trong ch\u0103m s\u00f3c s\u1ee9c kh\u1ecfe.<\/p>\n\n\n\n<p>&#8220;Hi\u1ec7u qu\u1ea3:&#8221; \u0111em l\u1ea1i hi\u1ec7u qu\u1ea3 t\u1ed1i \u01b0u cho ng\u01b0\u1eddi b\u1ec7nh khi tham gia m\u1ecdi ho\u1ea1t \u0111\u1ed9ng kh\u00e1m, ch\u1eefa b\u1ec7nh t\u1ea1i b\u1ec7nh vi\u1ec7n.<\/p>\n\n\n\n<p>&#8220;Tr\u00e1ch nhi\u1ec7m:&#8221;nh\u00e2n vi\u00ean b\u1ec7nh vi\u1ec7n ph\u1ea3i l\u00e0 nh\u1eefng con ng\u01b0\u1eddi c\u00f3 tinh th\u1ea7n tr\u00e1ch nhi\u1ec7m cao v\u1edbi ng\u01b0\u1eddi b\u1ec7nh kh\u00f4ng ch\u1ec9 trong chuy\u00ean m\u00f4n m\u00e0 c\u00f2n trong giao ti\u1ebfp \u1ee9ng x\u1eed. B\u1ec7nh vi\u1ec7n quy\u1ebft t\u00e2m &#8220;\u0110\u1ed5i m\u1edbi phong c\u00e1ch, th\u00e1i \u0111\u1ed9 ph\u1ee5c v\u1ee5 nh\u1eb1m h\u01b0\u1edbng t\u1edbi s\u1ef1 h\u00e0i l\u00f2ng c\u1ee7a ng\u01b0\u1eddi b\u1ec7nh.<\/p>\n<\/div><\/div>\n<\/div><\/div><\/div>\n<\/div>\n<\/div>\n\n\n\n<div class=\"wp-block-column is-layout-flow wp-block-column-is-layout-flow\">\n<div class=\"wp-block-uagb-container uagb-block-c3fbc52c\">\n<div class=\"wp-block-ultimate-post-row ultp-block-c8718e\"><div class=\"ultp-row-wrapper\"><div class=\"ultp-row-content\">\n<div class=\"wp-block-ultimate-post-column ultp-block-b14696\"><div class=\"ultp-column-wrapper\">      \n\t\t\t<div class=\"uagb-icon-wrapper uagb-block-1fac30c3      \"\n\t\t\tstyle=\"\" >\n\t\t\t\t\t\t\t\t\t<span class=\"uagb-svg-wrapper\" \n\t\t\t\t\t aria-label=\"hand-holding-medical\"\t\t\t\t\ttabindex=\"0\">\t\t\n\t\t\t\t\t\t\t\t\t\t<svg xmlns=\"https:\/\/www.w3.org\/2000\/svg\" viewBox= \"0 0 576 512\" role=\"graphics-symbol\" aria-hidden=\"false\" aria-label=\"\"><path d=\"M568.2 336.3c-13.12-17.81-38.14-21.66-55.93-8.469l-119.7 88.17h-120.6c-8.748 0-15.1-7.25-15.1-15.99c0-8.75 7.25-16 15.1-16h78.25c15.1 0 30.75-10.88 33.37-26.62c3.25-20-12.12-37.38-31.62-37.38H191.1c-26.1 0-53.12 9.25-74.12 26.25l-46.5 37.74L15.1 383.1C7.251 383.1 0 391.3 0 400v95.98C0 504.8 7.251 512 15.1 512h346.1c22.03 0 43.92-7.188 61.7-20.27l135.1-99.52C577.5 379.1 581.3 354.1 568.2 336.3zM160 176h64v64C224 248.8 231.2 256 240 256h64C312.8 256 320 248.8 320 240v-64h64c8.836 0 16-7.164 16-16V96c0-8.838-7.164-16-16-16h-64v-64C320 7.162 312.8 0 304 0h-64C231.2 0 224 7.162 224 16v64H160C151.2 80 144 87.16 144 96v64C144 168.8 151.2 176 160 176z\"><\/path><\/svg>\n\t\t\t\t\t\t\t\t\t<\/span>\n\t\t\t\t\t\t\t<\/div>\n\t\t\t<\/div><\/div>\n\n\n\n<div class=\"wp-block-ultimate-post-column ultp-block-cda09a\"><div class=\"ultp-column-wrapper\">\n<h2 class=\"wp-block-heading has-text-align-center\">S\u1ee9 m\u1ec7nh<\/h2>\n<\/div><\/div>\n\n\n\n<div class=\"wp-block-ultimate-post-column ultp-block-ca6884\"><div class=\"ultp-column-wrapper\">\n<p>Mang l\u1ea1i c\u00e1c d\u1ecbch v\u1ee5 ch\u0103m s\u00f3c s\u1ee9c kh\u1ecfe v\u00e0 \u0111\u00e0o t\u1ea1o ch\u1ea5t l\u01b0\u1ee3ng cao, h\u01b0\u1edbng t\u1edbi s\u1ef1 h\u00e0i l\u00f2ng c\u1ee7a ng\u01b0\u1eddi b\u1ec7nh v\u00e0 nh\u00e2n vi\u00ean y t\u1ebf.<\/p>\n<\/div><\/div>\n<\/div><\/div><\/div>\n\n\n\n<div class=\"wp-block-ultimate-post-row ultp-block-f2ff31\"><div class=\"ultp-row-wrapper\"><div class=\"ultp-row-content\">\n<div class=\"wp-block-ultimate-post-column ultp-block-f0fa9a\"><div class=\"ultp-column-wrapper\">      \n\t\t\t<div class=\"uagb-icon-wrapper uagb-block-2a5d2eb5      \"\n\t\t\tstyle=\"\" >\n\t\t\t\t\t\t\t\t\t<span class=\"uagb-svg-wrapper\" \n\t\t\t\t\t aria-label=\"star\"\t\t\t\t\ttabindex=\"0\">\t\t\n\t\t\t\t\t\t\t\t\t\t<svg xmlns=\"https:\/\/www.w3.org\/2000\/svg\" viewBox= \"0 0 576 512\" role=\"graphics-symbol\" aria-hidden=\"false\" aria-label=\"\"><path d=\"M381.2 150.3L524.9 171.5C536.8 173.2 546.8 181.6 550.6 193.1C554.4 204.7 551.3 217.3 542.7 225.9L438.5 328.1L463.1 474.7C465.1 486.7 460.2 498.9 450.2 506C440.3 513.1 427.2 514 416.5 508.3L288.1 439.8L159.8 508.3C149 514 135.9 513.1 126 506C116.1 498.9 111.1 486.7 113.2 474.7L137.8 328.1L33.58 225.9C24.97 217.3 21.91 204.7 25.69 193.1C29.46 181.6 39.43 173.2 51.42 171.5L195 150.3L259.4 17.97C264.7 6.954 275.9-.0391 288.1-.0391C300.4-.0391 311.6 6.954 316.9 17.97L381.2 150.3z\"><\/path><\/svg>\n\t\t\t\t\t\t\t\t\t<\/span>\n\t\t\t\t\t\t\t<\/div>\n\t\t\t<\/div><\/div>\n\n\n\n<div class=\"wp-block-ultimate-post-column ultp-block-8befaa\"><div class=\"ultp-column-wrapper\">\n<h2 class=\"wp-block-heading has-text-align-center\">Ch\u00ednh s\u00e1ch ch\u1ea5t l\u01b0\u1ee3ng<\/h2>\n<\/div><\/div>\n\n\n\n<div class=\"wp-block-ultimate-post-column ultp-block-bf357b\"><div class=\"ultp-column-wrapper\">\n<p>L\u1ea5y ng\u01b0\u1eddi b\u1ec7nh l\u00e0m trung t\u00e2m, \u0111\u00e1p \u1ee9ng s\u1ef1 mong \u0111\u1ee3i c\u1ee7a ng\u01b0\u1eddi b\u1ec7nh b\u1eb1ng c\u00e1ch \u0111a d\u1ea1ng h\u00f3a d\u1ecbch v\u1ee5 y t\u1ebf \u0111\u1ea3m b\u1ea3o ch\u1ea5t l\u01b0\u1ee3ng, an to\u00e0n ng\u01b0\u1eddi b\u1ec7nh v\u1edbi gi\u00e1 c\u1ea3 h\u1ee3p l\u00fd, t\u00f4n tr\u1ecdng y \u0111\u1ee9c v\u00e0 tu\u00e2n th\u1ee7 ph\u00e1p lu\u1eadt.<\/p>\n\n\n\n<p><\/p>\n\n\n\n<p><\/p>\n<\/div><\/div>\n<\/div><\/div><\/div>\n<\/div>\n<\/div>\n<\/div>\n<\/div>\n<\/div><\/div>\n<\/div><\/div>\n","protected":false},"excerpt":{"rendered":"<p>B\u1ec6NH VI\u1ec6N NH\u00c2N D\u00c2N GIA \u0110\u1ecaNH L\u1ecbch s\u1eed h\u00ecnh th\u00e0nh &nbsp;V\u00e0o nh\u1eefng n\u0103m \u0111\u1ea7u c\u1ee7a th\u1ebf k\u1ef7 XX, t\u1ea1i khu v\u1ef1c t\u1ec9nh Gia \u0110\u1ecbnh l\u00fac b\u1ea5y gi\u1edd, ng\u01b0\u1eddi Ph\u00e1p cho x\u00e2y d\u1ef1ng H\u00f4pital de Gia Dinh\u2013 ti\u1ec1n th\u00e2n c\u1ee7a b\u1ec7nh vi\u1ec7n Nh\u00e2n d\u00e2n Gia \u0110\u1ecbnh ng\u00e0y nay. &nbsp; &nbsp; &nbsp;N\u0103m 1945, &nbsp;Hospital de Gia Dinh [&hellip;]<\/p>\n","protected":false},"author":2,"featured_media":0,"parent":0,"menu_order":0,"comment_status":"closed","ping_status":"closed","template":"fluid-layout.php","meta":{"_regular_price":[],"currency_symbol":[],"inline_featured_image":false,"_uag_custom_page_level_css":"","_monsterinsights_skip_tracking":false,"_monsterinsights_sitenote_active":false,"_monsterinsights_sitenote_note":"","_monsterinsights_sitenote_category":0,"footnotes":""},"class_list":["post-2710","page","type-page","status-publish","hentry"],"aioseo_notices":[],"post_slider_layout_featured_media_urls":{"thumbnail":"","post_slider_layout_landscape_large":"","post_slider_layout_portrait_large":"","post_slider_layout_square_large":"","post_slider_layout_landscape":"","post_slider_layout_portrait":"","post_slider_layout_square":"","full":""},"uagb_featured_image_src":{"full":false,"thumbnail":false,"medium":false,"medium_large":false,"large":false,"PVGM_gallery_admin_thumb":false,"PVGM_gallery_admin_circle":false,"PVGM_gallery_admin_medium":false,"1536x1536":false,"2048x2048":false,"post_slider_layout_landscape_large":false,"post_slider_layout_portrait_large":false,"post_slider_layout_square_large":false,"post_slider_layout_landscape":false,"post_slider_layout_portrait":false,"post_slider_layout_square":false,"ultp_layout_landscape_large":false,"ultp_layout_landscape":false,"ultp_layout_portrait":false,"ultp_layout_square":false,"elixar_section_extra_thumb":false,"elixar_gallery_thumb":false,"elixar_blog_home_thumb":false,"elixar_blog_full_thumb":false,"elixar_blog_sidebar_thumb":false,"woocommerce_thumbnail":false,"woocommerce_single":false,"woocommerce_gallery_thumbnail":false},"uagb_author_info":{"display_name":"B\u00edch H\u1ea1nh","author_link":"https:\/\/bvndgiadinh.org.vn\/?author=2"},"uagb_comment_info":0,"uagb_excerpt":"B\u1ec6NH VI\u1ec6N NH\u00c2N D\u00c2N GIA \u0110\u1ecaNH L\u1ecbch s\u1eed h\u00ecnh th\u00e0nh &nbsp;V\u00e0o nh\u1eefng n\u0103m \u0111\u1ea7u c\u1ee7a th\u1ebf k\u1ef7 XX, t\u1ea1i khu v\u1ef1c t\u1ec9nh Gia \u0110\u1ecbnh l\u00fac b\u1ea5y gi\u1edd, ng\u01b0\u1eddi Ph\u00e1p cho x\u00e2y d\u1ef1ng H\u00f4pital de Gia Dinh\u2013 ti\u1ec1n th\u00e2n c\u1ee7a b\u1ec7nh vi\u1ec7n Nh\u00e2n d\u00e2n Gia \u0110\u1ecbnh ng\u00e0y nay. &nbsp; &nbsp; &nbsp;N\u0103m 1945, &nbsp;Hospital de Gia Dinh&hellip;","_links":{"self":[{"href":"https:\/\/bvndgiadinh.org.vn\/index.php?rest_route=\/wp\/v2\/pages\/2710","targetHints":{"allow":["GET"]}}],"collection":[{"href":"https:\/\/bvndgiadinh.org.vn\/index.php?rest_route=\/wp\/v2\/pages"}],"about":[{"href":"https:\/\/bvndgiadinh.org.vn\/index.php?rest_route=\/wp\/v2\/types\/page"}],"author":[{"embeddable":true,"href":"https:\/\/bvndgiadinh.org.vn\/index.php?rest_route=\/wp\/v2\/users\/2"}],"replies":[{"embeddable":true,"href":"https:\/\/bvndgiadinh.org.vn\/index.php?rest_route=%2Fwp%2Fv2%2Fcomments&post=2710"}],"version-history":[{"count":30,"href":"https:\/\/bvndgiadinh.org.vn\/index.php?rest_route=\/wp\/v2\/pages\/2710\/revisions"}],"predecessor-version":[{"id":4977,"href":"https:\/\/bvndgiadinh.org.vn\/index.php?rest_route=\/wp\/v2\/pages\/2710\/revisions\/4977"}],"wp:attachment":[{"href":"https:\/\/bvndgiadinh.org.vn\/index.php?rest_route=%2Fwp%2Fv2%2Fmedia&parent=2710"}],"curies":[{"name":"wp","href":"https:\/\/api.w.org\/{rel}","templated":true}]}}