

{"id":5247,"date":"2024-03-11T10:32:19","date_gmt":"2024-03-11T03:32:19","guid":{"rendered":"https:\/\/bvndgiadinh.org.vn\/?page_id=5247"},"modified":"2025-04-01T14:35:48","modified_gmt":"2025-04-01T07:35:48","slug":"cai-cach-thu-tuc-hanh-chinh","status":"publish","type":"page","link":"https:\/\/bvndgiadinh.org.vn\/?page_id=5247","title":{"rendered":"C\u1ea3i c\u00e1ch th\u1ee7 t\u1ee5c h\u00e0nh ch\u00ednh"},"content":{"rendered":"\n<p><strong>B\u00e1o c\u00e1o c\u00f4ng t\u00e1c ph\u1ed5 bi\u1ebfn gi\u00e1o d\u1ee5c ph\u00e1p lu\u1eadt n\u0103m 2023 v\u00e0 ph\u01b0\u01a1ng h\u01b0\u1edbng nhi\u1ec7m v\u1ee5 n\u0103m 2024<\/strong><\/p>\n\n\n\n<div data-wp-interactive=\"core\/file\" class=\"wp-block-file\"><object data-wp-bind--hidden=\"!state.hasPdfPreview\" hidden class=\"wp-block-file__embed\" data=\"https:\/\/bvndgiadinh.org.vn\/wp-content\/uploads\/2024\/04\/BC-02_02.1.2024_VE-PHO-BIEN-GIAO-DUC-PHAP-LUAT-NAM-2023-VA-PHUONG-HUONG-NHIEM-VU-2024-1.pdf\" type=\"application\/pdf\" style=\"width:100%;height:600px\" aria-label=\"Nh\u00fang file BC-02_02.1.2024_VE-PHO-BIEN-GIAO-DUC-PHAP-LUAT-NAM-2023-VA-PHUONG-HUONG-NHIEM-VU-2024-1.\"><\/object><a id=\"wp-block-file--media-60e5617d-1ca1-4743-8f97-7c316adba9ef\" href=\"https:\/\/bvndgiadinh.org.vn\/wp-content\/uploads\/2024\/04\/BC-02_02.1.2024_VE-PHO-BIEN-GIAO-DUC-PHAP-LUAT-NAM-2023-VA-PHUONG-HUONG-NHIEM-VU-2024-1.pdf\">BC-02_02.1.2024_VE-PHO-BIEN-GIAO-DUC-PHAP-LUAT-NAM-2023-VA-PHUONG-HUONG-NHIEM-VU-2024-1<\/a><a href=\"https:\/\/bvndgiadinh.org.vn\/wp-content\/uploads\/2024\/04\/BC-02_02.1.2024_VE-PHO-BIEN-GIAO-DUC-PHAP-LUAT-NAM-2023-VA-PHUONG-HUONG-NHIEM-VU-2024-1.pdf\" class=\"wp-block-file__button wp-element-button\" download aria-describedby=\"wp-block-file--media-60e5617d-1ca1-4743-8f97-7c316adba9ef\">T\u1ea3i xu\u1ed1ng<\/a><\/div>\n\n\n\n<p>K\u1ebe HO\u1ea0CH: Tri\u1ec3n khai th\u1ef1c hi\u1ec7n \u0110\u1ec1 \u00e1n &#8220;T\u1ed5 ch\u1ee9c truy\u1ec1n th\u00f4ng ch\u00ednh s\u00e1ch c\u00f3 t\u00e1c \u0111\u1ed9ng l\u1edbn \u0111\u1ebfn x\u00e3 h\u1ed9i trong qu\u00e1 tr\u00ecnh x\u00e2y d\u1ef1ng v\u0103n b\u1ea3n quay ph\u1ea1m ph\u00e1p lu\u1eadt giai \u0111o\u1ea1n 2022-2027&#8221; n\u0103m 2024 t\u1ea1i B\u1ec7nh vi\u1ec7n Nh\u00e2n d\u00e2n Gia \u0110\u1ecbnh<\/p>\n\n\n\n<div data-wp-interactive=\"core\/file\" class=\"wp-block-file\"><object data-wp-bind--hidden=\"!state.hasPdfPreview\" hidden class=\"wp-block-file__embed\" data=\"https:\/\/bvndgiadinh.org.vn\/wp-content\/uploads\/2024\/04\/KH-359_3.4.2024_DE-AN-TO-CHUC-TRUYEN-THONG-CHINH-SACH-XH-GIAI-DOAN-2022_2027-1.pdf\" type=\"application\/pdf\" style=\"width:100%;height:600px\" aria-label=\"Nh\u00fang file KH-359_3.4.2024_DE-AN-TO-CHUC-TRUYEN-THONG-CHINH-SACH-XH-GIAI-DOAN-2022_2027-1.\"><\/object><a id=\"wp-block-file--media-a93e60ce-b715-41b5-842e-b7f95f40a072\" href=\"https:\/\/bvndgiadinh.org.vn\/wp-content\/uploads\/2024\/04\/KH-359_3.4.2024_DE-AN-TO-CHUC-TRUYEN-THONG-CHINH-SACH-XH-GIAI-DOAN-2022_2027-1.pdf\">KH-359_3.4.2024_DE-AN-TO-CHUC-TRUYEN-THONG-CHINH-SACH-XH-GIAI-DOAN-2022_2027-1<\/a><a href=\"https:\/\/bvndgiadinh.org.vn\/wp-content\/uploads\/2024\/04\/KH-359_3.4.2024_DE-AN-TO-CHUC-TRUYEN-THONG-CHINH-SACH-XH-GIAI-DOAN-2022_2027-1.pdf\" class=\"wp-block-file__button wp-element-button\" download aria-describedby=\"wp-block-file--media-a93e60ce-b715-41b5-842e-b7f95f40a072\">T\u1ea3i xu\u1ed1ng<\/a><\/div>\n\n\n\n<p>B\u00e1o c\u00e1o C\u00f4ng t\u00e1c c\u1ea3i c\u00e1ch h\u00e0nh ch\u00ednh qu\u00fd I n\u0103m 2024<\/p>\n\n\n\n<div data-wp-interactive=\"core\/file\" class=\"wp-block-file\"><object data-wp-bind--hidden=\"!state.hasPdfPreview\" hidden class=\"wp-block-file__embed\" data=\"https:\/\/bvndgiadinh.org.vn\/wp-content\/uploads\/2024\/04\/1.pdf\" type=\"application\/pdf\" style=\"width:100%;height:600px\" aria-label=\"Nh\u00fang file 1.\"><\/object><a id=\"wp-block-file--media-31bcc3d8-852b-4390-b07c-8ddcb80a1f48\" href=\"https:\/\/bvndgiadinh.org.vn\/wp-content\/uploads\/2024\/04\/1.pdf\">1<\/a><a href=\"https:\/\/bvndgiadinh.org.vn\/wp-content\/uploads\/2024\/04\/1.pdf\" class=\"wp-block-file__button wp-element-button\" download aria-describedby=\"wp-block-file--media-31bcc3d8-852b-4390-b07c-8ddcb80a1f48\">T\u1ea3i xu\u1ed1ng<\/a><\/div>\n\n\n\n<p>B\u00e1o c\u00e1o S\u1ea3n ph\u1ea9m tuy\u00ean truy\u1ec1n c\u1ea3i c\u00e1ch h\u00e0nh ch\u00ednh qu\u00fd I n\u0103m 2024<\/p>\n\n\n\n<div data-wp-interactive=\"core\/file\" class=\"wp-block-file\"><object data-wp-bind--hidden=\"!state.hasPdfPreview\" hidden class=\"wp-block-file__embed\" data=\"https:\/\/bvndgiadinh.org.vn\/wp-content\/uploads\/2024\/04\/2.pdf\" type=\"application\/pdf\" style=\"width:100%;height:600px\" aria-label=\"Nh\u00fang file 2.\"><\/object><a id=\"wp-block-file--media-a5bc9af6-267b-48c1-bd76-dc9ae3702761\" href=\"https:\/\/bvndgiadinh.org.vn\/wp-content\/uploads\/2024\/04\/2.pdf\">2<\/a><a href=\"https:\/\/bvndgiadinh.org.vn\/wp-content\/uploads\/2024\/04\/2.pdf\" class=\"wp-block-file__button wp-element-button\" download aria-describedby=\"wp-block-file--media-a5bc9af6-267b-48c1-bd76-dc9ae3702761\">T\u1ea3i xu\u1ed1ng<\/a><\/div>\n\n\n\n<p>K\u1ebf ho\u1ea1ch Th\u1ef1c hi\u1ec7n c\u00f4ng t\u00e1c C\u1ea3i c\u00e1ch h\u00e0nh ch\u00ednh n\u0103m 2024 t\u1ea1i B\u1ec7nh vi\u1ec7n Nh\u00e2n d\u00e2n Gia \u0110\u1ecbnh<\/p>\n\n\n\n<div data-wp-interactive=\"core\/file\" class=\"wp-block-file\"><object data-wp-bind--hidden=\"!state.hasPdfPreview\" hidden class=\"wp-block-file__embed\" data=\"https:\/\/bvndgiadinh.org.vn\/wp-content\/uploads\/2024\/04\/3.pdf\" type=\"application\/pdf\" style=\"width:100%;height:600px\" aria-label=\"Nh\u00fang file 3.\"><\/object><a id=\"wp-block-file--media-cdba72f5-ced5-46b5-86c2-6490d255b146\" href=\"https:\/\/bvndgiadinh.org.vn\/wp-content\/uploads\/2024\/04\/3.pdf\">3<\/a><a href=\"https:\/\/bvndgiadinh.org.vn\/wp-content\/uploads\/2024\/04\/3.pdf\" class=\"wp-block-file__button wp-element-button\" download aria-describedby=\"wp-block-file--media-cdba72f5-ced5-46b5-86c2-6490d255b146\">T\u1ea3i xu\u1ed1ng<\/a><\/div>\n\n\n\n<p>B\u00e1o c\u00e1o C\u00f4ng t\u00e1c ph\u1ed5 bi\u1ebfn gi\u00e1o d\u1ee5c ph\u00e1p lu\u1eadt n\u0103m 2023 v\u00e0 ph\u01b0\u01a1ng h\u01b0\u1edbng nhi\u1ec7m v\u1ee5 n\u0103m 2024<\/p>\n\n\n\n<div data-wp-interactive=\"core\/file\" class=\"wp-block-file\"><object data-wp-bind--hidden=\"!state.hasPdfPreview\" hidden class=\"wp-block-file__embed\" data=\"https:\/\/bvndgiadinh.org.vn\/wp-content\/uploads\/2024\/04\/4.pdf\" type=\"application\/pdf\" style=\"width:100%;height:600px\" aria-label=\"Nh\u00fang file 4.\"><\/object><a id=\"wp-block-file--media-1af3d867-0500-4317-b754-bb4918aceae4\" href=\"https:\/\/bvndgiadinh.org.vn\/wp-content\/uploads\/2024\/04\/4.pdf\">4<\/a><a href=\"https:\/\/bvndgiadinh.org.vn\/wp-content\/uploads\/2024\/04\/4.pdf\" class=\"wp-block-file__button wp-element-button\" download aria-describedby=\"wp-block-file--media-1af3d867-0500-4317-b754-bb4918aceae4\">T\u1ea3i xu\u1ed1ng<\/a><\/div>\n\n\n\n<p>K\u1ebf ho\u1ea1ch Th\u1ef1c hi\u1ec7n \u0110\u1ec1 \u00e1n &#8220;Truy\u1ec1n th\u00f4ng v\u1ec1 quy\u1ec1n con ng\u01b0\u1eddi \u1edf Vi\u1ec7t Nam giai \u0111o\u1ea1n 2023-2028&#8221; n\u0103m 2024 t\u1ea1i B\u1ec7nh vi\u1ec7n Nh\u00e2n d\u00e2n Gia \u0110\u1ecbnh<\/p>\n\n\n\n<div data-wp-interactive=\"core\/file\" class=\"wp-block-file\"><object data-wp-bind--hidden=\"!state.hasPdfPreview\" hidden class=\"wp-block-file__embed\" data=\"https:\/\/bvndgiadinh.org.vn\/wp-content\/uploads\/2024\/04\/5.pdf\" type=\"application\/pdf\" style=\"width:100%;height:600px\" aria-label=\"Nh\u00fang file 5.\"><\/object><a id=\"wp-block-file--media-e9aec602-5904-4958-a7d1-bee8e349d114\" href=\"https:\/\/bvndgiadinh.org.vn\/wp-content\/uploads\/2024\/04\/5.pdf\">5<\/a><a href=\"https:\/\/bvndgiadinh.org.vn\/wp-content\/uploads\/2024\/04\/5.pdf\" class=\"wp-block-file__button wp-element-button\" download aria-describedby=\"wp-block-file--media-e9aec602-5904-4958-a7d1-bee8e349d114\">T\u1ea3i xu\u1ed1ng<\/a><\/div>\n\n\n\n<p>Quy\u1ebft \u0111\u1ecbnh v\u1ec1 vi\u1ec7c c\u00f4ng b\u1ed1 th\u1ee7 t\u1ee5c h\u00e0nh ch\u00ednh n\u1ed9i b\u1ed9 c\u1ee7a ph\u00f2ng TCCB<\/p>\n\n\n\n<div data-wp-interactive=\"core\/file\" class=\"wp-block-file\"><object data-wp-bind--hidden=\"!state.hasPdfPreview\" hidden class=\"wp-block-file__embed\" data=\"https:\/\/bvndgiadinh.org.vn\/wp-content\/uploads\/2024\/04\/QD-192_29.02.2024_CONG-BO-THU-TUC-HANH-CHINH-NOI-BO_P.TCCB_.pdf\" type=\"application\/pdf\" style=\"width:100%;height:600px\" aria-label=\"Nh\u00fang file QD-192_29.02.2024_CONG-BO-THU-TUC-HANH-CHINH-NOI-BO_P.TCCB_.\"><\/object><a id=\"wp-block-file--media-b061b43a-482c-4bc6-85c4-f0e04eb5cfbe\" href=\"https:\/\/bvndgiadinh.org.vn\/wp-content\/uploads\/2024\/04\/QD-192_29.02.2024_CONG-BO-THU-TUC-HANH-CHINH-NOI-BO_P.TCCB_.pdf\">QD-192_29.02.2024_CONG-BO-THU-TUC-HANH-CHINH-NOI-BO_P.TCCB_<\/a><a href=\"https:\/\/bvndgiadinh.org.vn\/wp-content\/uploads\/2024\/04\/QD-192_29.02.2024_CONG-BO-THU-TUC-HANH-CHINH-NOI-BO_P.TCCB_.pdf\" class=\"wp-block-file__button wp-element-button\" download aria-describedby=\"wp-block-file--media-b061b43a-482c-4bc6-85c4-f0e04eb5cfbe\">T\u1ea3i xu\u1ed1ng<\/a><\/div>\n\n\n\n<p>Quy\u1ebft \u0111\u1ecbnh v\u1ec1 vi\u1ec7c ban h\u00e0nh c\u00e1c th\u1ee7 t\u1ee5c h\u00e0nh ch\u00ednh t\u1ea1i ph\u00f2ng K\u1ebf ho\u1ea1ch t\u1ed5ng h\u1ee3p BVN\u0110 Gia \u0110\u1ecbnh<\/p>\n\n\n\n<div data-wp-interactive=\"core\/file\" class=\"wp-block-file\"><object data-wp-bind--hidden=\"!state.hasPdfPreview\" hidden class=\"wp-block-file__embed\" data=\"https:\/\/bvndgiadinh.org.vn\/wp-content\/uploads\/2024\/04\/2004-Quyet-dinh-ban-hanh-10-thu-tuc-hanh-chinh-tai-P.KHTH_.pdf\" type=\"application\/pdf\" style=\"width:100%;height:600px\" aria-label=\"Nh\u00fang file 2004-Quyet-dinh-ban-hanh-10-thu-tuc-hanh-chinh-tai-P.KHTH_.\"><\/object><a id=\"wp-block-file--media-bcae35ae-0267-48ce-abc0-a8fe2c22440d\" href=\"https:\/\/bvndgiadinh.org.vn\/wp-content\/uploads\/2024\/04\/2004-Quyet-dinh-ban-hanh-10-thu-tuc-hanh-chinh-tai-P.KHTH_.pdf\">2004-Quyet-dinh-ban-hanh-10-thu-tuc-hanh-chinh-tai-P.KHTH_<\/a><a href=\"https:\/\/bvndgiadinh.org.vn\/wp-content\/uploads\/2024\/04\/2004-Quyet-dinh-ban-hanh-10-thu-tuc-hanh-chinh-tai-P.KHTH_.pdf\" class=\"wp-block-file__button wp-element-button\" download aria-describedby=\"wp-block-file--media-bcae35ae-0267-48ce-abc0-a8fe2c22440d\">T\u1ea3i xu\u1ed1ng<\/a><\/div>\n\n\n\n<p>Quy\u1ebft \u0111\u1ecbnh v\u1ec1 vi\u1ec7c c\u00f4ng b\u1ed1 k\u1ebft qu\u1ea3 h\u1ec7 th\u1ed1ng h\u00f3a v\u0103n b\u1ea3n quy ph\u1ea1m ph\u00e1p lu\u1eadt thu\u1ed9c l\u00ednh v\u1ef1c qu\u1ea3n l\u00fd nh\u00e0 n\u01b0\u1edbc c\u1ee7a B\u1ed9 Y t\u1ebf n\u0103m 2019 -2023<\/p>\n\n\n\n<div data-wp-interactive=\"core\/file\" class=\"wp-block-file\"><object data-wp-bind--hidden=\"!state.hasPdfPreview\" hidden class=\"wp-block-file__embed\" data=\"https:\/\/bvndgiadinh.org.vn\/wp-content\/uploads\/2024\/04\/456-qdb.signed_cong-bo.pdf\" type=\"application\/pdf\" style=\"width:100%;height:600px\" aria-label=\"Nh\u00fang file 456-qdb.signed_cong-bo.\"><\/object><a id=\"wp-block-file--media-8ab4e8f1-983f-43db-a39e-74829fa57d01\" href=\"https:\/\/bvndgiadinh.org.vn\/wp-content\/uploads\/2024\/04\/456-qdb.signed_cong-bo.pdf\">456-qdb.signed_cong-bo<\/a><a href=\"https:\/\/bvndgiadinh.org.vn\/wp-content\/uploads\/2024\/04\/456-qdb.signed_cong-bo.pdf\" class=\"wp-block-file__button wp-element-button\" download aria-describedby=\"wp-block-file--media-8ab4e8f1-983f-43db-a39e-74829fa57d01\">T\u1ea3i xu\u1ed1ng<\/a><\/div>\n\n\n\n<p>Th\u00f4ng tin, tuy\u00ean truy\u1ec1n c\u1ea3i c\u00e1ch h\u00e0nh ch\u00ednh n\u0103m 2024 t\u1ea1i B\u1ec7nh vi\u1ec7n Nh\u00e2n d\u00e2n Gia \u0110\u1ecbnh<\/p>\n\n\n\n<div data-wp-interactive=\"core\/file\" class=\"wp-block-file\"><object data-wp-bind--hidden=\"!state.hasPdfPreview\" hidden class=\"wp-block-file__embed\" data=\"https:\/\/bvndgiadinh.org.vn\/wp-content\/uploads\/2024\/04\/KH-569_25.4.2024_THONG-TIN-TUYEN-TRUYEN-CCHC-2024-1.pdf\" type=\"application\/pdf\" style=\"width:100%;height:600px\" aria-label=\"Nh\u00fang file KH-569_25.4.2024_THONG-TIN-TUYEN-TRUYEN-CCHC-2024-1.\"><\/object><a id=\"wp-block-file--media-13fc4769-b704-4de7-a6f3-d4d0d4bb8c63\" href=\"https:\/\/bvndgiadinh.org.vn\/wp-content\/uploads\/2024\/04\/KH-569_25.4.2024_THONG-TIN-TUYEN-TRUYEN-CCHC-2024-1.pdf\">KH-569_25.4.2024_THONG-TIN-TUYEN-TRUYEN-CCHC-2024-1<\/a><a href=\"https:\/\/bvndgiadinh.org.vn\/wp-content\/uploads\/2024\/04\/KH-569_25.4.2024_THONG-TIN-TUYEN-TRUYEN-CCHC-2024-1.pdf\" class=\"wp-block-file__button wp-element-button\" download aria-describedby=\"wp-block-file--media-13fc4769-b704-4de7-a6f3-d4d0d4bb8c63\">T\u1ea3i xu\u1ed1ng<\/a><\/div>\n\n\n\n<p>K\u1ebf ho\u1ea1ch Ph\u00e1t \u0111\u1ed9ng phong tr\u00e0o thi \u0111ua y\u00eau n\u01b0\u1edbc v\u00e0 b\u1ea3o \u0111\u1ea3m tr\u1eadt t\u1ef1, an to\u00e0n giao th\u00f4ng n\u0103m 2024 t\u1ea1i B\u1ec7nh vi\u1ec7n Nh\u00e2n d\u00e2n Gia \u0110\u1ecbnh<\/p>\n\n\n\n<div data-wp-interactive=\"core\/file\" class=\"wp-block-file\"><object data-wp-bind--hidden=\"!state.hasPdfPreview\" hidden class=\"wp-block-file__embed\" data=\"https:\/\/bvndgiadinh.org.vn\/wp-content\/uploads\/2024\/04\/KH-571_25.4.2024_PHONG-TRAO-THI-DUA-YEU-NUOC-VA-DAM-BAO-TRAT-TU-AN-TOAN-GIAO-THONG-NAM-2024.pdf\" type=\"application\/pdf\" style=\"width:100%;height:600px\" aria-label=\"Nh\u00fang file KH-571_25.4.2024_PHONG-TRAO-THI-DUA-YEU-NUOC-VA-DAM-BAO-TRAT-TU-AN-TOAN-GIAO-THONG-NAM-2024.\"><\/object><a id=\"wp-block-file--media-36fd4864-dbf2-42fa-b4e8-e8895a7111f0\" href=\"https:\/\/bvndgiadinh.org.vn\/wp-content\/uploads\/2024\/04\/KH-571_25.4.2024_PHONG-TRAO-THI-DUA-YEU-NUOC-VA-DAM-BAO-TRAT-TU-AN-TOAN-GIAO-THONG-NAM-2024.pdf\">KH-571_25.4.2024_PHONG-TRAO-THI-DUA-YEU-NUOC-VA-DAM-BAO-TRAT-TU-AN-TOAN-GIAO-THONG-NAM-2024<\/a><a href=\"https:\/\/bvndgiadinh.org.vn\/wp-content\/uploads\/2024\/04\/KH-571_25.4.2024_PHONG-TRAO-THI-DUA-YEU-NUOC-VA-DAM-BAO-TRAT-TU-AN-TOAN-GIAO-THONG-NAM-2024.pdf\" class=\"wp-block-file__button wp-element-button\" download aria-describedby=\"wp-block-file--media-36fd4864-dbf2-42fa-b4e8-e8895a7111f0\">T\u1ea3i xu\u1ed1ng<\/a><\/div>\n\n\n\n<p>Th\u00f4ng b\u00e1o V\u1ec1 vi\u1ec7c c\u1eadp nh\u1eadt khuy\u1ebfn c\u00e1o t\u0103ng c\u01b0\u1eddng tri\u1ec3n khai c\u00e1c ho\u1ea1t \u0111\u1ed9ng \u0111\u1ea3m b\u1ea3o an to\u00e0n cho nh\u00e2n vi\u00ean y t\u1ebf t\u1ea1i B\u1ec7nh vi\u1ec7n Nh\u00e2n d\u00e2n Gia \u0110\u1ecbnh<\/p>\n\n\n\n<div data-wp-interactive=\"core\/file\" class=\"wp-block-file\"><object data-wp-bind--hidden=\"!state.hasPdfPreview\" hidden class=\"wp-block-file__embed\" data=\"https:\/\/bvndgiadinh.org.vn\/wp-content\/uploads\/2024\/04\/TB-1011_25.4.2024_CAP-NHAT-KHUYEN-CAO-TANG-CUONG-TRIEN-KHAI-CAC-HOAT-DONG-DAM-BAO-AN-TOAN-NVYT.pdf\" type=\"application\/pdf\" style=\"width:100%;height:600px\" aria-label=\"Nh\u00fang file TB-1011_25.4.2024_CAP-NHAT-KHUYEN-CAO-TANG-CUONG-TRIEN-KHAI-CAC-HOAT-DONG-DAM-BAO-AN-TOAN-NVYT.\"><\/object><a id=\"wp-block-file--media-ffb5794c-a2f6-4636-a823-a3652fd94b43\" href=\"https:\/\/bvndgiadinh.org.vn\/wp-content\/uploads\/2024\/04\/TB-1011_25.4.2024_CAP-NHAT-KHUYEN-CAO-TANG-CUONG-TRIEN-KHAI-CAC-HOAT-DONG-DAM-BAO-AN-TOAN-NVYT.pdf\">TB-1011_25.4.2024_CAP-NHAT-KHUYEN-CAO-TANG-CUONG-TRIEN-KHAI-CAC-HOAT-DONG-DAM-BAO-AN-TOAN-NVYT<\/a><a href=\"https:\/\/bvndgiadinh.org.vn\/wp-content\/uploads\/2024\/04\/TB-1011_25.4.2024_CAP-NHAT-KHUYEN-CAO-TANG-CUONG-TRIEN-KHAI-CAC-HOAT-DONG-DAM-BAO-AN-TOAN-NVYT.pdf\" class=\"wp-block-file__button wp-element-button\" download aria-describedby=\"wp-block-file--media-ffb5794c-a2f6-4636-a823-a3652fd94b43\">T\u1ea3i xu\u1ed1ng<\/a><\/div>\n\n\n\n<p><strong>Ph\u1ed5 bi\u1ebfn, gi\u00e1o d\u1ee5c ph\u00e1p lu\u1eadt:<\/strong> <a href=\"https:\/\/bvndgiadinh.org.vn\/?p=6388\" target=\"_blank\" rel=\"noopener\" title=\"\">https:\/\/bvndgiadinh.org.vn\/?p=6388<\/a><\/p>\n\n\n\n<div class=\"wp-block-uagb-image uagb-block-4c79f1fa wp-block-uagb-image--layout-default wp-block-uagb-image--effect-static wp-block-uagb-image--align-none\"><figure class=\"wp-block-uagb-image__figure\"><img decoding=\"async\" src=\"https:\/\/bvndgiadinh.org.vn\/wp-content\/uploads\/2024\/07\/DSC3175-scaled.jpg\" alt=\"\" class=\"uag-image-6390\" width=\"2560\" height=\"1707\" title=\"DSC3175\" loading=\"lazy\" role=\"img\" \/><\/figure><\/div>\n\n\n\n<p><\/p>\n\n\n\n<p><strong>S\u1ea3n ph\u1ea9m tuy\u00ean truy\u1ec1n c\u1ea3i c\u00e1ch h\u00e0nh ch\u00ednh qu\u00fd III\/2023<\/strong><\/p>\n\n\n\n<div data-wp-interactive=\"core\/file\" class=\"wp-block-file\"><object data-wp-bind--hidden=\"!state.hasPdfPreview\" hidden class=\"wp-block-file__embed\" data=\"https:\/\/bvndgiadinh.org.vn\/wp-content\/uploads\/2024\/07\/BC-SO-2290_11.9.2023_SP-TUYEN-TRUYEN-CCHC-QUY-III_2023.pdf\" type=\"application\/pdf\" style=\"width:100%;height:600px\" aria-label=\"Nh\u00fang file BC-SO-2290_11.9.2023_SP-TUYEN-TRUYEN-CCHC-QUY-III_2023.\"><\/object><a id=\"wp-block-file--media-a00cfa78-f5a9-4408-94da-eab8ad79ec51\" href=\"https:\/\/bvndgiadinh.org.vn\/wp-content\/uploads\/2024\/07\/BC-SO-2290_11.9.2023_SP-TUYEN-TRUYEN-CCHC-QUY-III_2023.pdf\">BC-SO-2290_11.9.2023_SP-TUYEN-TRUYEN-CCHC-QUY-III_2023<\/a><a href=\"https:\/\/bvndgiadinh.org.vn\/wp-content\/uploads\/2024\/07\/BC-SO-2290_11.9.2023_SP-TUYEN-TRUYEN-CCHC-QUY-III_2023.pdf\" class=\"wp-block-file__button wp-element-button\" download aria-describedby=\"wp-block-file--media-a00cfa78-f5a9-4408-94da-eab8ad79ec51\">T\u1ea3i xu\u1ed1ng<\/a><\/div>\n\n\n\n<p><\/p>\n\n\n\n<p><strong>S\u1ea3n ph\u1ea9m tuy\u00ean truy\u1ec1n c\u1ea3i c\u00e1ch h\u00e0nh ch\u00ednh qu\u00fd IV\/2023<\/strong><\/p>\n\n\n\n<div data-wp-interactive=\"core\/file\" class=\"wp-block-file\"><object data-wp-bind--hidden=\"!state.hasPdfPreview\" hidden class=\"wp-block-file__embed\" data=\"https:\/\/bvndgiadinh.org.vn\/wp-content\/uploads\/2024\/07\/BC-2921_13.11.2023-VE-SP-TUYEN-TRUYEN-CCHC-QIV.2023.pdf\" type=\"application\/pdf\" style=\"width:100%;height:600px\" aria-label=\"Nh\u00fang file BC-2921_13.11.2023-VE-SP-TUYEN-TRUYEN-CCHC-QIV.2023.\"><\/object><a id=\"wp-block-file--media-cd1b6730-38ee-413e-adca-4d49cca52b67\" href=\"https:\/\/bvndgiadinh.org.vn\/wp-content\/uploads\/2024\/07\/BC-2921_13.11.2023-VE-SP-TUYEN-TRUYEN-CCHC-QIV.2023.pdf\">BC-2921_13.11.2023-VE-SP-TUYEN-TRUYEN-CCHC-QIV.2023<\/a><a href=\"https:\/\/bvndgiadinh.org.vn\/wp-content\/uploads\/2024\/07\/BC-2921_13.11.2023-VE-SP-TUYEN-TRUYEN-CCHC-QIV.2023.pdf\" class=\"wp-block-file__button wp-element-button\" download aria-describedby=\"wp-block-file--media-cd1b6730-38ee-413e-adca-4d49cca52b67\">T\u1ea3i xu\u1ed1ng<\/a><\/div>\n\n\n\n<p><strong>Ph\u1ed5 bi\u1ebfn, gi\u00e1o d\u1ee5c ph\u00e1p lu\u1eadt:<\/strong> <a href=\"https:\/\/bvndgiadinh.org.vn\/?p=6775\" target=\"_blank\" rel=\"noopener\" title=\"\">https:\/\/bvndgiadinh.org.vn\/?p=6775<\/a><\/p>\n\n\n\n<div class=\"wp-block-uagb-image uagb-block-8ac7357f wp-block-uagb-image--layout-default wp-block-uagb-image--effect-static wp-block-uagb-image--align-none\"><figure class=\"wp-block-uagb-image__figure\"><img decoding=\"async\" src=\"https:\/\/bvndgiadinh.org.vn\/wp-content\/uploads\/2024\/09\/DSC09676-1-1024x683.jpg\" alt=\"\" class=\"uag-image-6786\" width=\"6000\" height=\"4000\" title=\"DSC09676\" loading=\"lazy\" role=\"img\" \/><\/figure><\/div>\n\n\n\n<p><\/p>\n\n\n\n<p>B\u00e1o c\u00e1o s\u1ea3n ph\u1ea9m tuy\u00ean truy\u1ec1n c\u1ea3i c\u00e1ch h\u00e0nh ch\u00ednh Qu\u00fd IV n\u0103m 2024<\/p>\n\n\n\n<div data-wp-interactive=\"core\/file\" class=\"wp-block-file\"><object data-wp-bind--hidden=\"!state.hasPdfPreview\" hidden class=\"wp-block-file__embed\" data=\"https:\/\/bvndgiadinh.org.vn\/wp-content\/uploads\/2024\/12\/BC-3459_05.12.2024_BAO-CAO-SP-TUYEN-TRUYEN-CCHC-Q4.2024-1.pdf\" type=\"application\/pdf\" style=\"width:100%;height:600px\" aria-label=\"Nh\u00fang file BC 3459_05.12.2024_BAO CAO SP TUYEN TRUYEN CCHC Q4.2024.\"><\/object><a id=\"wp-block-file--media-d796d13d-9f5d-44e4-9f66-142ba4d2c7bf\" href=\"https:\/\/bvndgiadinh.org.vn\/wp-content\/uploads\/2024\/12\/BC-3459_05.12.2024_BAO-CAO-SP-TUYEN-TRUYEN-CCHC-Q4.2024-1.pdf\">BC 3459_05.12.2024_BAO CAO SP TUYEN TRUYEN CCHC Q4.2024<\/a><a href=\"https:\/\/bvndgiadinh.org.vn\/wp-content\/uploads\/2024\/12\/BC-3459_05.12.2024_BAO-CAO-SP-TUYEN-TRUYEN-CCHC-Q4.2024-1.pdf\" class=\"wp-block-file__button wp-element-button\" download aria-describedby=\"wp-block-file--media-d796d13d-9f5d-44e4-9f66-142ba4d2c7bf\">T\u1ea3i xu\u1ed1ng<\/a><\/div>\n\n\n\n<p><\/p>\n\n\n\n<p>B\u00e1o c\u00e1o c\u00f4ng t\u00e1c c\u1ea3i c\u00e1ch h\u00e0nh ch\u00ednh Qu\u00fd IV n\u0103m 2024<\/p>\n\n\n\n<div data-wp-interactive=\"core\/file\" class=\"wp-block-file\"><object data-wp-bind--hidden=\"!state.hasPdfPreview\" hidden class=\"wp-block-file__embed\" data=\"https:\/\/bvndgiadinh.org.vn\/wp-content\/uploads\/2024\/12\/BC-3460_05.12.2024_CONG-TAC-CCHC-Q4.2024-1.pdf\" type=\"application\/pdf\" style=\"width:100%;height:600px\" aria-label=\"Nh\u00fang file BC 3460_05.12.2024_CONG TAC CCHC Q4.2024.\"><\/object><a id=\"wp-block-file--media-92dad066-d413-41f7-b88d-426e9574176d\" href=\"https:\/\/bvndgiadinh.org.vn\/wp-content\/uploads\/2024\/12\/BC-3460_05.12.2024_CONG-TAC-CCHC-Q4.2024-1.pdf\">BC 3460_05.12.2024_CONG TAC CCHC Q4.2024<\/a><a href=\"https:\/\/bvndgiadinh.org.vn\/wp-content\/uploads\/2024\/12\/BC-3460_05.12.2024_CONG-TAC-CCHC-Q4.2024-1.pdf\" class=\"wp-block-file__button wp-element-button\" download aria-describedby=\"wp-block-file--media-92dad066-d413-41f7-b88d-426e9574176d\">T\u1ea3i xu\u1ed1ng<\/a><\/div>\n\n\n\n<p><strong>Ph\u1ed5 bi\u1ebfn, gi\u00e1o d\u1ee5c ph\u00e1p lu\u1eadt:<\/strong> <a href=\"https:\/\/bvndgiadinh.org.vn\/?p=8362\" target=\"_blank\" rel=\"noreferrer noopener\">https:\/\/bvndgiadinh.org.vn\/?p=8362<\/a><\/p>\n\n\n\n<div class=\"wp-block-uagb-image uagb-block-77f89e9a wp-block-uagb-image--layout-default wp-block-uagb-image--effect-static wp-block-uagb-image--align-none\"><figure class=\"wp-block-uagb-image__figure\"><img decoding=\"async\" src=\"https:\/\/bvndgiadinh.org.vn\/wp-content\/uploads\/2025\/02\/DSC09859-1024x683.jpg\" alt=\"\" class=\"uag-image-8367\" width=\"1024\" height=\"683\" title=\"DSC09859\" loading=\"lazy\" role=\"img\" \/><\/figure><\/div>\n\n\n\n<p><\/p>\n\n\n\n<p>L\u1ecbch ti\u1ebfp c\u00f4ng d\u00e2n qu\u00fd II\/2025<\/p>\n\n\n\n<div data-wp-interactive=\"core\/file\" class=\"wp-block-file\"><object data-wp-bind--hidden=\"!state.hasPdfPreview\" hidden class=\"wp-block-file__embed\" data=\"https:\/\/bvndgiadinh.org.vn\/wp-content\/uploads\/2025\/04\/Thong-bao-lich-tiep-cong-dan-quy-2-25_0001.pdf\" type=\"application\/pdf\" style=\"width:100%;height:600px\" aria-label=\"Nh\u00fang file Thong bao lich tiep cong dan quy 2-25_0001.\"><\/object><a id=\"wp-block-file--media-c6c0de75-33eb-462b-9ea3-3224babf6dcf\" href=\"https:\/\/bvndgiadinh.org.vn\/wp-content\/uploads\/2025\/04\/Thong-bao-lich-tiep-cong-dan-quy-2-25_0001.pdf\">Thong bao lich tiep cong dan quy 2-25_0001<\/a><a href=\"https:\/\/bvndgiadinh.org.vn\/wp-content\/uploads\/2025\/04\/Thong-bao-lich-tiep-cong-dan-quy-2-25_0001.pdf\" class=\"wp-block-file__button wp-element-button\" download aria-describedby=\"wp-block-file--media-c6c0de75-33eb-462b-9ea3-3224babf6dcf\">T\u1ea3i xu\u1ed1ng<\/a><\/div>\n","protected":false},"excerpt":{"rendered":"<p>B\u00e1o c\u00e1o c\u00f4ng t\u00e1c ph\u1ed5 bi\u1ebfn gi\u00e1o d\u1ee5c ph\u00e1p lu\u1eadt n\u0103m 2023 v\u00e0 ph\u01b0\u01a1ng h\u01b0\u1edbng nhi\u1ec7m v\u1ee5 n\u0103m 2024 K\u1ebe HO\u1ea0CH: Tri\u1ec3n khai th\u1ef1c hi\u1ec7n \u0110\u1ec1 \u00e1n &#8220;T\u1ed5 ch\u1ee9c truy\u1ec1n th\u00f4ng ch\u00ednh s\u00e1ch c\u00f3 t\u00e1c \u0111\u1ed9ng l\u1edbn \u0111\u1ebfn x\u00e3 h\u1ed9i trong qu\u00e1 tr\u00ecnh x\u00e2y d\u1ef1ng v\u0103n b\u1ea3n quay ph\u1ea1m ph\u00e1p lu\u1eadt giai \u0111o\u1ea1n 2022-2027&#8221; n\u0103m [&hellip;]<\/p>\n","protected":false},"author":5,"featured_media":0,"parent":0,"menu_order":0,"comment_status":"closed","ping_status":"closed","template":"","meta":{"_regular_price":[],"currency_symbol":[],"inline_featured_image":false,"_uag_custom_page_level_css":"","_monsterinsights_skip_tracking":false,"_monsterinsights_sitenote_active":false,"_monsterinsights_sitenote_note":"","_monsterinsights_sitenote_category":0,"footnotes":""},"class_list":["post-5247","page","type-page","status-publish","hentry"],"aioseo_notices":[],"post_slider_layout_featured_media_urls":{"thumbnail":"","post_slider_layout_landscape_large":"","post_slider_layout_portrait_large":"","post_slider_layout_square_large":"","post_slider_layout_landscape":"","post_slider_layout_portrait":"","post_slider_layout_square":"","full":""},"uagb_featured_image_src":{"full":false,"thumbnail":false,"medium":false,"medium_large":false,"large":false,"PVGM_gallery_admin_thumb":false,"PVGM_gallery_admin_circle":false,"PVGM_gallery_admin_medium":false,"1536x1536":false,"2048x2048":false,"post_slider_layout_landscape_large":false,"post_slider_layout_portrait_large":false,"post_slider_layout_square_large":false,"post_slider_layout_landscape":false,"post_slider_layout_portrait":false,"post_slider_layout_square":false,"ultp_layout_landscape_large":false,"ultp_layout_landscape":false,"ultp_layout_portrait":false,"ultp_layout_square":false,"elixar_section_extra_thumb":false,"elixar_gallery_thumb":false,"elixar_blog_home_thumb":false,"elixar_blog_full_thumb":false,"elixar_blog_sidebar_thumb":false,"woocommerce_thumbnail":false,"woocommerce_single":false,"woocommerce_gallery_thumbnail":false},"uagb_author_info":{"display_name":"Ph\u1ea1m Kh\u00e1nh Nh\u1eadt","author_link":"https:\/\/bvndgiadinh.org.vn\/?author=5"},"uagb_comment_info":0,"uagb_excerpt":"B\u00e1o c\u00e1o c\u00f4ng t\u00e1c ph\u1ed5 bi\u1ebfn gi\u00e1o d\u1ee5c ph\u00e1p lu\u1eadt n\u0103m 2023 v\u00e0 ph\u01b0\u01a1ng h\u01b0\u1edbng nhi\u1ec7m v\u1ee5 n\u0103m 2024 K\u1ebe HO\u1ea0CH: Tri\u1ec3n khai th\u1ef1c hi\u1ec7n \u0110\u1ec1 \u00e1n &#8220;T\u1ed5 ch\u1ee9c truy\u1ec1n th\u00f4ng ch\u00ednh s\u00e1ch c\u00f3 t\u00e1c \u0111\u1ed9ng l\u1edbn \u0111\u1ebfn x\u00e3 h\u1ed9i trong qu\u00e1 tr\u00ecnh x\u00e2y d\u1ef1ng v\u0103n b\u1ea3n quay ph\u1ea1m ph\u00e1p lu\u1eadt giai \u0111o\u1ea1n 2022-2027&#8221; n\u0103m&hellip;","_links":{"self":[{"href":"https:\/\/bvndgiadinh.org.vn\/index.php?rest_route=\/wp\/v2\/pages\/5247","targetHints":{"allow":["GET"]}}],"collection":[{"href":"https:\/\/bvndgiadinh.org.vn\/index.php?rest_route=\/wp\/v2\/pages"}],"about":[{"href":"https:\/\/bvndgiadinh.org.vn\/index.php?rest_route=\/wp\/v2\/types\/page"}],"author":[{"embeddable":true,"href":"https:\/\/bvndgiadinh.org.vn\/index.php?rest_route=\/wp\/v2\/users\/5"}],"replies":[{"embeddable":true,"href":"https:\/\/bvndgiadinh.org.vn\/index.php?rest_route=%2Fwp%2Fv2%2Fcomments&post=5247"}],"version-history":[{"count":10,"href":"https:\/\/bvndgiadinh.org.vn\/index.php?rest_route=\/wp\/v2\/pages\/5247\/revisions"}],"predecessor-version":[{"id":7805,"href":"https:\/\/bvndgiadinh.org.vn\/index.php?rest_route=\/wp\/v2\/pages\/5247\/revisions\/7805"}],"wp:attachment":[{"href":"https:\/\/bvndgiadinh.org.vn\/index.php?rest_route=%2Fwp%2Fv2%2Fmedia&parent=5247"}],"curies":[{"name":"wp","href":"https:\/\/api.w.org\/{rel}","templated":true}]}}