

{"id":7703,"date":"2024-12-13T10:24:50","date_gmt":"2024-12-13T03:24:50","guid":{"rendered":"https:\/\/bvndgiadinh.org.vn\/?page_id=7703"},"modified":"2024-12-17T21:16:05","modified_gmt":"2024-12-17T14:16:05","slug":"thanh-tuu-noi-bat","status":"publish","type":"page","link":"https:\/\/bvndgiadinh.org.vn\/?page_id=7703","title":{"rendered":"Th\u00e0nh T\u1ef1u N\u1ed5i B\u1eadt"},"content":{"rendered":"\n<div data-aos= \"slide-down\" data-aos-duration=\"400\" data-aos-delay=\"0\" data-aos-easing=\"ease\" data-aos-once=\"true\" class=\"wp-block-uagb-content-timeline uagb-timeline__outer-wrap uagb-block-865a2381 uagb-timeline__content-wrap uagb-timeline__center-block  uagb-timeline__arrow-center uagb-timeline\">\n<article class=\"wp-block-uagb-content-timeline-child uagb-timeline__field uagb-timeline-child-37dc97bd uagb-timeline__right\"><div class=\"uagb-timeline__marker out-view-uagb-timeline__icon\"><svg xmlns=\"https:\/\/www.w3.org\/2000\/svg\" viewBox=\"0 0 576 512\"><path d=\"M576 136c0 22.09-17.91 40-40 40c-.248 0-.4551-.1266-.7031-.1305l-50.52 277.9C482 468.9 468.8 480 453.3 480H122.7c-15.46 0-28.72-11.06-31.48-26.27L40.71 175.9C40.46 175.9 40.25 176 39.1 176c-22.09 0-40-17.91-40-40S17.91 96 39.1 96s40 17.91 40 40c0 8.998-3.521 16.89-8.537 23.57l89.63 71.7c15.91 12.73 39.5 7.544 48.61-10.68l57.6-115.2C255.1 98.34 247.1 86.34 247.1 72C247.1 49.91 265.9 32 288 32s39.1 17.91 39.1 40c0 14.34-7.963 26.34-19.3 33.4l57.6 115.2c9.111 18.22 32.71 23.4 48.61 10.68l89.63-71.7C499.5 152.9 496 144.1 496 136C496 113.9 513.9 96 536 96S576 113.9 576 136z\"><\/path><\/svg><\/div><div class=\"uagb-timeline__day-new uagb-timeline__day-right uagb-timeline__events-inner-new\"><div class=\"uagb-timeline__events-inner--content\"><div class=\"uagb-timeline__date-hide uagb-timeline__inner-date-new\">12\/11\/2024<\/div><h3 class=\"uagb-timeline__heading\"><a><strong>B\u1ec7nh vi\u1ec7n \u0111a khoa \u0111\u1ea7u ti\u00ean t\u1ea1i Vi\u1ec7t Nam \u0111\u1ea1t ch\u1ee9ng nh\u1eadn v\u00e0ng trong \u0111i\u1ec1u tr\u1ecb suy tim<\/strong><\/a><\/h3><p class=\"uagb-timeline-desc-content\">Tr\u00f2n 1 n\u0103m sau khi \u0111\u00f3n nh\u1eadn \u201cCh\u1ee9ng nh\u1eadn b\u1ea1c\u201d v\u1ec1 \u0111i\u1ec1u tr\u1ecb suy tim c\u1ee7a H\u1ed9i Tim Hoa K\u1ef3 (AHA), ng\u00e0y 11\/12\/2024, b\u1ec7nh vi\u1ec7n Nh\u00e2n d\u00e2n Gia \u0110\u1ecbnh ti\u1ebfp t\u1ee5c vinh d\u1ef1 \u0111\u00f3n nh\u1eadn \u201cCh\u1ee9ng nh\u1eadn v\u00e0ng\u201d. \u0110\u00e2y l\u00e0 b\u1ec7nh vi\u1ec7n \u0111a khoa \u0111\u1ea7u ti\u00ean \u1edf n\u01b0\u1edbc ta \u0111\u1ea1t ch\u1ee9ng nh\u1eadn danh gi\u00e1 n\u00e0y<br><img decoding=\"async\" src=\"https:\/\/bvndgiadinh.org.vn\/wp-content\/uploads\/2024\/12\/e545e0af2f389566cc29-1024x715.jpg\" alt=\"\"><\/p><div class=\"uagb-timeline__arrow\"><\/div><\/div><\/div><div class=\"uagb-timeline__date-new\">12\/11\/2024<\/div><\/article>\n\n\n\n<article class=\"wp-block-uagb-content-timeline-child uagb-timeline__field uagb-timeline-child-23c3355d uagb-timeline__left\"><div class=\"uagb-timeline__marker out-view-uagb-timeline__icon\"><svg xmlns=\"https:\/\/www.w3.org\/2000\/svg\" viewBox=\"0 0 576 512\"><path d=\"M576 136c0 22.09-17.91 40-40 40c-.248 0-.4551-.1266-.7031-.1305l-50.52 277.9C482 468.9 468.8 480 453.3 480H122.7c-15.46 0-28.72-11.06-31.48-26.27L40.71 175.9C40.46 175.9 40.25 176 39.1 176c-22.09 0-40-17.91-40-40S17.91 96 39.1 96s40 17.91 40 40c0 8.998-3.521 16.89-8.537 23.57l89.63 71.7c15.91 12.73 39.5 7.544 48.61-10.68l57.6-115.2C255.1 98.34 247.1 86.34 247.1 72C247.1 49.91 265.9 32 288 32s39.1 17.91 39.1 40c0 14.34-7.963 26.34-19.3 33.4l57.6 115.2c9.111 18.22 32.71 23.4 48.61 10.68l89.63-71.7C499.5 152.9 496 144.1 496 136C496 113.9 513.9 96 536 96S576 113.9 576 136z\"><\/path><\/svg><\/div><div class=\"uagb-timeline__day-new uagb-timeline__day-left uagb-timeline__events-inner-new\"><div class=\"uagb-timeline__events-inner--content\"><div class=\"uagb-timeline__date-hide uagb-timeline__inner-date-new\">26\/11\/2024<\/div><h3 class=\"uagb-timeline__heading\"><a><strong>\u0110\u1ea1t h\u1ec7 th\u1ed1ng qu\u1ea3n l\u00fd ch\u1ea5t l\u01b0\u1ee3ng ph\u00f2ng x\u00e9t nghi\u1ec7m theo ISO 15189:2022<\/strong><\/a><\/h3><p class=\"uagb-timeline-desc-content\">Vi\u1ec7c \u0111\u1ea1t \u0111\u01b0\u1ee3c ch\u1ee9ng nh\u1eadn ISO 15189:2022 \u0111\u00e3 mang l\u1ea1i nhi\u1ec1u l\u1ee3i \u00edch thi\u1ebft th\u1ef1c. \u0110\u1ed1i v\u1edbi ng\u01b0\u1eddi b\u1ec7nh, \u0111\u00e2y l\u00e0 s\u1ef1 b\u1ea3o \u0111\u1ea3m v\u1ec1 ch\u1ea5t l\u01b0\u1ee3ng v\u00e0 \u0111\u1ed9 tin c\u1eady c\u1ee7a c\u00e1c d\u1ecbch v\u1ee5 x\u00e9t nghi\u1ec7m. \u0110\u1ed1i v\u1edbi ng\u00e0nh y t\u1ebf, \u0111\u00e2y l\u00e0 \u0111\u1ed9ng l\u1ef1c \u0111\u1ec3 c\u00e1c c\u01a1 s\u1edf y t\u1ebf kh\u00e1c h\u1ecdc h\u1ecfi v\u00e0 \u00e1p d\u1ee5ng, g\u00f3p ph\u1ea7n n\u00e2ng cao ch\u1ea5t l\u01b0\u1ee3ng ch\u0103m s\u00f3c s\u1ee9c kh\u1ecfe c\u1ed9ng \u0111\u1ed3ng.<br><\/p><div class=\"uagb-timeline__arrow\"><\/div><\/div><\/div><div class=\"uagb-timeline__date-new\">26\/11\/2024<\/div><\/article>\n\n\n\n<article class=\"wp-block-uagb-content-timeline-child uagb-timeline__field uagb-timeline-child-645f749a uagb-timeline__right\"><div class=\"uagb-timeline__marker out-view-uagb-timeline__icon\"><svg xmlns=\"https:\/\/www.w3.org\/2000\/svg\" viewBox=\"0 0 576 512\"><path d=\"M576 136c0 22.09-17.91 40-40 40c-.248 0-.4551-.1266-.7031-.1305l-50.52 277.9C482 468.9 468.8 480 453.3 480H122.7c-15.46 0-28.72-11.06-31.48-26.27L40.71 175.9C40.46 175.9 40.25 176 39.1 176c-22.09 0-40-17.91-40-40S17.91 96 39.1 96s40 17.91 40 40c0 8.998-3.521 16.89-8.537 23.57l89.63 71.7c15.91 12.73 39.5 7.544 48.61-10.68l57.6-115.2C255.1 98.34 247.1 86.34 247.1 72C247.1 49.91 265.9 32 288 32s39.1 17.91 39.1 40c0 14.34-7.963 26.34-19.3 33.4l57.6 115.2c9.111 18.22 32.71 23.4 48.61 10.68l89.63-71.7C499.5 152.9 496 144.1 496 136C496 113.9 513.9 96 536 96S576 113.9 576 136z\"><\/path><\/svg><\/div><div class=\"uagb-timeline__day-new uagb-timeline__day-right uagb-timeline__events-inner-new\"><div class=\"uagb-timeline__events-inner--content\"><div class=\"uagb-timeline__date-hide uagb-timeline__inner-date-new\">26\/02\/2024<\/div><h3 class=\"uagb-timeline__heading\"><a><strong>Nh\u1eadn gi\u1ea3i th\u01b0\u1edfng Th\u00e0nh t\u1ef1u Y khoa Vi\u1ec7t Nam 2023 (l\u1ea7n th\u1ee9 4)<\/strong><\/a><\/h3><p class=\"uagb-timeline-desc-content\">T\u1ed1i ng\u00e0y 26\/02\/2024, t\u1ea1i Nh\u00e0 h\u00e1t Th\u00e0nh ph\u1ed1, B\u1ec7nh vi\u1ec7n Nh\u00e2n d\u00e2n Gia \u0110\u1ecbnh h\u00e2n h\u1ea1nh \u0111\u01b0\u1ee3c nh\u1eadn gi\u1ea3i th\u01b0\u1edfng Th\u00e0nh t\u1ef1u Y khoa Vi\u1ec7t Nam 2023 (l\u1ea7n th\u1ee9 4) do \u0110\u00e0i Ti\u1ebfng n\u00f3i Nh\u00e2n d\u00e2n Th\u00e0nh ph\u1ed1 H\u1ed3 Ch\u00ed Minh (VOH) v\u00e0 S\u1edf Y t\u1ebf TPHCM t\u1ed5 ch\u1ee9c.<br><br><\/p><div class=\"uagb-timeline__arrow\"><\/div><\/div><\/div><div class=\"uagb-timeline__date-new\">26\/02\/2024<\/div><\/article>\n<div class=\"uagb-timeline__line\"><div class=\"uagb-timeline__line__inner\"><\/div><\/div><\/div>\n\n\n\n<p><\/p>\n","protected":false},"excerpt":{"rendered":"","protected":false},"author":1,"featured_media":0,"parent":0,"menu_order":0,"comment_status":"closed","ping_status":"closed","template":"","meta":{"_regular_price":[],"currency_symbol":[],"inline_featured_image":false,"_uag_custom_page_level_css":"","_monsterinsights_skip_tracking":false,"_monsterinsights_sitenote_active":false,"_monsterinsights_sitenote_note":"","_monsterinsights_sitenote_category":0,"footnotes":""},"class_list":["post-7703","page","type-page","status-publish","hentry"],"aioseo_notices":[],"post_slider_layout_featured_media_urls":{"thumbnail":"","post_slider_layout_landscape_large":"","post_slider_layout_portrait_large":"","post_slider_layout_square_large":"","post_slider_layout_landscape":"","post_slider_layout_portrait":"","post_slider_layout_square":"","full":""},"uagb_featured_image_src":{"full":false,"thumbnail":false,"medium":false,"medium_large":false,"large":false,"PVGM_gallery_admin_thumb":false,"PVGM_gallery_admin_circle":false,"PVGM_gallery_admin_medium":false,"1536x1536":false,"2048x2048":false,"post_slider_layout_landscape_large":false,"post_slider_layout_portrait_large":false,"post_slider_layout_square_large":false,"post_slider_layout_landscape":false,"post_slider_layout_portrait":false,"post_slider_layout_square":false,"ultp_layout_landscape_large":false,"ultp_layout_landscape":false,"ultp_layout_portrait":false,"ultp_layout_square":false,"elixar_section_extra_thumb":false,"elixar_gallery_thumb":false,"elixar_blog_home_thumb":false,"elixar_blog_full_thumb":false,"elixar_blog_sidebar_thumb":false,"woocommerce_thumbnail":false,"woocommerce_single":false,"woocommerce_gallery_thumbnail":false},"uagb_author_info":{"display_name":"quantri","author_link":"https:\/\/bvndgiadinh.org.vn\/?author=1"},"uagb_comment_info":0,"uagb_excerpt":null,"_links":{"self":[{"href":"https:\/\/bvndgiadinh.org.vn\/index.php?rest_route=\/wp\/v2\/pages\/7703","targetHints":{"allow":["GET"]}}],"collection":[{"href":"https:\/\/bvndgiadinh.org.vn\/index.php?rest_route=\/wp\/v2\/pages"}],"about":[{"href":"https:\/\/bvndgiadinh.org.vn\/index.php?rest_route=\/wp\/v2\/types\/page"}],"author":[{"embeddable":true,"href":"https:\/\/bvndgiadinh.org.vn\/index.php?rest_route=\/wp\/v2\/users\/1"}],"replies":[{"embeddable":true,"href":"https:\/\/bvndgiadinh.org.vn\/index.php?rest_route=%2Fwp%2Fv2%2Fcomments&post=7703"}],"version-history":[{"count":7,"href":"https:\/\/bvndgiadinh.org.vn\/index.php?rest_route=\/wp\/v2\/pages\/7703\/revisions"}],"predecessor-version":[{"id":7765,"href":"https:\/\/bvndgiadinh.org.vn\/index.php?rest_route=\/wp\/v2\/pages\/7703\/revisions\/7765"}],"wp:attachment":[{"href":"https:\/\/bvndgiadinh.org.vn\/index.php?rest_route=%2Fwp%2Fv2%2Fmedia&parent=7703"}],"curies":[{"name":"wp","href":"https:\/\/api.w.org\/{rel}","templated":true}]}}