

{"id":7727,"date":"2024-12-13T12:20:14","date_gmt":"2024-12-13T05:20:14","guid":{"rendered":"https:\/\/bvndgiadinh.org.vn\/?page_id=7727"},"modified":"2024-12-13T12:52:52","modified_gmt":"2024-12-13T05:52:52","slug":"doi-tac-khach-hang","status":"publish","type":"page","link":"https:\/\/bvndgiadinh.org.vn\/?page_id=7727","title":{"rendered":"\u0110\u1ed1i T\u00e1c &amp; Kh\u00e1ch H\u00e0ng"},"content":{"rendered":"\n<p>B\u1ec7nh vi\u1ec7n Nh\u00e2n D\u00e2n Gia \u0110\u1ecbnh li\u00ean t\u1ee5c nh\u1eadn \u0111\u01b0\u1ee3c s\u1ef1 tin t\u01b0\u1edfng h\u1ee3p t\u00e1c l\u00e2u d\u00e0i c\u1ee7a c\u00e1c t\u1ed5 ch\u1ee9c, doanh nghi\u1ec7p l\u1edbn. C\u00e1c \u0111\u1ed1i t\u00e1c \u0111\u1ebfn t\u1eeb c\u00e1c c\u01a1 quan nh\u00e0 n\u01b0\u1edbc, ng\u00e2n h\u00e0ng c\u0169ng nh\u01b0 c\u00e1c doanh nghi\u1ec7p ho\u1ea1t \u0111\u1ed9ng trong nhi\u1ec1u l\u0129nh v\u1ef1c kh\u00e1c tin t\u01b0\u1edfng l\u1ef1a ch\u1ecdn B\u1ec7nh vi\u1ec7n Nh\u00e2n D\u00e2n Gia \u0110\u1ecbnh l\u00e0 n\u01a1i g\u1eedi g\u1eafm s\u1ee9c kh\u1ecfe v\u00e0ng&#8230;&#8230;&#8230;&#8230;&#8230;<\/p>\n\n\n\n<div class=\"wp-block-ive-accordion alignnone\"><div class=\"ive-accordion-wrap ive-accordion-wrap ive-accordion-_61bcbd-cf ive-accordion-has-8-panes ive-active-pane-0 ive-accordion-block ive-pane-header-alignment-left ive-accodion-icon-style-arrowcircle ive-accodion-icon-side-left\"><div class=\"ive-accordion-inner-wrap ive-start-active-pane-1 ive-accordion-_61bcbd-cf ive-accodion-icon-style-arrowcircle ive-accodion-icon-side-left\" data-allow-multiple-open=\"true\" data-start-open=\"0\">\n<div class=\"wp-block-ive-pane ive-accordion-pane ive-accordion-pane-1 ive-pane_8a349f-74\"><div class=\"ive-accordion-header-wrap\"><button class=\"ive-blocks-accordion-header ive-acccordion-button-label-show d-flex justify-content-start justify-content-md-start ive-accordions-xl-start\"><span class=\"ive-blocks-accordion-title-wrap\"><span class=\"ive-blocks-accordion-title\">\u0110\u1ed0I T\u00c1C KIM C\u01af\u01a0NG<\/span><\/span><span class=\"ive-blocks-accordion-icon-trigger\"><\/span><\/button><\/div><div class=\"ive-accordion-panel\"><div class=\"ive-accordion-panel-inner\">\n<figure class=\"wp-block-gallery has-nested-images columns-default is-cropped uag-masonry uagb-block-60434bc9 wp-block-gallery-1 is-layout-flex wp-block-gallery-is-layout-flex\">\n<figure class=\"wp-block-image alignwide size-large\"><img loading=\"lazy\" decoding=\"async\" width=\"1024\" height=\"538\" data-id=\"7738\" src=\"https:\/\/bvndgiadinh.org.vn\/wp-content\/uploads\/2024\/12\/novartis-logo-open-graph-1024x538.png\" alt=\"\" class=\"wp-image-7738\" srcset=\"https:\/\/bvndgiadinh.org.vn\/wp-content\/uploads\/2024\/12\/novartis-logo-open-graph-1024x538.png 1024w, https:\/\/bvndgiadinh.org.vn\/wp-content\/uploads\/2024\/12\/novartis-logo-open-graph-300x158.png 300w, https:\/\/bvndgiadinh.org.vn\/wp-content\/uploads\/2024\/12\/novartis-logo-open-graph-768x403.png 768w, https:\/\/bvndgiadinh.org.vn\/wp-content\/uploads\/2024\/12\/novartis-logo-open-graph-600x315.png 600w, https:\/\/bvndgiadinh.org.vn\/wp-content\/uploads\/2024\/12\/novartis-logo-open-graph.png 1200w\" sizes=\"auto, (max-width: 1024px) 100vw, 1024px\" \/><\/figure>\n\n\n\n<figure class=\"wp-block-image alignwide size-large\"><img loading=\"lazy\" decoding=\"async\" width=\"1024\" height=\"423\" data-id=\"7737\" src=\"https:\/\/bvndgiadinh.org.vn\/wp-content\/uploads\/2024\/12\/Pfizer-Logo-Color-RGB-1024x423.png\" alt=\"\" class=\"wp-image-7737\" srcset=\"https:\/\/bvndgiadinh.org.vn\/wp-content\/uploads\/2024\/12\/Pfizer-Logo-Color-RGB-1024x423.png 1024w, https:\/\/bvndgiadinh.org.vn\/wp-content\/uploads\/2024\/12\/Pfizer-Logo-Color-RGB-300x124.png 300w, https:\/\/bvndgiadinh.org.vn\/wp-content\/uploads\/2024\/12\/Pfizer-Logo-Color-RGB-768x317.png 768w, https:\/\/bvndgiadinh.org.vn\/wp-content\/uploads\/2024\/12\/Pfizer-Logo-Color-RGB-1536x634.png 1536w, https:\/\/bvndgiadinh.org.vn\/wp-content\/uploads\/2024\/12\/Pfizer-Logo-Color-RGB-2048x845.png 2048w, https:\/\/bvndgiadinh.org.vn\/wp-content\/uploads\/2024\/12\/Pfizer-Logo-Color-RGB-600x248.png 600w\" sizes=\"auto, (max-width: 1024px) 100vw, 1024px\" \/><\/figure>\n<\/figure>\n<\/div><\/div><\/div>\n\n\n\n<div class=\"wp-block-ive-pane ive-accordion-pane ive-accordion-pane-4 ive-pane_267083-a0\"><div class=\"ive-accordion-header-wrap\"><button class=\"ive-blocks-accordion-header ive-acccordion-button-label-show d-flex justify-content-start justify-content-md-start ive-accordions-xl-start\"><span class=\"ive-blocks-accordion-title-wrap\"><span class=\"ive-blocks-accordion-title\">\u0110\u1ed0I T\u00c1C V\u00c0NG<\/span><\/span><span class=\"ive-blocks-accordion-icon-trigger\"><\/span><\/button><\/div><div class=\"ive-accordion-panel\"><div class=\"ive-accordion-panel-inner\">\n<p><\/p>\n<\/div><\/div><\/div>\n\n\n\n<div class=\"wp-block-ive-pane ive-accordion-pane ive-accordion-pane-5 ive-pane_35a49a-24\"><div class=\"ive-accordion-header-wrap\"><button class=\"ive-blocks-accordion-header ive-acccordion-button-label-show d-flex justify-content-start justify-content-md-start ive-accordions-xl-start\"><span class=\"ive-blocks-accordion-title-wrap\"><span class=\"ive-blocks-accordion-title\">\u0110\u1ed0I T\u00c1C B\u1ea0C<\/span><\/span><span class=\"ive-blocks-accordion-icon-trigger\"><\/span><\/button><\/div><div class=\"ive-accordion-panel\"><div class=\"ive-accordion-panel-inner\">\n<p><\/p>\n<\/div><\/div><\/div>\n\n\n\n<div class=\"wp-block-ive-pane ive-accordion-pane ive-accordion-pane-8 ive-pane_ea7565-f2\"><div class=\"ive-accordion-header-wrap\"><button class=\"ive-blocks-accordion-header ive-acccordion-button-label-show d-flex justify-content-start justify-content-md-start ive-accordions-xl-start\"><span class=\"ive-blocks-accordion-title-wrap\"><span class=\"ive-blocks-accordion-title\">\u0110\u1ed0I T\u00c1C THANH TO\u00c1N<\/span><\/span><span class=\"ive-blocks-accordion-icon-trigger\"><\/span><\/button><\/div><div class=\"ive-accordion-panel\"><div class=\"ive-accordion-panel-inner\">\n<figure class=\"wp-block-gallery has-nested-images columns-2 wp-block-gallery-2 is-layout-flex wp-block-gallery-is-layout-flex\">\n<figure class=\"wp-block-image size-large\"><img loading=\"lazy\" decoding=\"async\" width=\"1024\" height=\"414\" data-id=\"7730\" src=\"https:\/\/bvndgiadinh.org.vn\/wp-content\/uploads\/2024\/12\/logo-dai-ichi-life-1024x414.png\" alt=\"\" class=\"wp-image-7730\" srcset=\"https:\/\/bvndgiadinh.org.vn\/wp-content\/uploads\/2024\/12\/logo-dai-ichi-life-1024x414.png 1024w, https:\/\/bvndgiadinh.org.vn\/wp-content\/uploads\/2024\/12\/logo-dai-ichi-life-300x121.png 300w, https:\/\/bvndgiadinh.org.vn\/wp-content\/uploads\/2024\/12\/logo-dai-ichi-life-768x311.png 768w, https:\/\/bvndgiadinh.org.vn\/wp-content\/uploads\/2024\/12\/logo-dai-ichi-life-1536x621.png 1536w, https:\/\/bvndgiadinh.org.vn\/wp-content\/uploads\/2024\/12\/logo-dai-ichi-life-600x243.png 600w, https:\/\/bvndgiadinh.org.vn\/wp-content\/uploads\/2024\/12\/logo-dai-ichi-life.png 2007w\" sizes=\"auto, (max-width: 1024px) 100vw, 1024px\" \/><\/figure>\n\n\n\n<figure class=\"wp-block-image size-full\"><img loading=\"lazy\" decoding=\"async\" width=\"938\" height=\"346\" data-id=\"7729\" src=\"https:\/\/bvndgiadinh.org.vn\/wp-content\/uploads\/2024\/12\/INSMART.png\" alt=\"\" class=\"wp-image-7729\" srcset=\"https:\/\/bvndgiadinh.org.vn\/wp-content\/uploads\/2024\/12\/INSMART.png 938w, https:\/\/bvndgiadinh.org.vn\/wp-content\/uploads\/2024\/12\/INSMART-300x111.png 300w, https:\/\/bvndgiadinh.org.vn\/wp-content\/uploads\/2024\/12\/INSMART-768x283.png 768w, https:\/\/bvndgiadinh.org.vn\/wp-content\/uploads\/2024\/12\/INSMART-600x221.png 600w\" sizes=\"auto, (max-width: 938px) 100vw, 938px\" \/><\/figure>\n<\/figure>\n<\/div><\/div><\/div>\n\n\n\n<div class=\"wp-block-ive-pane ive-accordion-pane ive-accordion-pane-6 ive-pane_d6dc23-7f\"><div class=\"ive-accordion-header-wrap\"><button class=\"ive-blocks-accordion-header ive-acccordion-button-label-show d-flex justify-content-start justify-content-md-start ive-accordions-xl-start\"><span class=\"ive-blocks-accordion-title-wrap\"><span class=\"ive-blocks-accordion-title\">H\u1ee2P T\u00c1C QU\u1ed0C T\u1ebe<\/span><\/span><span class=\"ive-blocks-accordion-icon-trigger\"><\/span><\/button><\/div><div class=\"ive-accordion-panel\"><div class=\"ive-accordion-panel-inner\">\n<p><\/p>\n<\/div><\/div><\/div>\n\n\n\n<div class=\"wp-block-ive-pane ive-accordion-pane ive-accordion-pane-7 ive-pane_f8944f-6e\"><div class=\"ive-accordion-header-wrap\"><button class=\"ive-blocks-accordion-header ive-acccordion-button-label-show d-flex justify-content-start justify-content-md-start ive-accordions-xl-start\"><span class=\"ive-blocks-accordion-title-wrap\"><span class=\"ive-blocks-accordion-title\">KH\u00c1CH H\u00c0NG TI\u00caU BI\u1ec2U<\/span><\/span><span class=\"ive-blocks-accordion-icon-trigger\"><\/span><\/button><\/div><div class=\"ive-accordion-panel\"><div class=\"ive-accordion-panel-inner\">\n<p><\/p>\n\n\n\n<figure class=\"wp-block-image size-large is-resized is-style-default\"><img loading=\"lazy\" decoding=\"async\" width=\"331\" height=\"480\" src=\"https:\/\/bvndgiadinh.org.vn\/wp-content\/uploads\/2024\/12\/EVN_Vietnam_Electricity_logo.svg\" alt=\"EVN LOGO\" class=\"wp-image-7728\" style=\"width:206px;height:auto\"\/><\/figure>\n<\/div><\/div><\/div>\n<\/div><\/div><\/div>\n\n\n\n<p><\/p>\n","protected":false},"excerpt":{"rendered":"<p>B\u1ec7nh vi\u1ec7n Nh\u00e2n D\u00e2n Gia \u0110\u1ecbnh li\u00ean t\u1ee5c nh\u1eadn \u0111\u01b0\u1ee3c s\u1ef1 tin t\u01b0\u1edfng h\u1ee3p t\u00e1c l\u00e2u d\u00e0i c\u1ee7a c\u00e1c t\u1ed5 ch\u1ee9c, doanh nghi\u1ec7p l\u1edbn. C\u00e1c \u0111\u1ed1i t\u00e1c \u0111\u1ebfn t\u1eeb c\u00e1c c\u01a1 quan nh\u00e0 n\u01b0\u1edbc, ng\u00e2n h\u00e0ng c\u0169ng nh\u01b0 c\u00e1c doanh nghi\u1ec7p ho\u1ea1t \u0111\u1ed9ng trong nhi\u1ec1u l\u0129nh v\u1ef1c kh\u00e1c tin t\u01b0\u1edfng l\u1ef1a ch\u1ecdn B\u1ec7nh vi\u1ec7n Nh\u00e2n [&hellip;]<\/p>\n","protected":false},"author":1,"featured_media":0,"parent":0,"menu_order":0,"comment_status":"closed","ping_status":"closed","template":"","meta":{"_regular_price":[],"currency_symbol":[],"inline_featured_image":false,"_uag_custom_page_level_css":"","_monsterinsights_skip_tracking":false,"_monsterinsights_sitenote_active":false,"_monsterinsights_sitenote_note":"","_monsterinsights_sitenote_category":0,"footnotes":""},"class_list":["post-7727","page","type-page","status-publish","hentry"],"aioseo_notices":[],"post_slider_layout_featured_media_urls":{"thumbnail":"","post_slider_layout_landscape_large":"","post_slider_layout_portrait_large":"","post_slider_layout_square_large":"","post_slider_layout_landscape":"","post_slider_layout_portrait":"","post_slider_layout_square":"","full":""},"uagb_featured_image_src":{"full":false,"thumbnail":false,"medium":false,"medium_large":false,"large":false,"PVGM_gallery_admin_thumb":false,"PVGM_gallery_admin_circle":false,"PVGM_gallery_admin_medium":false,"1536x1536":false,"2048x2048":false,"post_slider_layout_landscape_large":false,"post_slider_layout_portrait_large":false,"post_slider_layout_square_large":false,"post_slider_layout_landscape":false,"post_slider_layout_portrait":false,"post_slider_layout_square":false,"ultp_layout_landscape_large":false,"ultp_layout_landscape":false,"ultp_layout_portrait":false,"ultp_layout_square":false,"elixar_section_extra_thumb":false,"elixar_gallery_thumb":false,"elixar_blog_home_thumb":false,"elixar_blog_full_thumb":false,"elixar_blog_sidebar_thumb":false,"woocommerce_thumbnail":false,"woocommerce_single":false,"woocommerce_gallery_thumbnail":false},"uagb_author_info":{"display_name":"quantri","author_link":"https:\/\/bvndgiadinh.org.vn\/?author=1"},"uagb_comment_info":0,"uagb_excerpt":"B\u1ec7nh vi\u1ec7n Nh\u00e2n D\u00e2n Gia \u0110\u1ecbnh li\u00ean t\u1ee5c nh\u1eadn \u0111\u01b0\u1ee3c s\u1ef1 tin t\u01b0\u1edfng h\u1ee3p t\u00e1c l\u00e2u d\u00e0i c\u1ee7a c\u00e1c t\u1ed5 ch\u1ee9c, doanh nghi\u1ec7p l\u1edbn. C\u00e1c \u0111\u1ed1i t\u00e1c \u0111\u1ebfn t\u1eeb c\u00e1c c\u01a1 quan nh\u00e0 n\u01b0\u1edbc, ng\u00e2n h\u00e0ng c\u0169ng nh\u01b0 c\u00e1c doanh nghi\u1ec7p ho\u1ea1t \u0111\u1ed9ng trong nhi\u1ec1u l\u0129nh v\u1ef1c kh\u00e1c tin t\u01b0\u1edfng l\u1ef1a ch\u1ecdn B\u1ec7nh vi\u1ec7n Nh\u00e2n&hellip;","_links":{"self":[{"href":"https:\/\/bvndgiadinh.org.vn\/index.php?rest_route=\/wp\/v2\/pages\/7727","targetHints":{"allow":["GET"]}}],"collection":[{"href":"https:\/\/bvndgiadinh.org.vn\/index.php?rest_route=\/wp\/v2\/pages"}],"about":[{"href":"https:\/\/bvndgiadinh.org.vn\/index.php?rest_route=\/wp\/v2\/types\/page"}],"author":[{"embeddable":true,"href":"https:\/\/bvndgiadinh.org.vn\/index.php?rest_route=\/wp\/v2\/users\/1"}],"replies":[{"embeddable":true,"href":"https:\/\/bvndgiadinh.org.vn\/index.php?rest_route=%2Fwp%2Fv2%2Fcomments&post=7727"}],"version-history":[{"count":6,"href":"https:\/\/bvndgiadinh.org.vn\/index.php?rest_route=\/wp\/v2\/pages\/7727\/revisions"}],"predecessor-version":[{"id":7742,"href":"https:\/\/bvndgiadinh.org.vn\/index.php?rest_route=\/wp\/v2\/pages\/7727\/revisions\/7742"}],"wp:attachment":[{"href":"https:\/\/bvndgiadinh.org.vn\/index.php?rest_route=%2Fwp%2Fv2%2Fmedia&parent=7727"}],"curies":[{"name":"wp","href":"https:\/\/api.w.org\/{rel}","templated":true}]}}