

{"id":80,"date":"2022-04-14T14:05:49","date_gmt":"2022-04-14T07:05:49","guid":{"rendered":"https:\/\/bvndgiadinh.org.vn\/?page_id=80"},"modified":"2022-05-30T11:57:05","modified_gmt":"2022-05-30T04:57:05","slug":"chuyen-mon","status":"publish","type":"page","link":"https:\/\/bvndgiadinh.org.vn\/?page_id=80","title":{"rendered":"Chuy\u00ean M\u00f4n"},"content":{"rendered":"\n<div class=\"wp-block-columns is-layout-flex wp-container-core-columns-is-layout-9d6595d7 wp-block-columns-is-layout-flex\">\n<div class=\"wp-block-column is-layout-flow wp-block-column-is-layout-flow\" style=\"flex-basis:100%\"><ul class=\"wp-block-latest-posts__list wp-block-latest-posts\"><li><a class=\"wp-block-latest-posts__post-title\" href=\"https:\/\/bvndgiadinh.org.vn\/?p=11521\">Vi\u00eam k\u1ebft m\u1ea1c c\u1ea5p<\/a><div class=\"wp-block-latest-posts__post-excerpt\">Vi\u00eam k\u1ebft m\u1ea1c c\u1ea5p hay c\u00f2n g\u1ecdi l\u00e0 b\u1ec7nh \u0111au\u00a0m\u1eaft \u0111\u1ecf, l\u00e0 t\u00ecnh tr\u1ea1ng vi\u00eam l\u1edbp m\u00e0ng trong su\u1ed1t \u1edf b\u1ec1 m\u1eb7t nh\u00e3n c\u1ea7u (l\u00f2ng tr\u1eafng), k\u1ebft m\u1ea1c mi. B\u1ec7nh r\u1ea5t th\u01b0\u1eddng g\u1eb7p (c\u1ea5p t\u00ednh chi\u1ebfm t\u1ea7n su\u1ea5t m\u1eafc cao h\u01a1n m\u1ea1n t\u00ednh), \u0111i\u1ec1u tr\u1ecb d\u1ec5 d\u00e0ng v\u00e0 c\u00f3 th\u1ec3 tr\u00e1nh \u0111\u01b0\u1ee3c. B\u1ec7nh c\u00f3 th\u1ec3\u2026 <a class=\"wp-block-latest-posts__read-more\" href=\"https:\/\/bvndgiadinh.org.vn\/?p=11521\" rel=\"noopener noreferrer\">\u0110\u1ecdc th\u00eam<span class=\"screen-reader-text\">: Vi\u00eam k\u1ebft m\u1ea1c c\u1ea5p <\/span><\/a><\/div><\/li>\n<li><a class=\"wp-block-latest-posts__post-title\" href=\"https:\/\/bvndgiadinh.org.vn\/?p=11516\">\u0110\u1ee5c th\u1ee7y tinh th\u1ec3<\/a><div class=\"wp-block-latest-posts__post-excerpt\">\u0110\u1ee5c th\u1ee7y tinh th\u1ec3&nbsp;(c\u01b0\u1eddm \u0111\u00e1, c\u01b0\u1eddm kh\u00f4) l\u00e0 c\u0103n b\u1ec7nh th\u01b0\u1eddng g\u1eb7p \u1edf ng\u01b0\u1eddi l\u1edbn tu\u1ed5i. Th\u1ee7y tinh th\u1ec3 l\u00e0 m\u1ed9t d\u1ea1ng th\u1ea5u k\u00ednh trong su\u1ed1t, hai m\u1eb7t l\u1ed3i. Th\u1ee7y tinh th\u1ec3 l\u00e0 th\u00e0nh ph\u1ea7n quan tr\u1ecdng gi\u00fap cho \u00e1nh s\u00e1ng \u0111i qua, gi\u00fap c\u00e1c tia s\u00e1ng h\u1ed9i t\u1ee5 \u0111\u00fang v\u00e0o v\u00f5ng m\u1ea1c. C\u00f4ng su\u1ea5t\u2026 <a class=\"wp-block-latest-posts__read-more\" href=\"https:\/\/bvndgiadinh.org.vn\/?p=11516\" rel=\"noopener noreferrer\">\u0110\u1ecdc th\u00eam<span class=\"screen-reader-text\">: \u0110\u1ee5c th\u1ee7y tinh th\u1ec3 <\/span><\/a><\/div><\/li>\n<li><a class=\"wp-block-latest-posts__post-title\" href=\"https:\/\/bvndgiadinh.org.vn\/?p=11544\">Vi\u00eam m\u0169i d\u1ecb \u1ee9ng<\/a><div class=\"wp-block-latest-posts__post-excerpt\">Ng\u00e0y nay ng\u01b0\u1eddi ta ph\u00e2n vi\u00eam m\u0169i d\u1ecb \u1ee9ng theo ARIA th\u00e0nh 2 nh\u00f3m: vi\u00eam m\u0169i d\u1ecb \u1ee9ng gi\u00e1n \u0111o\u1ea1n v\u00e0 vi\u00eam m\u0169i d\u1ecb \u1ee9ng dai d\u1eb3ng ph\u1ee5 thu\u1ed9c v\u00e0o th\u1eddi gian bi\u1ec3u hi\u1ec7n c\u00e1c tri\u1ec7u ch\u1ee9ng. B\u1ec7nh vi\u00eam m\u0169i d\u1ecb \u1ee9ng \u0111\u01b0\u1ee3c chia l\u00e0m 3 m\u1ee9c \u0111\u1ed9 nh\u1eb9, v\u1eeba, n\u1eb7ng. Ch\u00fang ph\u1ee5 thu\u1ed9c v\u00e0o\u2026 <a class=\"wp-block-latest-posts__read-more\" href=\"https:\/\/bvndgiadinh.org.vn\/?p=11544\" rel=\"noopener noreferrer\">\u0110\u1ecdc th\u00eam<span class=\"screen-reader-text\">: Vi\u00eam m\u0169i d\u1ecb \u1ee9ng <\/span><\/a><\/div><\/li>\n<li><a class=\"wp-block-latest-posts__post-title\" href=\"https:\/\/bvndgiadinh.org.vn\/?p=8799\">TH\u00d4NG TIN S\u1ee8C KH\u1eceE CHO NG\u01af\u1edcI B\u1ec6NH K\u1ef8 THU\u1eacT G\u00c2Y T\u00ca NGO\u00c0I M\u00c0NG C\u1ee8NG GI\u1ea2M \u0110AU SAU PH\u1eaaU THU\u1eacT<\/a><div class=\"wp-block-latest-posts__post-excerpt\">1. G\u00e2y t\u00ea ngo\u00e0i m\u00e0ng c\u1ee9ng l\u00e0 g\u00ec? G\u00e2y t\u00ea ngo\u00e0i m\u00e0ng c\u1ee9ng l\u00e0 m\u1ed9t ph\u01b0\u01a1ng ph\u00e1p g\u00e2y t\u00ea v\u00f9ng, trong \u0111\u00f3 thu\u1ed1c t\u00ea ho\u1eb7c thu\u1ed1c gi\u1ea3m \u0111au \u0111\u01b0\u1ee3c ti\u00eam v\u00e0o khoang ngo\u00e0i m\u00e0ng c\u1ee9ng c\u1ee7a c\u1ed9t s\u1ed1ng. Ph\u01b0\u01a1ng ph\u00e1p n\u00e0y gi\u00fap gi\u1ea3m \u0111au hi\u1ec7u qu\u1ea3 trong v\u00e0 sau ph\u1eabu thu\u1eadt, \u0111\u1eb7c bi\u1ec7t l\u00e0 \u1edf\u2026 <a class=\"wp-block-latest-posts__read-more\" href=\"https:\/\/bvndgiadinh.org.vn\/?p=8799\" rel=\"noopener noreferrer\">\u0110\u1ecdc th\u00eam<span class=\"screen-reader-text\">: TH\u00d4NG TIN S\u1ee8C KH\u1eceE CHO NG\u01af\u1edcI B\u1ec6NH K\u1ef8 THU\u1eacT G\u00c2Y T\u00ca NGO\u00c0I M\u00c0NG C\u1ee8NG GI\u1ea2M \u0110AU SAU PH\u1eaaU THU\u1eacT <\/span><\/a><\/div><\/li>\n<li><a class=\"wp-block-latest-posts__post-title\" href=\"https:\/\/bvndgiadinh.org.vn\/?p=8797\">TH\u00d4NG TIN S\u1ee8C KH\u1eceE CHO NG\u01af\u1edcI B\u1ec6NH K\u1ef8 THU\u1eacT G\u00c2Y T\u00ca T\u1ee6Y S\u1ed0NG \u0110\u1ec2 PH\u1eaaU THU\u1eacT<\/a><div class=\"wp-block-latest-posts__post-excerpt\">G\u00e2y t\u00ea t\u1ee7y s\u1ed1ng l\u00e0 m\u1ed9t ph\u01b0\u01a1ng ph\u00e1p g\u00e2y t\u00ea v\u00f9ng, trong \u0111\u00f3 thu\u1ed1c t\u00ea \u0111\u01b0\u1ee3c ti\u00eam v\u00e0o khoang d\u01b0\u1edbi nh\u1ec7n c\u1ee7a c\u1ed9t s\u1ed1ng. Ph\u01b0\u01a1ng ph\u00e1p n\u00e0y gi\u00fap ch\u1eb7n d\u1eabn truy\u1ec1n th\u1ea7n kinh t\u1eeb ph\u1ea7n d\u01b0\u1edbi c\u1ee7a c\u01a1 th\u1ec3, t\u1ea1o ra c\u1ea3m gi\u00e1c t\u00ea v\u00e0 m\u1ea5t c\u1ea3m gi\u00e1c \u0111au trong qu\u00e1 tr\u00ecnh ph\u1eabu thu\u1eadt. 2.\u2026 <a class=\"wp-block-latest-posts__read-more\" href=\"https:\/\/bvndgiadinh.org.vn\/?p=8797\" rel=\"noopener noreferrer\">\u0110\u1ecdc th\u00eam<span class=\"screen-reader-text\">: TH\u00d4NG TIN S\u1ee8C KH\u1eceE CHO NG\u01af\u1edcI B\u1ec6NH K\u1ef8 THU\u1eacT G\u00c2Y T\u00ca T\u1ee6Y S\u1ed0NG \u0110\u1ec2 PH\u1eaaU THU\u1eacT <\/span><\/a><\/div><\/li>\n<li><a class=\"wp-block-latest-posts__post-title\" href=\"https:\/\/bvndgiadinh.org.vn\/?p=8156\">\u0110\u01af\u1edcNG HUY\u1ebeT V\u1eeeNG V\u00c0NG &#8211; T\u1ebeT TH\u00caM \u00dd NGH\u0128A<\/a><div class=\"wp-block-latest-posts__post-excerpt\">T\u1ebft Nguy\u00ean \u0111\u00e1n l\u00e0 ng\u00e0y ngh\u1ec9 l\u1ec5 \u0111\u01b0\u1ee3c Li\u00ean H\u1ee3p Qu\u1ed1c th\u00f4ng qua t\u1ea1i phi\u00ean h\u1ecdp \u0110\u1ea1i h\u1ed9i \u0111\u1ed3ng ng\u00e0y 22\/12\/2023. Vi\u1ec7c \u0110\u1ea1i h\u1ed9i \u0111\u1ed3ng th\u00f4ng qua ngh\u1ecb quy\u1ebft tr\u00ean ngay tr\u01b0\u1edbc th\u1ec1m n\u0103m m\u1edbi Gi\u00e1p Th\u00ecn 2024 l\u00e0 tin vui cho g\u1ea7n 2 t\u1ef7 ng\u01b0\u1eddi d\u00e2n tr\u00ean to\u00e0n to\u00e0n th\u1ebf gi\u1edbi v\u1ed1n coi n\u0103m\u2026 <a class=\"wp-block-latest-posts__read-more\" href=\"https:\/\/bvndgiadinh.org.vn\/?p=8156\" rel=\"noopener noreferrer\">\u0110\u1ecdc th\u00eam<span class=\"screen-reader-text\">: \u0110\u01af\u1edcNG HUY\u1ebeT V\u1eeeNG V\u00c0NG &#8211; T\u1ebeT TH\u00caM \u00dd NGH\u0128A <\/span><\/a><\/div><\/li>\n<li><a class=\"wp-block-latest-posts__post-title\" href=\"https:\/\/bvndgiadinh.org.vn\/?p=5626\">Phi\u1ebfu t\u00f3m t\u1eaft th\u00f4ng tin \u0111i\u1ec1u tr\u1ecb cho ng\u01b0\u1eddi b\u1ec7nh t\u1ea1i B\u1ec7nh vi\u1ec7n Nh\u00e2n d\u00e2n Gia \u0110\u1ecbnh<\/a><div class=\"wp-block-latest-posts__post-excerpt\"><\/div><\/li>\n<li><a class=\"wp-block-latest-posts__post-title\" href=\"https:\/\/bvndgiadinh.org.vn\/?p=41\">Ph\u1ea3n \u1ee8ng C\u00f3 H\u1ea1i Nghi Ng\u1edd Li\u00ean Quan \u0110\u1ebfn Vaccine Ph\u00f2ng Ng\u1eeba COVID-19<\/a><div class=\"wp-block-latest-posts__post-excerpt\">Trong b\u1ed1i c\u1ea3nh \u0111\u1ea1i d\u1ecbch COVID-19 c\u00f3 nh\u1eefng di\u1ec5n bi\u1ebfn ph\u1ee9c t\u1ea1p v\u1edbi s\u1ef1 xu\u1ea5t hi\u1ec7n c\u1ee7a c\u00e1c bi\u1ebfn ch\u1ee7ng m\u1edbi nh\u01b0 hi\u1ec7n nay, vi\u1ec7c ch\u1ee7ng ng\u1eeba v\u1edbi vaccine ph\u00f2ng ng\u1eeba COVID-19 \u0111\u00f3ng m\u1ed9t vai tr\u00f2 quan tr\u1ecdng trong chi\u1ebfn l\u01b0\u1ee3c ph\u00f2ng ch\u1ed1ng d\u1ecbch c\u1ee7a nhi\u1ec1u n\u01b0\u1edbc tr\u00ean th\u1ebf gi\u1edbi, trong \u0111\u00f3 c\u00f3 Vi\u1ec7t Nam.\u2026 <a class=\"wp-block-latest-posts__read-more\" href=\"https:\/\/bvndgiadinh.org.vn\/?p=41\" rel=\"noopener noreferrer\">\u0110\u1ecdc th\u00eam<span class=\"screen-reader-text\">: Ph\u1ea3n \u1ee8ng C\u00f3 H\u1ea1i Nghi Ng\u1edd Li\u00ean Quan \u0110\u1ebfn Vaccine Ph\u00f2ng Ng\u1eeba COVID-19 <\/span><\/a><\/div><\/li>\n<li><a class=\"wp-block-latest-posts__post-title\" href=\"https:\/\/bvndgiadinh.org.vn\/?p=38\">Hi\u1ec7u Qu\u1ea3 Nu\u00f4i D\u01b0\u1ee1ng C\u1ee7a S\u00fap Calor C\u00f3 B\u1ed5 Sung \u0110\u1ea1m Theo M\u1ee9c \u0110\u1ed9 D\u1ecb H\u00f3a \u1ede B\u1ec7nh Nh\u00e2n Ch\u1ea5n Th\u01b0\u01a1ng S\u1ecd N\u00e3o N\u1eb7ng<\/a><div class=\"wp-block-latest-posts__post-excerpt\">Hi\u1ec7u qu\u1ea3 nu\u00f4i d\u01b0\u1ee1ng c\u1ee7a s\u00fap calor c\u00f3 b\u1ed5 sung \u0111\u1ea1m theo m\u1ee9c \u0111\u1ed9 d\u1ecb h\u00f3a \u1edf b\u1ec7nh nh\u00e2n ch\u1ea5n th\u01b0\u01a1ng s\u1ecd n\u00e3o n\u1eb7ng<\/div><\/li>\n<li><a class=\"wp-block-latest-posts__post-title\" href=\"https:\/\/bvndgiadinh.org.vn\/?p=30\">Ph\u1eabu Thu\u1eadt N\u1ed9i Soi C\u1eaft \u0110\u1ea1i Tr\u00e0ng Do Ung Th\u01b0 \u2013 M\u1ed9t S\u1ed1 Quan T\u00e2m V\u1ec1 M\u1eb7t K\u1ef9 Thu\u1eadt<\/a><div class=\"wp-block-latest-posts__post-excerpt\">Ung th\u01b0 \u0111\u1ea1i tr\u00e0ng l\u00e0 b\u1ec7nh r\u1ea5t ph\u1ed5 bi\u1ebfn. Ng\u00e0y nay, v\u1edbi vi\u1ec7c \u00e1p d\u1ee5ng \u0111i\u1ec1u tr\u1ecb \u0111a m\u00f4 th\u1ee9c v\u00e0 s\u00e2u h\u01a1n n\u1eefa l\u00e0 vi\u1ec7c c\u00e1 th\u1ec3 ho\u00e1 chi\u1ebfn l\u01b0\u1ee3c \u0111i\u1ec1u tr\u1ecb \u0111\u00e3 khi\u1ebfn hi\u1ec7u qu\u1ea3 \u0111i\u1ec1u tr\u1ecb c\u1ea3i thi\u1ec7n r\u00f5 r\u1ec7t. Trong \u0111\u00f3, ph\u1eabu thu\u1eadt v\u1eabn l\u00e0 kh\u00e2u quan tr\u1ecdng nh\u1ea5t trong chi\u1ebfn\u2026 <a class=\"wp-block-latest-posts__read-more\" href=\"https:\/\/bvndgiadinh.org.vn\/?p=30\" rel=\"noopener noreferrer\">\u0110\u1ecdc th\u00eam<span class=\"screen-reader-text\">: Ph\u1eabu Thu\u1eadt N\u1ed9i Soi C\u1eaft \u0110\u1ea1i Tr\u00e0ng Do Ung Th\u01b0 \u2013 M\u1ed9t S\u1ed1 Quan T\u00e2m V\u1ec1 M\u1eb7t K\u1ef9 Thu\u1eadt <\/span><\/a><\/div><\/li>\n<li><a class=\"wp-block-latest-posts__post-title\" href=\"https:\/\/bvndgiadinh.org.vn\/?p=27\">37 NG\u00c0Y \u0110\u00caM CHI\u1ebeN \u0110\u1ea4U V\u1edaI B\u1ec6NH T\u1eacT<\/a><div class=\"wp-block-latest-posts__post-excerpt\">\u201cT\u00f4i th\u1eadt s\u1ef1 c\u1ea3m \u01a1n v\u00e0 th\u00e1n ph\u1ee5c s\u1ef1 n\u1ed5 l\u1ef1c chi\u1ebfn \u0111\u1ea5u c\u1ee7a anh em v\u00e0 c\u1ea3 c\u1ee7a ng\u01b0\u1eddi b\u1ec7nh, \u0111\u00e3 c\u00f9ng ch\u00fang t\u00f4i v\u01b0\u1ee3t qua th\u1eddi kh\u1eafc kh\u00f3 kh\u0103n nh\u1ea5t\u2026\u201d \u2013 \u0110\u00f3 l\u00e0 nh\u1eadn \u0111\u1ecbnh c\u1ee7a ThS.BS H\u1ed3 Th\u00e1i S\u01a1n- Tr\u01b0\u1edfng \u0111\u01a1n v\u1ecb c\u00e1ch ly v\u00e0 \u0111i\u1ec1u tr\u1ecb Covid, khi nh\u1eafc \u0111\u1ebfn B\u1ec7nh\u2026 <a class=\"wp-block-latest-posts__read-more\" href=\"https:\/\/bvndgiadinh.org.vn\/?p=27\" rel=\"noopener noreferrer\">\u0110\u1ecdc th\u00eam<span class=\"screen-reader-text\">: 37 NG\u00c0Y \u0110\u00caM CHI\u1ebeN \u0110\u1ea4U V\u1edaI B\u1ec6NH T\u1eacT <\/span><\/a><\/div><\/li>\n<\/ul><\/div>\n<\/div>\n\n\n\n<p><\/p>\n","protected":false},"excerpt":{"rendered":"","protected":false},"author":1,"featured_media":0,"parent":0,"menu_order":0,"comment_status":"closed","ping_status":"closed","template":"","meta":{"_regular_price":[],"currency_symbol":[],"inline_featured_image":false,"_uag_custom_page_level_css":"","_monsterinsights_skip_tracking":false,"_monsterinsights_sitenote_active":false,"_monsterinsights_sitenote_note":"","_monsterinsights_sitenote_category":0,"footnotes":""},"class_list":["post-80","page","type-page","status-publish","hentry"],"aioseo_notices":[],"post_slider_layout_featured_media_urls":{"thumbnail":"","post_slider_layout_landscape_large":"","post_slider_layout_portrait_large":"","post_slider_layout_square_large":"","post_slider_layout_landscape":"","post_slider_layout_portrait":"","post_slider_layout_square":"","full":""},"uagb_featured_image_src":{"full":false,"thumbnail":false,"medium":false,"medium_large":false,"large":false,"PVGM_gallery_admin_thumb":false,"PVGM_gallery_admin_circle":false,"PVGM_gallery_admin_medium":false,"1536x1536":false,"2048x2048":false,"post_slider_layout_landscape_large":false,"post_slider_layout_portrait_large":false,"post_slider_layout_square_large":false,"post_slider_layout_landscape":false,"post_slider_layout_portrait":false,"post_slider_layout_square":false,"ultp_layout_landscape_large":false,"ultp_layout_landscape":false,"ultp_layout_portrait":false,"ultp_layout_square":false,"elixar_section_extra_thumb":false,"elixar_gallery_thumb":false,"elixar_blog_home_thumb":false,"elixar_blog_full_thumb":false,"elixar_blog_sidebar_thumb":false,"woocommerce_thumbnail":false,"woocommerce_single":false,"woocommerce_gallery_thumbnail":false},"uagb_author_info":{"display_name":"quantri","author_link":"https:\/\/bvndgiadinh.org.vn\/?author=1"},"uagb_comment_info":0,"uagb_excerpt":null,"_links":{"self":[{"href":"https:\/\/bvndgiadinh.org.vn\/index.php?rest_route=\/wp\/v2\/pages\/80","targetHints":{"allow":["GET"]}}],"collection":[{"href":"https:\/\/bvndgiadinh.org.vn\/index.php?rest_route=\/wp\/v2\/pages"}],"about":[{"href":"https:\/\/bvndgiadinh.org.vn\/index.php?rest_route=\/wp\/v2\/types\/page"}],"author":[{"embeddable":true,"href":"https:\/\/bvndgiadinh.org.vn\/index.php?rest_route=\/wp\/v2\/users\/1"}],"replies":[{"embeddable":true,"href":"https:\/\/bvndgiadinh.org.vn\/index.php?rest_route=%2Fwp%2Fv2%2Fcomments&post=80"}],"version-history":[{"count":0,"href":"https:\/\/bvndgiadinh.org.vn\/index.php?rest_route=\/wp\/v2\/pages\/80\/revisions"}],"wp:attachment":[{"href":"https:\/\/bvndgiadinh.org.vn\/index.php?rest_route=%2Fwp%2Fv2%2Fmedia&parent=80"}],"curies":[{"name":"wp","href":"https:\/\/api.w.org\/{rel}","templated":true}]}}